{"id":2135173,"date":"2025-06-28T02:07:07","date_gmt":"2025-06-28T00:07:07","guid":{"rendered":"https:\/\/streetmarkets.fr\/app\/produit\/nouveau-re-done-gilet-ribbed-polo-black-combo-precommande\/"},"modified":"2025-12-03T01:07:33","modified_gmt":"2025-12-03T00:07:33","slug":"nouveau-re-done-gilet-ribbed-polo-black-combo-precommande","status":"publish","type":"product","link":"https:\/\/streetmarkets.fr\/app\/produit\/nouveau-re-done-gilet-ribbed-polo-black-combo-precommande\/","title":{"rendered":"Nouveau ! RE\/DONE Gilet Ribbed Polo Black Combo PR\u00c9COMMANDE !"},"content":{"rendered":"<p data-rte-preserve-empty=\"true\">PR\u00c9COMMANDE ! Livraison fin septembre. <\/p>\n<p data-rte-preserve-empty=\"true\">Gilet en laine boutonn\u00e9, coupe ajust\u00e9e, manches longues, encolure arrondie et petit col. <\/p>\n<p data-rte-preserve-empty=\"true\">D\u00e9tail : 100% laine<\/p>\n","protected":false},"excerpt":{"rendered":"<p>PR\u00c9COMMANDE ! Livraison fin septembre. Gilet en laine boutonn\u00e9, coupe ajust\u00e9e, manches longues, encolure arrondie et petit col. D\u00e9tail : 100% laine<\/p>\n","protected":false},"featured_media":2135174,"comment_status":"open","ping_status":"closed","template":"","meta":[],"product_brand":[],"product_cat":[1756,1762],"product_tag":[2244],"acf":[],"_links":{"self":[{"href":"https:\/\/streetmarkets.fr\/app\/wp-json\/wp\/v2\/product\/2135173"}],"collection":[{"href":"https:\/\/streetmarkets.fr\/app\/wp-json\/wp\/v2\/product"}],"about":[{"href":"https:\/\/streetmarkets.fr\/app\/wp-json\/wp\/v2\/types\/product"}],"replies":[{"embeddable":true,"href":"https:\/\/streetmarkets.fr\/app\/wp-json\/wp\/v2\/comments?post=2135173"}],"wp:featuredmedia":[{"embeddable":true,"href":"https:\/\/streetmarkets.fr\/app\/wp-json\/wp\/v2\/media\/2135174"}],"wp:attachment":[{"href":"https:\/\/streetmarkets.fr\/app\/wp-json\/wp\/v2\/media?parent=2135173"}],"wp:term":[{"taxonomy":"product_brand","embeddable":true,"href":"https:\/\/streetmarkets.fr\/app\/wp-json\/wp\/v2\/product_brand?post=2135173"},{"taxonomy":"product_cat","embeddable":true,"href":"https:\/\/streetmarkets.fr\/app\/wp-json\/wp\/v2\/product_cat?post=2135173"},{"taxonomy":"product_tag","embeddable":true,"href":"https:\/\/streetmarkets.fr\/app\/wp-json\/wp\/v2\/product_tag?post=2135173"}],"curies":[{"name":"wp","href":"https:\/\/api.w.org\/{rel}","templated":true}]}}