{"id":2135160,"date":"2025-06-28T02:07:04","date_gmt":"2025-06-28T00:07:04","guid":{"rendered":"https:\/\/streetmarkets.fr\/app\/produit\/nouveau-re-done-jean-the-ollie-jean-fadded-out-precommande\/"},"modified":"2026-04-22T02:04:03","modified_gmt":"2026-04-22T00:04:03","slug":"nouveau-re-done-jean-the-ollie-jean-fadded-out-precommande","status":"publish","type":"product","link":"https:\/\/streetmarkets.fr\/app\/produit\/nouveau-re-done-jean-the-ollie-jean-fadded-out-precommande\/","title":{"rendered":"RE\/DONE Jean The Ollie Jean Fadded Out -40%"},"content":{"rendered":"<p data-rte-preserve-empty=\"true\">Jean culte de RE\/DONE inspiration du jean embl\u00e9matique des ann\u00e9es 90, taille semi haute, coupe comfy, tr\u00e8s l\u00e9ger retour dans le bas, dans un wash sombre et d\u00e9lav\u00e9 juste ce qu\u2019il faut. <\/p>\n<p data-rte-preserve-empty=\"true\">D\u00e9tail : 77% coton, 23% lyocel<\/p>\n","protected":false},"excerpt":{"rendered":"<p>Jean culte de RE\/DONE inspiration du jean embl\u00e9matique des ann\u00e9es 90, taille semi haute, coupe comfy, tr\u00e8s l\u00e9ger retour dans le bas, dans un wash sombre et d\u00e9lav\u00e9 juste ce qu\u2019il faut. D\u00e9tail : 77% coton, 23% lyocel<\/p>\n","protected":false},"featured_media":2135161,"comment_status":"open","ping_status":"closed","template":"","meta":[],"product_brand":[],"product_cat":[1756,1762],"product_tag":[2244],"acf":[],"_links":{"self":[{"href":"https:\/\/streetmarkets.fr\/app\/wp-json\/wp\/v2\/product\/2135160"}],"collection":[{"href":"https:\/\/streetmarkets.fr\/app\/wp-json\/wp\/v2\/product"}],"about":[{"href":"https:\/\/streetmarkets.fr\/app\/wp-json\/wp\/v2\/types\/product"}],"replies":[{"embeddable":true,"href":"https:\/\/streetmarkets.fr\/app\/wp-json\/wp\/v2\/comments?post=2135160"}],"wp:featuredmedia":[{"embeddable":true,"href":"https:\/\/streetmarkets.fr\/app\/wp-json\/wp\/v2\/media\/2135161"}],"wp:attachment":[{"href":"https:\/\/streetmarkets.fr\/app\/wp-json\/wp\/v2\/media?parent=2135160"}],"wp:term":[{"taxonomy":"product_brand","embeddable":true,"href":"https:\/\/streetmarkets.fr\/app\/wp-json\/wp\/v2\/product_brand?post=2135160"},{"taxonomy":"product_cat","embeddable":true,"href":"https:\/\/streetmarkets.fr\/app\/wp-json\/wp\/v2\/product_cat?post=2135160"},{"taxonomy":"product_tag","embeddable":true,"href":"https:\/\/streetmarkets.fr\/app\/wp-json\/wp\/v2\/product_tag?post=2135160"}],"curies":[{"name":"wp","href":"https:\/\/api.w.org\/{rel}","templated":true}]}}