{"id":2135125,"date":"2025-06-28T02:06:40","date_gmt":"2025-06-28T00:06:40","guid":{"rendered":"https:\/\/streetmarkets.fr\/app\/produit\/nouveau-re-done-jean-90s-high-rise-loose-rosita-released\/"},"modified":"2025-12-06T01:06:20","modified_gmt":"2025-12-06T00:06:20","slug":"nouveau-re-done-jean-90s-high-rise-loose-rosita-released","status":"publish","type":"product","link":"https:\/\/streetmarkets.fr\/app\/produit\/nouveau-re-done-jean-90s-high-rise-loose-rosita-released\/","title":{"rendered":"Nouveau ! RE\/DONE Jean 90s High Rise Loose Rosita Released"},"content":{"rendered":"<p data-rte-preserve-empty=\"true\">Le jean culte taille haute des ann\u00e9es 90, dans un wash Rose d\u00e9lav\u00e9 effet aquarelle sur une toile 100% coton, taille haute, jambe longue et coupe ample. Hyper confort.  <\/p>\n<p data-rte-preserve-empty=\"true\">Les teintures peuvent varier d\u2019un jean \u00e0 l\u2019autre, les teintes peuvent \u00eatre plus ou moins soutenues selon la pi\u00e8ce, ce qui rend ce mod\u00e8le unique et pr\u00e9cieux. <\/p>\n<p data-rte-preserve-empty=\"true\">D\u00e9tail : 100% coton <\/p>\n","protected":false},"excerpt":{"rendered":"<p>Le jean culte taille haute des ann\u00e9es 90, dans un wash Rose d\u00e9lav\u00e9 effet aquarelle sur une toile 100% coton, taille haute, jambe longue et coupe ample. Hyper confort. Les teintures peuvent varier d\u2019un jean \u00e0 l\u2019autre, les teintes peuvent \u00eatre plus ou moins soutenues selon la pi\u00e8ce, ce qui rend ce mod\u00e8le unique et [&hellip;]<\/p>\n","protected":false},"featured_media":2135126,"comment_status":"open","ping_status":"closed","template":"","meta":[],"product_brand":[],"product_cat":[1756,1762],"product_tag":[2244],"acf":[],"_links":{"self":[{"href":"https:\/\/streetmarkets.fr\/app\/wp-json\/wp\/v2\/product\/2135125"}],"collection":[{"href":"https:\/\/streetmarkets.fr\/app\/wp-json\/wp\/v2\/product"}],"about":[{"href":"https:\/\/streetmarkets.fr\/app\/wp-json\/wp\/v2\/types\/product"}],"replies":[{"embeddable":true,"href":"https:\/\/streetmarkets.fr\/app\/wp-json\/wp\/v2\/comments?post=2135125"}],"wp:featuredmedia":[{"embeddable":true,"href":"https:\/\/streetmarkets.fr\/app\/wp-json\/wp\/v2\/media\/2135126"}],"wp:attachment":[{"href":"https:\/\/streetmarkets.fr\/app\/wp-json\/wp\/v2\/media?parent=2135125"}],"wp:term":[{"taxonomy":"product_brand","embeddable":true,"href":"https:\/\/streetmarkets.fr\/app\/wp-json\/wp\/v2\/product_brand?post=2135125"},{"taxonomy":"product_cat","embeddable":true,"href":"https:\/\/streetmarkets.fr\/app\/wp-json\/wp\/v2\/product_cat?post=2135125"},{"taxonomy":"product_tag","embeddable":true,"href":"https:\/\/streetmarkets.fr\/app\/wp-json\/wp\/v2\/product_tag?post=2135125"}],"curies":[{"name":"wp","href":"https:\/\/api.w.org\/{rel}","templated":true}]}}