{"id":2135105,"date":"2025-06-28T02:06:38","date_gmt":"2025-06-28T00:06:38","guid":{"rendered":"https:\/\/streetmarkets.fr\/app\/produit\/nouveau-re-done-sweat-shrunken-terry-hoodie-brunette-precommande\/"},"modified":"2025-12-03T01:05:19","modified_gmt":"2025-12-03T00:05:19","slug":"nouveau-re-done-sweat-shrunken-terry-hoodie-brunette-precommande","status":"publish","type":"product","link":"https:\/\/streetmarkets.fr\/app\/produit\/nouveau-re-done-sweat-shrunken-terry-hoodie-brunette-precommande\/","title":{"rendered":"Nouveau ! RE\/DONE Sweat Shrunken Terry Hoodie Brunette"},"content":{"rendered":"<p data-rte-preserve-empty=\"true\">Inspir\u00e9 des sweat des ann\u00e9es 70 \u00e0 2000, le sweat Terry, \u00e0 capuche et zipp\u00e9, en coton \u00e9ponge souple et doux, emmanchure large, manches longues et poignets resserr\u00e9s, coupe ample. Tout doux et cocooning. <\/p>\n<p data-rte-preserve-empty=\"true\">D\u00e9tail : 100% coton<\/p>\n","protected":false},"excerpt":{"rendered":"<p>Inspir\u00e9 des sweat des ann\u00e9es 70 \u00e0 2000, le sweat Terry, \u00e0 capuche et zipp\u00e9, en coton \u00e9ponge souple et doux, emmanchure large, manches longues et poignets resserr\u00e9s, coupe ample. Tout doux et cocooning. D\u00e9tail : 100% coton<\/p>\n","protected":false},"featured_media":2135106,"comment_status":"open","ping_status":"closed","template":"","meta":[],"product_brand":[],"product_cat":[1756,1762],"product_tag":[2244],"acf":[],"_links":{"self":[{"href":"https:\/\/streetmarkets.fr\/app\/wp-json\/wp\/v2\/product\/2135105"}],"collection":[{"href":"https:\/\/streetmarkets.fr\/app\/wp-json\/wp\/v2\/product"}],"about":[{"href":"https:\/\/streetmarkets.fr\/app\/wp-json\/wp\/v2\/types\/product"}],"replies":[{"embeddable":true,"href":"https:\/\/streetmarkets.fr\/app\/wp-json\/wp\/v2\/comments?post=2135105"}],"wp:featuredmedia":[{"embeddable":true,"href":"https:\/\/streetmarkets.fr\/app\/wp-json\/wp\/v2\/media\/2135106"}],"wp:attachment":[{"href":"https:\/\/streetmarkets.fr\/app\/wp-json\/wp\/v2\/media?parent=2135105"}],"wp:term":[{"taxonomy":"product_brand","embeddable":true,"href":"https:\/\/streetmarkets.fr\/app\/wp-json\/wp\/v2\/product_brand?post=2135105"},{"taxonomy":"product_cat","embeddable":true,"href":"https:\/\/streetmarkets.fr\/app\/wp-json\/wp\/v2\/product_cat?post=2135105"},{"taxonomy":"product_tag","embeddable":true,"href":"https:\/\/streetmarkets.fr\/app\/wp-json\/wp\/v2\/product_tag?post=2135105"}],"curies":[{"name":"wp","href":"https:\/\/api.w.org\/{rel}","templated":true}]}}