{"id":2134333,"date":"2025-06-27T08:41:59","date_gmt":"2025-06-27T06:41:59","guid":{"rendered":"https:\/\/streetmarkets.fr\/app\/produit\/sac-roxane-naturel-bleu-roi-a-point-etc\/"},"modified":"2026-05-05T08:38:32","modified_gmt":"2026-05-05T06:38:32","slug":"sac-roxane-naturel-bleu-roi-a-point-etc","status":"publish","type":"product","link":"https:\/\/streetmarkets.fr\/app\/produit\/sac-roxane-naturel-bleu-roi-a-point-etc\/","title":{"rendered":"Sac Roxane Naturel &amp; Bleu roi &#8211; A Point ETC"},"content":{"rendered":"<p data-mce-fragment=\"1\">Grand sac alliant raphia et cuir. Il se porte\u00a0\u00e0 l&#8217;\u00e9paule<br \/>Il est id\u00e9al pour le printemps\/\u00e9t\u00e9.\u00a0<\/p>\n<p data-mce-fragment=\"1\">Grandes anses<\/p>\n<p data-mce-fragment=\"1\"><\/p>\n","protected":false},"excerpt":{"rendered":"<p>Grand sac alliant raphia et cuir. Il se porte\u00a0\u00e0 l&#8217;\u00e9pauleIl est id\u00e9al pour le printemps\/\u00e9t\u00e9.\u00a0 Grandes anses<\/p>\n","protected":false},"featured_media":2134334,"comment_status":"open","ping_status":"closed","template":"","meta":[],"product_brand":[],"product_cat":[1756,1764],"product_tag":[2244],"acf":[],"_links":{"self":[{"href":"https:\/\/streetmarkets.fr\/app\/wp-json\/wp\/v2\/product\/2134333"}],"collection":[{"href":"https:\/\/streetmarkets.fr\/app\/wp-json\/wp\/v2\/product"}],"about":[{"href":"https:\/\/streetmarkets.fr\/app\/wp-json\/wp\/v2\/types\/product"}],"replies":[{"embeddable":true,"href":"https:\/\/streetmarkets.fr\/app\/wp-json\/wp\/v2\/comments?post=2134333"}],"wp:featuredmedia":[{"embeddable":true,"href":"https:\/\/streetmarkets.fr\/app\/wp-json\/wp\/v2\/media\/2134334"}],"wp:attachment":[{"href":"https:\/\/streetmarkets.fr\/app\/wp-json\/wp\/v2\/media?parent=2134333"}],"wp:term":[{"taxonomy":"product_brand","embeddable":true,"href":"https:\/\/streetmarkets.fr\/app\/wp-json\/wp\/v2\/product_brand?post=2134333"},{"taxonomy":"product_cat","embeddable":true,"href":"https:\/\/streetmarkets.fr\/app\/wp-json\/wp\/v2\/product_cat?post=2134333"},{"taxonomy":"product_tag","embeddable":true,"href":"https:\/\/streetmarkets.fr\/app\/wp-json\/wp\/v2\/product_tag?post=2134333"}],"curies":[{"name":"wp","href":"https:\/\/api.w.org\/{rel}","templated":true}]}}