{"id":2134328,"date":"2025-06-27T08:41:47","date_gmt":"2025-06-27T06:41:47","guid":{"rendered":"https:\/\/streetmarkets.fr\/app\/produit\/sandales-n888-cuir-cognac-rivecour\/"},"modified":"2026-04-12T08:38:58","modified_gmt":"2026-04-12T06:38:58","slug":"sandales-n888-cuir-cognac-rivecour","status":"publish","type":"product","link":"https:\/\/streetmarkets.fr\/app\/produit\/sandales-n888-cuir-cognac-rivecour\/","title":{"rendered":"Sandales n\u00b0888 Cuir Cognac &#8211; Rivecour"},"content":{"rendered":"<p>La sandale n\u00b0902 avec sa bride ajustable ajoutera un c\u00f4t\u00e9 rock \u00e0 vos tenues avec son cuir imprim\u00e9 l\u00e9opard.<\/p>\n<p>Mont\u00e9e sur un petit talon de 45 mm de hauteur, elle dispose de trois fines brides ainsi qu&#8217;une bride \u00e0 l&#8217;arri\u00e8re du talon qui habilleront votre pied avec \u00e9l\u00e9gance.<\/p>\n<p>Conseil taille : Prenez votre pointure habituelle.<\/p>\n","protected":false},"excerpt":{"rendered":"<p>La sandale n\u00b0902 avec sa bride ajustable ajoutera un c\u00f4t\u00e9 rock \u00e0 vos tenues avec son cuir imprim\u00e9 l\u00e9opard. Mont\u00e9e sur un petit talon de 45 mm de hauteur, elle dispose de trois fines brides ainsi qu&#8217;une bride \u00e0 l&#8217;arri\u00e8re du talon qui habilleront votre pied avec \u00e9l\u00e9gance. Conseil taille : Prenez votre pointure habituelle.<\/p>\n","protected":false},"featured_media":2134329,"comment_status":"open","ping_status":"closed","template":"","meta":[],"product_brand":[],"product_cat":[1756,1763],"product_tag":[2244],"acf":[],"_links":{"self":[{"href":"https:\/\/streetmarkets.fr\/app\/wp-json\/wp\/v2\/product\/2134328"}],"collection":[{"href":"https:\/\/streetmarkets.fr\/app\/wp-json\/wp\/v2\/product"}],"about":[{"href":"https:\/\/streetmarkets.fr\/app\/wp-json\/wp\/v2\/types\/product"}],"replies":[{"embeddable":true,"href":"https:\/\/streetmarkets.fr\/app\/wp-json\/wp\/v2\/comments?post=2134328"}],"wp:featuredmedia":[{"embeddable":true,"href":"https:\/\/streetmarkets.fr\/app\/wp-json\/wp\/v2\/media\/2134329"}],"wp:attachment":[{"href":"https:\/\/streetmarkets.fr\/app\/wp-json\/wp\/v2\/media?parent=2134328"}],"wp:term":[{"taxonomy":"product_brand","embeddable":true,"href":"https:\/\/streetmarkets.fr\/app\/wp-json\/wp\/v2\/product_brand?post=2134328"},{"taxonomy":"product_cat","embeddable":true,"href":"https:\/\/streetmarkets.fr\/app\/wp-json\/wp\/v2\/product_cat?post=2134328"},{"taxonomy":"product_tag","embeddable":true,"href":"https:\/\/streetmarkets.fr\/app\/wp-json\/wp\/v2\/product_tag?post=2134328"}],"curies":[{"name":"wp","href":"https:\/\/api.w.org\/{rel}","templated":true}]}}