{"id":2127125,"date":"2025-06-27T00:59:54","date_gmt":"2025-06-26T22:59:54","guid":{"rendered":"https:\/\/streetmarkets.fr\/app\/produit\/boucles-doreilles-plexi-fluo\/"},"modified":"2026-05-08T01:00:26","modified_gmt":"2026-05-07T23:00:26","slug":"boucles-doreilles-plexi-fluo","status":"publish","type":"product","link":"https:\/\/streetmarkets.fr\/app\/produit\/boucles-doreilles-plexi-fluo\/","title":{"rendered":"Boucles d&#8217;oreilles Plexi Fluo"},"content":{"rendered":"<p>Boucles d\u2019oreilles Plexi Fluo : Vague de peps !\u00a0<br \/>On booste nos looks avec ces boucles d\u2019oreilles en Plexi fluo \u00e0 la forme ovale ondul\u00e9e ultra graphique. Leur taille affirm\u00e9e (5,5 x 5 cm) attrape la lumi\u00e8re comme pas deux, et leur effet pop ajoute une bonne dose d\u2019\u00e9nergie \u00e0 n\u2019importe quelle tenue. Parfaites pour les oreilles perc\u00e9es qui n\u2019ont pas peur de se faire remarquer.<\/p>\n<p>Deux versions qui claquent : jaune fluo solaire ou un mix\u00a0entre violet, parme et rose fluo.<\/p>\n<p>Pourquoi on les veut ? Parce qu\u2019un bijou qui r\u00e9veille instantan\u00e9ment un look, on dit oui sans h\u00e9siter !<\/p>\n","protected":false},"excerpt":{"rendered":"<p>Boucles d\u2019oreilles Plexi Fluo : Vague de peps !\u00a0On booste nos looks avec ces boucles d\u2019oreilles en Plexi fluo \u00e0 la forme ovale ondul\u00e9e ultra graphique. Leur taille affirm\u00e9e (5,5 x 5 cm) attrape la lumi\u00e8re comme pas deux, et leur effet pop ajoute une bonne dose d\u2019\u00e9nergie \u00e0 n\u2019importe quelle tenue. Parfaites pour les [&hellip;]<\/p>\n","protected":false},"featured_media":2127126,"comment_status":"open","ping_status":"closed","template":"","meta":[],"product_brand":[],"product_cat":[1807,1756],"product_tag":[1811],"acf":[],"_links":{"self":[{"href":"https:\/\/streetmarkets.fr\/app\/wp-json\/wp\/v2\/product\/2127125"}],"collection":[{"href":"https:\/\/streetmarkets.fr\/app\/wp-json\/wp\/v2\/product"}],"about":[{"href":"https:\/\/streetmarkets.fr\/app\/wp-json\/wp\/v2\/types\/product"}],"replies":[{"embeddable":true,"href":"https:\/\/streetmarkets.fr\/app\/wp-json\/wp\/v2\/comments?post=2127125"}],"wp:featuredmedia":[{"embeddable":true,"href":"https:\/\/streetmarkets.fr\/app\/wp-json\/wp\/v2\/media\/2127126"}],"wp:attachment":[{"href":"https:\/\/streetmarkets.fr\/app\/wp-json\/wp\/v2\/media?parent=2127125"}],"wp:term":[{"taxonomy":"product_brand","embeddable":true,"href":"https:\/\/streetmarkets.fr\/app\/wp-json\/wp\/v2\/product_brand?post=2127125"},{"taxonomy":"product_cat","embeddable":true,"href":"https:\/\/streetmarkets.fr\/app\/wp-json\/wp\/v2\/product_cat?post=2127125"},{"taxonomy":"product_tag","embeddable":true,"href":"https:\/\/streetmarkets.fr\/app\/wp-json\/wp\/v2\/product_tag?post=2127125"}],"curies":[{"name":"wp","href":"https:\/\/api.w.org\/{rel}","templated":true}]}}