{"id":2127103,"date":"2025-06-27T00:59:24","date_gmt":"2025-06-26T22:59:24","guid":{"rendered":"https:\/\/streetmarkets.fr\/app\/produit\/collier-kasai\/"},"modified":"2026-05-08T00:58:37","modified_gmt":"2026-05-07T22:58:37","slug":"collier-kasai","status":"publish","type":"product","link":"https:\/\/streetmarkets.fr\/app\/produit\/collier-kasai\/","title":{"rendered":"Collier Kasa\u00ef"},"content":{"rendered":"<p>Collier Kasa\u00ef : L\u2019\u00e9clat pr\u00e9cieux d\u2019un cercle martel\u00e9.\u00a0<br \/>Un petit bijou \u00e0 la fois minimaliste et solaire. Le pendentif martel\u00e9 en cercle dor\u00e9 accueille en son c\u0153ur une agate verte, encadr\u00e9e de deux perles dor\u00e9es. Un \u00e9quilibre parfait entre mati\u00e8re brute et \u00e9clat raffin\u00e9, qui capte la lumi\u00e8re avec justesse.<\/p>\n<p>Fabriqu\u00e9 \u00e0 la main dans l\u2019atelier parisien de la cr\u00e9atrice, ce collier s\u2019accorde aussi bien avec un tee-shirt blanc qu\u2019un d\u00e9collet\u00e9 habill\u00e9. Une pi\u00e8ce discr\u00e8te, mais pleine de caract\u00e8re.<\/p>\n<p>Pourquoi on l\u2019aime ?<br data-start=\"905\" data-end=\"908\">Parce qu\u2019il a tout d\u2019un talisman moderne, fin, lumineux et plein de sens !<\/p>\n","protected":false},"excerpt":{"rendered":"<p>Collier Kasa\u00ef : L\u2019\u00e9clat pr\u00e9cieux d\u2019un cercle martel\u00e9.\u00a0Un petit bijou \u00e0 la fois minimaliste et solaire. Le pendentif martel\u00e9 en cercle dor\u00e9 accueille en son c\u0153ur une agate verte, encadr\u00e9e de deux perles dor\u00e9es. Un \u00e9quilibre parfait entre mati\u00e8re brute et \u00e9clat raffin\u00e9, qui capte la lumi\u00e8re avec justesse. Fabriqu\u00e9 \u00e0 la main dans l\u2019atelier [&hellip;]<\/p>\n","protected":false},"featured_media":2127104,"comment_status":"open","ping_status":"closed","template":"","meta":[],"product_brand":[],"product_cat":[1807,1756],"product_tag":[1813],"acf":[],"_links":{"self":[{"href":"https:\/\/streetmarkets.fr\/app\/wp-json\/wp\/v2\/product\/2127103"}],"collection":[{"href":"https:\/\/streetmarkets.fr\/app\/wp-json\/wp\/v2\/product"}],"about":[{"href":"https:\/\/streetmarkets.fr\/app\/wp-json\/wp\/v2\/types\/product"}],"replies":[{"embeddable":true,"href":"https:\/\/streetmarkets.fr\/app\/wp-json\/wp\/v2\/comments?post=2127103"}],"wp:featuredmedia":[{"embeddable":true,"href":"https:\/\/streetmarkets.fr\/app\/wp-json\/wp\/v2\/media\/2127104"}],"wp:attachment":[{"href":"https:\/\/streetmarkets.fr\/app\/wp-json\/wp\/v2\/media?parent=2127103"}],"wp:term":[{"taxonomy":"product_brand","embeddable":true,"href":"https:\/\/streetmarkets.fr\/app\/wp-json\/wp\/v2\/product_brand?post=2127103"},{"taxonomy":"product_cat","embeddable":true,"href":"https:\/\/streetmarkets.fr\/app\/wp-json\/wp\/v2\/product_cat?post=2127103"},{"taxonomy":"product_tag","embeddable":true,"href":"https:\/\/streetmarkets.fr\/app\/wp-json\/wp\/v2\/product_tag?post=2127103"}],"curies":[{"name":"wp","href":"https:\/\/api.w.org\/{rel}","templated":true}]}}