{"id":2121702,"date":"2025-06-26T01:27:22","date_gmt":"2025-06-25T23:27:22","guid":{"rendered":"https:\/\/streetmarkets.fr\/app\/produit\/caprice-paris-boucles-doreilles-marguerite\/"},"modified":"2025-12-14T00:28:58","modified_gmt":"2025-12-13T23:28:58","slug":"caprice-paris-boucles-doreilles-marguerite","status":"publish","type":"product","link":"https:\/\/streetmarkets.fr\/app\/produit\/caprice-paris-boucles-doreilles-marguerite\/","title":{"rendered":"Caprice Paris &#8211; Boucles d&#8217;oreilles Marguerite"},"content":{"rendered":"<h4>Des boucles d\u2019oreilles cr\u00e9ateur \u00e0 pendant triple en forme de marguerite dor\u00e9e, chics et styl\u00e9es pour vos soir\u00e9es habill\u00e9es<\/h4>\n<p>\u2022 Acier inoxydable dor\u00e9 \u00e0 l\u2019or fin<br \/>\n\u2022 R\u00e9sistent \u00e0 l\u2019eau<br \/>\n\u2022 Ne changent pas de couleur, ne d\u00e9teignent pas sur la peau<br \/>\n\u2022 Hypoallerg\u00e9niques<br \/>\n\u2022 Longueur: 60mm, largeur: 25mm<br \/>\n\u2022 Finition: or brillant<\/p>\n","protected":false},"excerpt":{"rendered":"<p>Des boucles d\u2019oreilles cr\u00e9ateur \u00e0 pendant triple en forme de marguerite dor\u00e9e, chics et styl\u00e9es pour vos soir\u00e9es habill\u00e9es \u2022 Acier inoxydable dor\u00e9 \u00e0 l\u2019or fin \u2022 R\u00e9sistent \u00e0 l\u2019eau \u2022 Ne changent pas de couleur, ne d\u00e9teignent pas sur la peau \u2022 Hypoallerg\u00e9niques \u2022 Longueur: 60mm, largeur: 25mm \u2022 Finition: or brillant<\/p>\n","protected":false},"featured_media":2121703,"comment_status":"open","ping_status":"closed","template":"","meta":[],"product_brand":[],"product_cat":[1807,1756],"product_tag":[1810],"acf":[],"_links":{"self":[{"href":"https:\/\/streetmarkets.fr\/app\/wp-json\/wp\/v2\/product\/2121702"}],"collection":[{"href":"https:\/\/streetmarkets.fr\/app\/wp-json\/wp\/v2\/product"}],"about":[{"href":"https:\/\/streetmarkets.fr\/app\/wp-json\/wp\/v2\/types\/product"}],"replies":[{"embeddable":true,"href":"https:\/\/streetmarkets.fr\/app\/wp-json\/wp\/v2\/comments?post=2121702"}],"wp:featuredmedia":[{"embeddable":true,"href":"https:\/\/streetmarkets.fr\/app\/wp-json\/wp\/v2\/media\/2121703"}],"wp:attachment":[{"href":"https:\/\/streetmarkets.fr\/app\/wp-json\/wp\/v2\/media?parent=2121702"}],"wp:term":[{"taxonomy":"product_brand","embeddable":true,"href":"https:\/\/streetmarkets.fr\/app\/wp-json\/wp\/v2\/product_brand?post=2121702"},{"taxonomy":"product_cat","embeddable":true,"href":"https:\/\/streetmarkets.fr\/app\/wp-json\/wp\/v2\/product_cat?post=2121702"},{"taxonomy":"product_tag","embeddable":true,"href":"https:\/\/streetmarkets.fr\/app\/wp-json\/wp\/v2\/product_tag?post=2121702"}],"curies":[{"name":"wp","href":"https:\/\/api.w.org\/{rel}","templated":true}]}}