{"id":2121693,"date":"2025-06-26T01:27:20","date_gmt":"2025-06-25T23:27:20","guid":{"rendered":"https:\/\/streetmarkets.fr\/app\/produit\/trs-chaussettes-lurex-vert\/"},"modified":"2025-12-14T00:28:58","modified_gmt":"2025-12-13T23:28:58","slug":"trs-chaussettes-lurex-vert","status":"publish","type":"product","link":"https:\/\/streetmarkets.fr\/app\/produit\/trs-chaussettes-lurex-vert\/","title":{"rendered":"TRS &#8211; Chaussettes Lurex Vert"},"content":{"rendered":"<p>Chaussettes brillantes de style cor\u00e9en pour femmes, chaussettes en soie argent\u00e9e dor\u00e9e, design de luxe, haute qualit\u00e9, mode sexy.<\/p>\n","protected":false},"excerpt":{"rendered":"<p>Chaussettes brillantes de style cor\u00e9en pour femmes, chaussettes en soie argent\u00e9e dor\u00e9e, design de luxe, haute qualit\u00e9, mode sexy.<\/p>\n","protected":false},"featured_media":2121694,"comment_status":"open","ping_status":"closed","template":"","meta":[],"product_brand":[],"product_cat":[1756,1764],"product_tag":[1810],"acf":[],"_links":{"self":[{"href":"https:\/\/streetmarkets.fr\/app\/wp-json\/wp\/v2\/product\/2121693"}],"collection":[{"href":"https:\/\/streetmarkets.fr\/app\/wp-json\/wp\/v2\/product"}],"about":[{"href":"https:\/\/streetmarkets.fr\/app\/wp-json\/wp\/v2\/types\/product"}],"replies":[{"embeddable":true,"href":"https:\/\/streetmarkets.fr\/app\/wp-json\/wp\/v2\/comments?post=2121693"}],"wp:featuredmedia":[{"embeddable":true,"href":"https:\/\/streetmarkets.fr\/app\/wp-json\/wp\/v2\/media\/2121694"}],"wp:attachment":[{"href":"https:\/\/streetmarkets.fr\/app\/wp-json\/wp\/v2\/media?parent=2121693"}],"wp:term":[{"taxonomy":"product_brand","embeddable":true,"href":"https:\/\/streetmarkets.fr\/app\/wp-json\/wp\/v2\/product_brand?post=2121693"},{"taxonomy":"product_cat","embeddable":true,"href":"https:\/\/streetmarkets.fr\/app\/wp-json\/wp\/v2\/product_cat?post=2121693"},{"taxonomy":"product_tag","embeddable":true,"href":"https:\/\/streetmarkets.fr\/app\/wp-json\/wp\/v2\/product_tag?post=2121693"}],"curies":[{"name":"wp","href":"https:\/\/api.w.org\/{rel}","templated":true}]}}