{"id":2121570,"date":"2025-06-26T01:26:50","date_gmt":"2025-06-25T23:26:50","guid":{"rendered":"https:\/\/streetmarkets.fr\/app\/produit\/trs-barrettes-a-cheveux-3-pcs-bleu\/"},"modified":"2025-12-14T00:28:34","modified_gmt":"2025-12-13T23:28:34","slug":"trs-barrettes-a-cheveux-3-pcs-bleu","status":"publish","type":"product","link":"https:\/\/streetmarkets.fr\/app\/produit\/trs-barrettes-a-cheveux-3-pcs-bleu\/","title":{"rendered":"TRS &#8211; Barrettes \u00e0 Cheveux 3 pcs Bleu"},"content":{"rendered":"<p>3 Pieces pinces \u00e0 cheveux femme<\/p>\n<p>Style Cor\u00e9en<\/p>\n<p>Barrettes \u00e0 cheveux<\/p>\n","protected":false},"excerpt":{"rendered":"<p>3 Pieces pinces \u00e0 cheveux femme Style Cor\u00e9en Barrettes \u00e0 cheveux<\/p>\n","protected":false},"featured_media":2121571,"comment_status":"open","ping_status":"closed","template":"","meta":[],"product_brand":[],"product_cat":[1756,1764],"product_tag":[1810],"acf":[],"_links":{"self":[{"href":"https:\/\/streetmarkets.fr\/app\/wp-json\/wp\/v2\/product\/2121570"}],"collection":[{"href":"https:\/\/streetmarkets.fr\/app\/wp-json\/wp\/v2\/product"}],"about":[{"href":"https:\/\/streetmarkets.fr\/app\/wp-json\/wp\/v2\/types\/product"}],"replies":[{"embeddable":true,"href":"https:\/\/streetmarkets.fr\/app\/wp-json\/wp\/v2\/comments?post=2121570"}],"wp:featuredmedia":[{"embeddable":true,"href":"https:\/\/streetmarkets.fr\/app\/wp-json\/wp\/v2\/media\/2121571"}],"wp:attachment":[{"href":"https:\/\/streetmarkets.fr\/app\/wp-json\/wp\/v2\/media?parent=2121570"}],"wp:term":[{"taxonomy":"product_brand","embeddable":true,"href":"https:\/\/streetmarkets.fr\/app\/wp-json\/wp\/v2\/product_brand?post=2121570"},{"taxonomy":"product_cat","embeddable":true,"href":"https:\/\/streetmarkets.fr\/app\/wp-json\/wp\/v2\/product_cat?post=2121570"},{"taxonomy":"product_tag","embeddable":true,"href":"https:\/\/streetmarkets.fr\/app\/wp-json\/wp\/v2\/product_tag?post=2121570"}],"curies":[{"name":"wp","href":"https:\/\/api.w.org\/{rel}","templated":true}]}}