{"id":2121458,"date":"2025-06-26T01:25:49","date_gmt":"2025-06-25T23:25:49","guid":{"rendered":"https:\/\/streetmarkets.fr\/app\/produit\/caprice-paris-createur-bague-bella\/"},"modified":"2025-12-14T00:28:14","modified_gmt":"2025-12-13T23:28:14","slug":"caprice-paris-createur-bague-bella","status":"publish","type":"product","link":"https:\/\/streetmarkets.fr\/app\/produit\/caprice-paris-createur-bague-bella\/","title":{"rendered":"Caprice Paris &#8211; Cr\u00e9ateur Bague Bella"},"content":{"rendered":"<p>La bague Bella est une bague \u00e0 triple rang mats et cisel\u00e9s qui illuminera d\u00e9licatement vos mains.<\/p>\n<p>\u2022 Acier inoxydable dor\u00e9 \u00e0 l\u2019or fin<br \/>\n\u2022 R\u00e9siste \u00e0 l\u2019eau<br \/>\n\u2022 Ne change pas de couleur, ne d\u00e9teint pas sur la peau<br \/>\n\u2022 Hypoallerg\u00e9nique<br \/>\n\u2022 Diam\u00e8tre : 20mm, largeur : 15mm<br \/>\n\u2022 Taille r\u00e9glable<br \/>\n\u2022 Finition : or mat<\/p>\n","protected":false},"excerpt":{"rendered":"<p>La bague Bella est une bague \u00e0 triple rang mats et cisel\u00e9s qui illuminera d\u00e9licatement vos mains. \u2022 Acier inoxydable dor\u00e9 \u00e0 l\u2019or fin \u2022 R\u00e9siste \u00e0 l\u2019eau \u2022 Ne change pas de couleur, ne d\u00e9teint pas sur la peau \u2022 Hypoallerg\u00e9nique \u2022 Diam\u00e8tre : 20mm, largeur : 15mm \u2022 Taille r\u00e9glable \u2022 Finition : [&hellip;]<\/p>\n","protected":false},"featured_media":2121459,"comment_status":"open","ping_status":"closed","template":"","meta":[],"product_brand":[],"product_cat":[1807,1756],"product_tag":[1810],"acf":[],"_links":{"self":[{"href":"https:\/\/streetmarkets.fr\/app\/wp-json\/wp\/v2\/product\/2121458"}],"collection":[{"href":"https:\/\/streetmarkets.fr\/app\/wp-json\/wp\/v2\/product"}],"about":[{"href":"https:\/\/streetmarkets.fr\/app\/wp-json\/wp\/v2\/types\/product"}],"replies":[{"embeddable":true,"href":"https:\/\/streetmarkets.fr\/app\/wp-json\/wp\/v2\/comments?post=2121458"}],"wp:featuredmedia":[{"embeddable":true,"href":"https:\/\/streetmarkets.fr\/app\/wp-json\/wp\/v2\/media\/2121459"}],"wp:attachment":[{"href":"https:\/\/streetmarkets.fr\/app\/wp-json\/wp\/v2\/media?parent=2121458"}],"wp:term":[{"taxonomy":"product_brand","embeddable":true,"href":"https:\/\/streetmarkets.fr\/app\/wp-json\/wp\/v2\/product_brand?post=2121458"},{"taxonomy":"product_cat","embeddable":true,"href":"https:\/\/streetmarkets.fr\/app\/wp-json\/wp\/v2\/product_cat?post=2121458"},{"taxonomy":"product_tag","embeddable":true,"href":"https:\/\/streetmarkets.fr\/app\/wp-json\/wp\/v2\/product_tag?post=2121458"}],"curies":[{"name":"wp","href":"https:\/\/api.w.org\/{rel}","templated":true}]}}