{"id":2121446,"date":"2025-06-26T01:25:48","date_gmt":"2025-06-25T23:25:48","guid":{"rendered":"https:\/\/streetmarkets.fr\/app\/produit\/caprice-paris-createur-bague-safiya-or\/"},"modified":"2025-12-14T00:28:14","modified_gmt":"2025-12-13T23:28:14","slug":"caprice-paris-createur-bague-safiya-or","status":"publish","type":"product","link":"https:\/\/streetmarkets.fr\/app\/produit\/caprice-paris-createur-bague-safiya-or\/","title":{"rendered":"Caprice Paris &#8211; Cr\u00e9ateur Bague Safiya Or"},"content":{"rendered":"<p>La bague Safiya marie le plein et le vide avec son anneau large \u00e0 double face dont l\u2019une est martel\u00e9e et l\u2019autre ouverte. Une bague au design cr\u00e9ateur affirm\u00e9 et \u00e9l\u00e9gant qui sublimera vos mains.<\/p>\n<p>\u2022 Acier inoxydable dor\u00e9 \u00e0 l\u2019or fin<br \/>\n\u2022 R\u00e9siste \u00e0 l\u2019eau<br \/>\n\u2022 Ne change pas de couleur, ne d\u00e9teint pas sur la peau<br \/>\n\u2022 Hypoallerg\u00e9nique<br \/>\n\u2022 Diam\u00e8tre : 18mm, largeur : 14mm<br \/>\n\u2022 Taille r\u00e9glable<br \/>\n\u2022 Unisexe<br \/>\n\u2022 Finition : or brillant (existe aussi en argent\u00e9)<\/p>\n","protected":false},"excerpt":{"rendered":"<p>La bague Safiya marie le plein et le vide avec son anneau large \u00e0 double face dont l\u2019une est martel\u00e9e et l\u2019autre ouverte. Une bague au design cr\u00e9ateur affirm\u00e9 et \u00e9l\u00e9gant qui sublimera vos mains. \u2022 Acier inoxydable dor\u00e9 \u00e0 l\u2019or fin \u2022 R\u00e9siste \u00e0 l\u2019eau \u2022 Ne change pas de couleur, ne d\u00e9teint pas [&hellip;]<\/p>\n","protected":false},"featured_media":2121447,"comment_status":"open","ping_status":"closed","template":"","meta":[],"product_brand":[],"product_cat":[1807,1756],"product_tag":[1810],"acf":[],"_links":{"self":[{"href":"https:\/\/streetmarkets.fr\/app\/wp-json\/wp\/v2\/product\/2121446"}],"collection":[{"href":"https:\/\/streetmarkets.fr\/app\/wp-json\/wp\/v2\/product"}],"about":[{"href":"https:\/\/streetmarkets.fr\/app\/wp-json\/wp\/v2\/types\/product"}],"replies":[{"embeddable":true,"href":"https:\/\/streetmarkets.fr\/app\/wp-json\/wp\/v2\/comments?post=2121446"}],"wp:featuredmedia":[{"embeddable":true,"href":"https:\/\/streetmarkets.fr\/app\/wp-json\/wp\/v2\/media\/2121447"}],"wp:attachment":[{"href":"https:\/\/streetmarkets.fr\/app\/wp-json\/wp\/v2\/media?parent=2121446"}],"wp:term":[{"taxonomy":"product_brand","embeddable":true,"href":"https:\/\/streetmarkets.fr\/app\/wp-json\/wp\/v2\/product_brand?post=2121446"},{"taxonomy":"product_cat","embeddable":true,"href":"https:\/\/streetmarkets.fr\/app\/wp-json\/wp\/v2\/product_cat?post=2121446"},{"taxonomy":"product_tag","embeddable":true,"href":"https:\/\/streetmarkets.fr\/app\/wp-json\/wp\/v2\/product_tag?post=2121446"}],"curies":[{"name":"wp","href":"https:\/\/api.w.org\/{rel}","templated":true}]}}