{"id":2121426,"date":"2025-06-26T01:25:27","date_gmt":"2025-06-25T23:25:27","guid":{"rendered":"https:\/\/streetmarkets.fr\/app\/produit\/caprice-paris-createur-bague-heka-or\/"},"modified":"2025-12-14T00:28:13","modified_gmt":"2025-12-13T23:28:13","slug":"caprice-paris-createur-bague-heka-or","status":"publish","type":"product","link":"https:\/\/streetmarkets.fr\/app\/produit\/caprice-paris-createur-bague-heka-or\/","title":{"rendered":"Caprice Paris &#8211; Cr\u00e9ateur Bague Heka Or"},"content":{"rendered":"<p>La bague H\u00e9ka est un anneau dor\u00e9 grav\u00e9 en forme de feuille de palme. Solaire et d\u00e9licate, elle vous rappellera l\u2019\u00e9t\u00e9 !<\/p>\n<p>\u2022 Acier inoxydable dor\u00e9 \u00e0 l\u2019or fin<br \/>\n\u2022 R\u00e9siste \u00e0 l\u2019eau<br \/>\n\u2022 Ne change pas de couleur, ne d\u00e9teint pas sur la peau<br \/>\n\u2022 Hypoallerg\u00e9nique<br \/>\n\u2022 Diam\u00e8tre : 19mm, largeur : 9mm<br \/>\n\u2022 Taille r\u00e9glable<br \/>\n\u2022 Unisexe<br \/>\n\u2022 Finition : or brillant (existe aussi en argent)<\/p>\n","protected":false},"excerpt":{"rendered":"<p>La bague H\u00e9ka est un anneau dor\u00e9 grav\u00e9 en forme de feuille de palme. Solaire et d\u00e9licate, elle vous rappellera l\u2019\u00e9t\u00e9 ! \u2022 Acier inoxydable dor\u00e9 \u00e0 l\u2019or fin \u2022 R\u00e9siste \u00e0 l\u2019eau \u2022 Ne change pas de couleur, ne d\u00e9teint pas sur la peau \u2022 Hypoallerg\u00e9nique \u2022 Diam\u00e8tre : 19mm, largeur : 9mm \u2022 [&hellip;]<\/p>\n","protected":false},"featured_media":2121427,"comment_status":"open","ping_status":"closed","template":"","meta":[],"product_brand":[],"product_cat":[1807,1756],"product_tag":[1810],"acf":[],"_links":{"self":[{"href":"https:\/\/streetmarkets.fr\/app\/wp-json\/wp\/v2\/product\/2121426"}],"collection":[{"href":"https:\/\/streetmarkets.fr\/app\/wp-json\/wp\/v2\/product"}],"about":[{"href":"https:\/\/streetmarkets.fr\/app\/wp-json\/wp\/v2\/types\/product"}],"replies":[{"embeddable":true,"href":"https:\/\/streetmarkets.fr\/app\/wp-json\/wp\/v2\/comments?post=2121426"}],"wp:featuredmedia":[{"embeddable":true,"href":"https:\/\/streetmarkets.fr\/app\/wp-json\/wp\/v2\/media\/2121427"}],"wp:attachment":[{"href":"https:\/\/streetmarkets.fr\/app\/wp-json\/wp\/v2\/media?parent=2121426"}],"wp:term":[{"taxonomy":"product_brand","embeddable":true,"href":"https:\/\/streetmarkets.fr\/app\/wp-json\/wp\/v2\/product_brand?post=2121426"},{"taxonomy":"product_cat","embeddable":true,"href":"https:\/\/streetmarkets.fr\/app\/wp-json\/wp\/v2\/product_cat?post=2121426"},{"taxonomy":"product_tag","embeddable":true,"href":"https:\/\/streetmarkets.fr\/app\/wp-json\/wp\/v2\/product_tag?post=2121426"}],"curies":[{"name":"wp","href":"https:\/\/api.w.org\/{rel}","templated":true}]}}