{"id":2121414,"date":"2025-06-26T01:25:25","date_gmt":"2025-06-25T23:25:25","guid":{"rendered":"https:\/\/streetmarkets.fr\/app\/produit\/caprice-paris-collier-rita-or\/"},"modified":"2025-12-14T00:28:12","modified_gmt":"2025-12-13T23:28:12","slug":"caprice-paris-collier-rita-or","status":"publish","type":"product","link":"https:\/\/streetmarkets.fr\/app\/produit\/caprice-paris-collier-rita-or\/","title":{"rendered":"Caprice Paris &#8211; Collier Rita Or"},"content":{"rendered":"<p>Un collier cha\u00eene extralarge \u00e0 la maille dor\u00e9e, massive et cisel\u00e9e, fa\u00e7on bijou vintage.<\/p>\n<p>\u2022 Acier inoxydable dor\u00e9 \u00e0 l\u2019or fin<br \/>\n\u2022 R\u00e9siste \u00e0 l\u2019eau<br \/>\n\u2022 Ne change pas de couleur, ne d\u00e9teint pas sur la peu<br \/>\n\u2022 Hypoallerg\u00e9nique<br \/>\n\u2022 Maille for\u00e7at massive<br \/>\n\u2022 Longueur max: 46cm, mini: 42cm<br \/>\n\u2022 Largeur maille: 12mm<br \/>\n\u2022 Finition : or mat<\/p>\n<p>R\u00e9siste non seulement aux intemp\u00e9ries, mais \u00e9galement \u00e0 l&#8217;eau sal\u00e9e et il ne rouille pas. Peut ce garder lorsque l&#8217;on fait du sport, en vacances \u00e0 la mer ou \u00e0 la piscine, que l&#8217;on transpire ou pour prendre une douche.<\/p>\n","protected":false},"excerpt":{"rendered":"<p>Un collier cha\u00eene extralarge \u00e0 la maille dor\u00e9e, massive et cisel\u00e9e, fa\u00e7on bijou vintage. \u2022 Acier inoxydable dor\u00e9 \u00e0 l\u2019or fin \u2022 R\u00e9siste \u00e0 l\u2019eau \u2022 Ne change pas de couleur, ne d\u00e9teint pas sur la peu \u2022 Hypoallerg\u00e9nique \u2022 Maille for\u00e7at massive \u2022 Longueur max: 46cm, mini: 42cm \u2022 Largeur maille: 12mm \u2022 Finition [&hellip;]<\/p>\n","protected":false},"featured_media":2121415,"comment_status":"open","ping_status":"closed","template":"","meta":[],"product_brand":[],"product_cat":[1807,1756],"product_tag":[1810],"acf":[],"_links":{"self":[{"href":"https:\/\/streetmarkets.fr\/app\/wp-json\/wp\/v2\/product\/2121414"}],"collection":[{"href":"https:\/\/streetmarkets.fr\/app\/wp-json\/wp\/v2\/product"}],"about":[{"href":"https:\/\/streetmarkets.fr\/app\/wp-json\/wp\/v2\/types\/product"}],"replies":[{"embeddable":true,"href":"https:\/\/streetmarkets.fr\/app\/wp-json\/wp\/v2\/comments?post=2121414"}],"wp:featuredmedia":[{"embeddable":true,"href":"https:\/\/streetmarkets.fr\/app\/wp-json\/wp\/v2\/media\/2121415"}],"wp:attachment":[{"href":"https:\/\/streetmarkets.fr\/app\/wp-json\/wp\/v2\/media?parent=2121414"}],"wp:term":[{"taxonomy":"product_brand","embeddable":true,"href":"https:\/\/streetmarkets.fr\/app\/wp-json\/wp\/v2\/product_brand?post=2121414"},{"taxonomy":"product_cat","embeddable":true,"href":"https:\/\/streetmarkets.fr\/app\/wp-json\/wp\/v2\/product_cat?post=2121414"},{"taxonomy":"product_tag","embeddable":true,"href":"https:\/\/streetmarkets.fr\/app\/wp-json\/wp\/v2\/product_tag?post=2121414"}],"curies":[{"name":"wp","href":"https:\/\/api.w.org\/{rel}","templated":true}]}}