{"id":2121401,"date":"2025-06-26T01:25:24","date_gmt":"2025-06-25T23:25:24","guid":{"rendered":"https:\/\/streetmarkets.fr\/app\/produit\/caprice-paris-bracelet-jonc-isabella-or\/"},"modified":"2025-12-14T00:28:12","modified_gmt":"2025-12-13T23:28:12","slug":"caprice-paris-bracelet-jonc-isabella-or","status":"publish","type":"product","link":"https:\/\/streetmarkets.fr\/app\/produit\/caprice-paris-bracelet-jonc-isabella-or\/","title":{"rendered":"Caprice Paris &#8211; Bracelet Jonc Isabella Or"},"content":{"rendered":"<p>Un jonc l\u00e9ger dor\u00e9 \u00e0 forme incurv\u00e9e, un intemporel \u00e9l\u00e9gant \u00e0 porter seul ou en accumulation.<\/p>\n<p>\u2022 Acier inoxydable dor\u00e9 \u00e0 l\u2019or fin<br \/>\n\u2022 R\u00e9siste \u00e0 l\u2019eau<br \/>\n\u2022 Ne change pas de couleur, ne d\u00e9teint pas sur la peau<br \/>\n\u2022 Hypoallerg\u00e9nique<br \/>\n\u2022 Largeur: 7 mm<br \/>\n\u2022 Finition: or brillant<\/p>\n<p>R\u00e9siste non seulement aux intemp\u00e9ries, mais \u00e9galement \u00e0 l&#8217;eau sal\u00e9e et il ne rouille pas. Peut ce garder lorsque l&#8217;on fait du sport, en vacances \u00e0 la mer ou \u00e0 la piscine, que l&#8217;on transpire ou pour prendre une douche.<\/p>\n","protected":false},"excerpt":{"rendered":"<p>Un jonc l\u00e9ger dor\u00e9 \u00e0 forme incurv\u00e9e, un intemporel \u00e9l\u00e9gant \u00e0 porter seul ou en accumulation. \u2022 Acier inoxydable dor\u00e9 \u00e0 l\u2019or fin \u2022 R\u00e9siste \u00e0 l\u2019eau \u2022 Ne change pas de couleur, ne d\u00e9teint pas sur la peau \u2022 Hypoallerg\u00e9nique \u2022 Largeur: 7 mm \u2022 Finition: or brillant R\u00e9siste non seulement aux intemp\u00e9ries, mais [&hellip;]<\/p>\n","protected":false},"featured_media":2121402,"comment_status":"open","ping_status":"closed","template":"","meta":[],"product_brand":[],"product_cat":[1807,1756],"product_tag":[1810],"acf":[],"_links":{"self":[{"href":"https:\/\/streetmarkets.fr\/app\/wp-json\/wp\/v2\/product\/2121401"}],"collection":[{"href":"https:\/\/streetmarkets.fr\/app\/wp-json\/wp\/v2\/product"}],"about":[{"href":"https:\/\/streetmarkets.fr\/app\/wp-json\/wp\/v2\/types\/product"}],"replies":[{"embeddable":true,"href":"https:\/\/streetmarkets.fr\/app\/wp-json\/wp\/v2\/comments?post=2121401"}],"wp:featuredmedia":[{"embeddable":true,"href":"https:\/\/streetmarkets.fr\/app\/wp-json\/wp\/v2\/media\/2121402"}],"wp:attachment":[{"href":"https:\/\/streetmarkets.fr\/app\/wp-json\/wp\/v2\/media?parent=2121401"}],"wp:term":[{"taxonomy":"product_brand","embeddable":true,"href":"https:\/\/streetmarkets.fr\/app\/wp-json\/wp\/v2\/product_brand?post=2121401"},{"taxonomy":"product_cat","embeddable":true,"href":"https:\/\/streetmarkets.fr\/app\/wp-json\/wp\/v2\/product_cat?post=2121401"},{"taxonomy":"product_tag","embeddable":true,"href":"https:\/\/streetmarkets.fr\/app\/wp-json\/wp\/v2\/product_tag?post=2121401"}],"curies":[{"name":"wp","href":"https:\/\/api.w.org\/{rel}","templated":true}]}}