{"id":2121375,"date":"2025-06-26T01:15:36","date_gmt":"2025-06-25T23:15:36","guid":{"rendered":"https:\/\/streetmarkets.fr\/app\/produit\/barrette-13-claudia-ronde-fleur-doree\/"},"modified":"2025-11-24T00:16:18","modified_gmt":"2025-11-23T23:16:18","slug":"barrette-13-claudia-ronde-fleur-doree","status":"publish","type":"product","link":"https:\/\/streetmarkets.fr\/app\/produit\/barrette-13-claudia-ronde-fleur-doree\/","title":{"rendered":"Barrette 13 Claudia Ronde Fleur Dor\u00e9e"},"content":{"rendered":"<p>Cette barrette ronde au motif fleur apporte une touche dor\u00e9e \u00e9l\u00e9gante \u00e0 n\u2019importe quelle coiffure. Son format compact de 4 cm est id\u00e9al pour fixer une m\u00e8che, twister un demi-chignon ou souligner une queue basse sans alourdir. En alliage de zinc, elle a une pr\u00e9sence plus chic et durable qu\u2019un simple accessoire en plastique.<br \/>\nFabriqu\u00e9e en France, elle se porte au quotidien comme pour une occasion. C\u2019est le petit bijou de cheveux qui fait la diff\u00e9rence sur une tenue, avec un style intemporel et facile \u00e0 offrir.<\/p>\n","protected":false},"excerpt":{"rendered":"<p>Cette barrette ronde au motif fleur apporte une touche dor\u00e9e \u00e9l\u00e9gante \u00e0 n\u2019importe quelle coiffure. Son format compact de 4 cm est id\u00e9al pour fixer une m\u00e8che, twister un demi-chignon ou souligner une queue basse sans alourdir. En alliage de zinc, elle a une pr\u00e9sence plus chic et durable qu\u2019un simple accessoire en plastique. Fabriqu\u00e9e [&hellip;]<\/p>\n","protected":false},"featured_media":2121376,"comment_status":"open","ping_status":"closed","template":"","meta":[],"product_brand":[],"product_cat":[1756,1764],"product_tag":[1810],"acf":[],"_links":{"self":[{"href":"https:\/\/streetmarkets.fr\/app\/wp-json\/wp\/v2\/product\/2121375"}],"collection":[{"href":"https:\/\/streetmarkets.fr\/app\/wp-json\/wp\/v2\/product"}],"about":[{"href":"https:\/\/streetmarkets.fr\/app\/wp-json\/wp\/v2\/types\/product"}],"replies":[{"embeddable":true,"href":"https:\/\/streetmarkets.fr\/app\/wp-json\/wp\/v2\/comments?post=2121375"}],"wp:featuredmedia":[{"embeddable":true,"href":"https:\/\/streetmarkets.fr\/app\/wp-json\/wp\/v2\/media\/2121376"}],"wp:attachment":[{"href":"https:\/\/streetmarkets.fr\/app\/wp-json\/wp\/v2\/media?parent=2121375"}],"wp:term":[{"taxonomy":"product_brand","embeddable":true,"href":"https:\/\/streetmarkets.fr\/app\/wp-json\/wp\/v2\/product_brand?post=2121375"},{"taxonomy":"product_cat","embeddable":true,"href":"https:\/\/streetmarkets.fr\/app\/wp-json\/wp\/v2\/product_cat?post=2121375"},{"taxonomy":"product_tag","embeddable":true,"href":"https:\/\/streetmarkets.fr\/app\/wp-json\/wp\/v2\/product_tag?post=2121375"}],"curies":[{"name":"wp","href":"https:\/\/api.w.org\/{rel}","templated":true}]}}