{"id":2110375,"date":"2025-06-23T06:52:53","date_gmt":"2025-06-23T04:52:53","guid":{"rendered":"https:\/\/streetmarkets.fr\/app\/produit\/t-shirt-key-1328\/"},"modified":"2026-03-16T05:48:18","modified_gmt":"2026-03-16T04:48:18","slug":"t-shirt-key-1328","status":"publish","type":"product","link":"https:\/\/streetmarkets.fr\/app\/produit\/t-shirt-key-1328\/","title":{"rendered":"T-Shirt Key 1328"},"content":{"rendered":"<p data-start=\"91\" data-end=\"391\">D\u00e9couvrez le <strong data-start=\"104\" data-end=\"124\">T-shirt Key 1333<\/strong> de la marque <strong data-start=\"138\" data-end=\"152\">Revolution<\/strong>, disponible en <strong data-start=\"168\" data-end=\"184\">couleur Navy<\/strong> chez <strong data-start=\"190\" data-end=\"200\">Harold<\/strong>, boutique de pr\u00eat-\u00e0-porter homme \u00e0 <strong data-start=\"236\" data-end=\"245\">Paris<\/strong>. Ce T-shirt \u00e0 <strong data-start=\"260\" data-end=\"272\">col rond<\/strong> et \u00e0 <strong data-start=\"278\" data-end=\"297\">coupe classique<\/strong> est confectionn\u00e9 en <strong data-start=\"318\" data-end=\"327\">coton<\/strong>, offrant une <strong data-start=\"341\" data-end=\"365\">sensation de douceur<\/strong> et un <strong data-start=\"372\" data-end=\"390\">confort assur\u00e9<\/strong>.<\/p>\n<p data-start=\"393\" data-end=\"678\">Au centre, un <strong data-start=\"407\" data-end=\"448\">imprim\u00e9 marquant repr\u00e9sentant une cl\u00e9<\/strong> apporte une <strong data-start=\"461\" data-end=\"495\">touche symbolique et originale<\/strong>, sugg\u00e9rant l\u2019id\u00e9e de libert\u00e9, de voyage ou de d\u00e9couverte. Parfait pour une <strong data-start=\"571\" data-end=\"593\">tenue d\u00e9contract\u00e9e<\/strong>, ce T-shirt refl\u00e8te votre <strong data-start=\"620\" data-end=\"639\">style personnel<\/strong> tout en restant <strong data-start=\"656\" data-end=\"677\">agr\u00e9able \u00e0 porter<\/strong>.<\/p>\n<p data-start=\"680\" data-end=\"916\"><strong data-start=\"680\" data-end=\"714\">Optez pour le T-shirt Key 1333<\/strong> et ajoutez une <strong data-start=\"730\" data-end=\"759\">note subtile de caract\u00e8re<\/strong> \u00e0 votre garde-robe. <strong data-start=\"780\" data-end=\"821\">Disponible d\u00e8s maintenant chez Harold<\/strong>, il constitue un <strong data-start=\"839\" data-end=\"854\">choix id\u00e9al<\/strong> pour ceux qui recherchent un <strong data-start=\"884\" data-end=\"915\">style unique et d\u00e9contract\u00e9<\/strong>.<\/p>\n","protected":false},"excerpt":{"rendered":"<p>D\u00e9couvrez le T-shirt Key 1333 de la marque Revolution, disponible en couleur Navy chez Harold, boutique de pr\u00eat-\u00e0-porter homme \u00e0 Paris. Ce T-shirt \u00e0 col rond et \u00e0 coupe classique est confectionn\u00e9 en coton, offrant une sensation de douceur et un confort assur\u00e9. Au centre, un imprim\u00e9 marquant repr\u00e9sentant une cl\u00e9 apporte une touche symbolique [&hellip;]<\/p>\n","protected":false},"featured_media":2110376,"comment_status":"open","ping_status":"closed","template":"","meta":[],"product_brand":[],"product_cat":[1756,1758],"product_tag":[2244],"acf":[],"_links":{"self":[{"href":"https:\/\/streetmarkets.fr\/app\/wp-json\/wp\/v2\/product\/2110375"}],"collection":[{"href":"https:\/\/streetmarkets.fr\/app\/wp-json\/wp\/v2\/product"}],"about":[{"href":"https:\/\/streetmarkets.fr\/app\/wp-json\/wp\/v2\/types\/product"}],"replies":[{"embeddable":true,"href":"https:\/\/streetmarkets.fr\/app\/wp-json\/wp\/v2\/comments?post=2110375"}],"wp:featuredmedia":[{"embeddable":true,"href":"https:\/\/streetmarkets.fr\/app\/wp-json\/wp\/v2\/media\/2110376"}],"wp:attachment":[{"href":"https:\/\/streetmarkets.fr\/app\/wp-json\/wp\/v2\/media?parent=2110375"}],"wp:term":[{"taxonomy":"product_brand","embeddable":true,"href":"https:\/\/streetmarkets.fr\/app\/wp-json\/wp\/v2\/product_brand?post=2110375"},{"taxonomy":"product_cat","embeddable":true,"href":"https:\/\/streetmarkets.fr\/app\/wp-json\/wp\/v2\/product_cat?post=2110375"},{"taxonomy":"product_tag","embeddable":true,"href":"https:\/\/streetmarkets.fr\/app\/wp-json\/wp\/v2\/product_tag?post=2110375"}],"curies":[{"name":"wp","href":"https:\/\/api.w.org\/{rel}","templated":true}]}}