{"id":2110354,"date":"2025-06-23T06:52:51","date_gmt":"2025-06-23T04:52:51","guid":{"rendered":"https:\/\/streetmarkets.fr\/app\/produit\/slim-mylostate-flex\/"},"modified":"2026-03-16T05:48:18","modified_gmt":"2026-03-16T04:48:18","slug":"slim-mylostate-flex","status":"publish","type":"product","link":"https:\/\/streetmarkets.fr\/app\/produit\/slim-mylostate-flex\/","title":{"rendered":"Slim Mylostate Flex"},"content":{"rendered":"<p data-start=\"113\" data-end=\"313\">D\u00e9couvrez le <strong data-start=\"126\" data-end=\"156\">Blazer Slim Mylostate Flex<\/strong> de <strong data-start=\"160\" data-end=\"172\">Selected, <\/strong><span data-start=\"160\" data-end=\"172\">avec sa <\/span><strong data-start=\"504\" data-end=\"538\">couleur Navy Blue intemporelle<\/strong> apporte une <strong data-start=\"551\" data-end=\"588\">touche de sophistication discr\u00e8te<\/strong>, id\u00e9ale aussi bien pour les <strong data-start=\"617\" data-end=\"640\">occasions formelles<\/strong> que pour les <strong data-start=\"654\" data-end=\"676\">looks du quotidien<\/strong>.<\/p>\n<p data-start=\"679\" data-end=\"946\">Ce mod\u00e8le se distingue par ses <strong data-start=\"710\" data-end=\"747\">deux poches \u00e0 rabat sur les c\u00f4t\u00e9s<\/strong> et sa <strong data-start=\"754\" data-end=\"780\">poche poitrine plaqu\u00e9e<\/strong>, qui ajoutent \u00e0 la fois du <strong data-start=\"808\" data-end=\"817\">style<\/strong> et de la <strong data-start=\"827\" data-end=\"845\">fonctionnalit\u00e9<\/strong>.<\/p>\n","protected":false},"excerpt":{"rendered":"<p>D\u00e9couvrez le Blazer Slim Mylostate Flex de Selected, avec sa couleur Navy Blue intemporelle apporte une touche de sophistication discr\u00e8te, id\u00e9ale aussi bien pour les occasions formelles que pour les looks du quotidien. Ce mod\u00e8le se distingue par ses deux poches \u00e0 rabat sur les c\u00f4t\u00e9s et sa poche poitrine plaqu\u00e9e, qui ajoutent \u00e0 la [&hellip;]<\/p>\n","protected":false},"featured_media":2110355,"comment_status":"open","ping_status":"closed","template":"","meta":[],"product_brand":[],"product_cat":[1756,1758],"product_tag":[2244],"acf":[],"_links":{"self":[{"href":"https:\/\/streetmarkets.fr\/app\/wp-json\/wp\/v2\/product\/2110354"}],"collection":[{"href":"https:\/\/streetmarkets.fr\/app\/wp-json\/wp\/v2\/product"}],"about":[{"href":"https:\/\/streetmarkets.fr\/app\/wp-json\/wp\/v2\/types\/product"}],"replies":[{"embeddable":true,"href":"https:\/\/streetmarkets.fr\/app\/wp-json\/wp\/v2\/comments?post=2110354"}],"wp:featuredmedia":[{"embeddable":true,"href":"https:\/\/streetmarkets.fr\/app\/wp-json\/wp\/v2\/media\/2110355"}],"wp:attachment":[{"href":"https:\/\/streetmarkets.fr\/app\/wp-json\/wp\/v2\/media?parent=2110354"}],"wp:term":[{"taxonomy":"product_brand","embeddable":true,"href":"https:\/\/streetmarkets.fr\/app\/wp-json\/wp\/v2\/product_brand?post=2110354"},{"taxonomy":"product_cat","embeddable":true,"href":"https:\/\/streetmarkets.fr\/app\/wp-json\/wp\/v2\/product_cat?post=2110354"},{"taxonomy":"product_tag","embeddable":true,"href":"https:\/\/streetmarkets.fr\/app\/wp-json\/wp\/v2\/product_tag?post=2110354"}],"curies":[{"name":"wp","href":"https:\/\/api.w.org\/{rel}","templated":true}]}}