{"id":2110345,"date":"2025-06-23T06:52:50","date_gmt":"2025-06-23T04:52:50","guid":{"rendered":"https:\/\/streetmarkets.fr\/app\/produit\/t-shirt-car-1333\/"},"modified":"2026-03-16T05:48:18","modified_gmt":"2026-03-16T04:48:18","slug":"t-shirt-car-1333","status":"publish","type":"product","link":"https:\/\/streetmarkets.fr\/app\/produit\/t-shirt-car-1333\/","title":{"rendered":"T-Shirt Car 1333"},"content":{"rendered":"<p data-start=\"97\" data-end=\"403\">D\u00e9couvrez le <strong data-start=\"110\" data-end=\"130\">T-shirt Car 1333<\/strong> de la marque <strong data-start=\"144\" data-end=\"158\">Revolution<\/strong>, disponible en <strong data-start=\"174\" data-end=\"196\">couleur Dustpetrol<\/strong> chez <strong data-start=\"202\" data-end=\"212\">Harold<\/strong>, boutique de pr\u00eat-\u00e0-porter homme \u00e0 <strong data-start=\"248\" data-end=\"257\">Paris<\/strong>. Ce T-shirt \u00e0 <strong data-start=\"272\" data-end=\"284\">col rond<\/strong> et \u00e0 <strong data-start=\"290\" data-end=\"309\">coupe classique<\/strong> est confectionn\u00e9 en <strong data-start=\"330\" data-end=\"339\">coton<\/strong>, offrant une <strong data-start=\"353\" data-end=\"377\">sensation de douceur<\/strong> et un <strong data-start=\"384\" data-end=\"402\">confort assur\u00e9<\/strong>.<\/p>\n<p data-start=\"405\" data-end=\"668\">Au centre, un <strong data-start=\"419\" data-end=\"474\">imprim\u00e9 marquant repr\u00e9sentant une voiture en voyage<\/strong> apporte une <strong data-start=\"487\" data-end=\"511\">touche d\u2019originalit\u00e9<\/strong> et de <strong data-start=\"518\" data-end=\"531\">dynamisme<\/strong> \u00e0 la pi\u00e8ce. Parfait pour une <strong data-start=\"561\" data-end=\"583\">tenue d\u00e9contract\u00e9e<\/strong>, ce T-shirt refl\u00e8te votre <strong data-start=\"610\" data-end=\"629\">style personnel<\/strong> tout en restant <strong data-start=\"646\" data-end=\"667\">agr\u00e9able \u00e0 porter<\/strong>.<\/p>\n<p data-start=\"670\" data-end=\"889\">Optez pour le <strong data-start=\"684\" data-end=\"704\">T-shirt Car 1333<\/strong> et ajoutez du <strong data-start=\"719\" data-end=\"751\">caract\u00e8re \u00e0 votre garde-robe<\/strong>. Disponible d\u00e8s maintenant chez <strong data-start=\"784\" data-end=\"794\">Harold<\/strong>, il constitue un <strong data-start=\"812\" data-end=\"827\">choix id\u00e9al<\/strong> pour ceux qui recherchent un <strong data-start=\"857\" data-end=\"888\">style unique et d\u00e9contract\u00e9<\/strong>.<\/p>\n","protected":false},"excerpt":{"rendered":"<p>D\u00e9couvrez le T-shirt Car 1333 de la marque Revolution, disponible en couleur Dustpetrol chez Harold, boutique de pr\u00eat-\u00e0-porter homme \u00e0 Paris. Ce T-shirt \u00e0 col rond et \u00e0 coupe classique est confectionn\u00e9 en coton, offrant une sensation de douceur et un confort assur\u00e9. Au centre, un imprim\u00e9 marquant repr\u00e9sentant une voiture en voyage apporte une [&hellip;]<\/p>\n","protected":false},"featured_media":2110346,"comment_status":"open","ping_status":"closed","template":"","meta":[],"product_brand":[],"product_cat":[1756,1758],"product_tag":[2244],"acf":[],"_links":{"self":[{"href":"https:\/\/streetmarkets.fr\/app\/wp-json\/wp\/v2\/product\/2110345"}],"collection":[{"href":"https:\/\/streetmarkets.fr\/app\/wp-json\/wp\/v2\/product"}],"about":[{"href":"https:\/\/streetmarkets.fr\/app\/wp-json\/wp\/v2\/types\/product"}],"replies":[{"embeddable":true,"href":"https:\/\/streetmarkets.fr\/app\/wp-json\/wp\/v2\/comments?post=2110345"}],"wp:featuredmedia":[{"embeddable":true,"href":"https:\/\/streetmarkets.fr\/app\/wp-json\/wp\/v2\/media\/2110346"}],"wp:attachment":[{"href":"https:\/\/streetmarkets.fr\/app\/wp-json\/wp\/v2\/media?parent=2110345"}],"wp:term":[{"taxonomy":"product_brand","embeddable":true,"href":"https:\/\/streetmarkets.fr\/app\/wp-json\/wp\/v2\/product_brand?post=2110345"},{"taxonomy":"product_cat","embeddable":true,"href":"https:\/\/streetmarkets.fr\/app\/wp-json\/wp\/v2\/product_cat?post=2110345"},{"taxonomy":"product_tag","embeddable":true,"href":"https:\/\/streetmarkets.fr\/app\/wp-json\/wp\/v2\/product_tag?post=2110345"}],"curies":[{"name":"wp","href":"https:\/\/api.w.org\/{rel}","templated":true}]}}