{"id":2110274,"date":"2025-06-23T06:52:42","date_gmt":"2025-06-23T04:52:42","guid":{"rendered":"https:\/\/streetmarkets.fr\/app\/produit\/frankie-trousers-10821\/"},"modified":"2026-03-16T05:48:18","modified_gmt":"2026-03-16T04:48:18","slug":"frankie-trousers-10821","status":"publish","type":"product","link":"https:\/\/streetmarkets.fr\/app\/produit\/frankie-trousers-10821\/","title":{"rendered":"Frankie Trousers 10821"},"content":{"rendered":"<p data-start=\"131\" data-end=\"249\">D\u00e9couvrez le pantalon<strong data-start=\"131\" data-end=\"197\"> Frankie 10821 de la marque Samsoe Samsoe<\/strong>, disponible dans une <strong data-start=\"219\" data-end=\"248\">teinte Crocodile \u00e9l\u00e9gante<\/strong>.<\/p>\n<p data-start=\"251\" data-end=\"671\">Ce pantalon arbore une <strong data-start=\"274\" data-end=\"288\">coupe slim<\/strong> avec une <strong data-start=\"298\" data-end=\"315\">jambe fusel\u00e9e<\/strong> pour une silhouette moderne et \u00e9lanc\u00e9e. Son <strong data-start=\"360\" data-end=\"394\">entrejambe l\u00e9g\u00e8rement abaiss\u00e9e<\/strong> ajoute une touche de confort et de d\u00e9contraction. Dot\u00e9 de <strong data-start=\"453\" data-end=\"483\">poches lat\u00e9rales pratiques<\/strong> et de <strong data-start=\"490\" data-end=\"521\">poches arri\u00e8re passepoil\u00e9es<\/strong>, ce pantalon offre \u00e0 la fois <strong data-start=\"551\" data-end=\"578\">style et fonctionnalit\u00e9<\/strong>. La <strong data-start=\"583\" data-end=\"603\">braguette zipp\u00e9e<\/strong> et les <strong data-start=\"611\" data-end=\"635\">passants de ceinture<\/strong> garantissent un ajustement parfait.<\/p>\n<p data-start=\"673\" data-end=\"1013\">Fabriqu\u00e9 dans un <strong data-start=\"690\" data-end=\"749\">tissu \u00e9lastique compos\u00e9 de coton et de viscose m\u00e9lang\u00e9s<\/strong>, ce pantalon offre un <strong data-start=\"772\" data-end=\"796\">confort exceptionnel<\/strong> et une <strong data-start=\"804\" data-end=\"828\">libert\u00e9 de mouvement<\/strong> tout au long de la journ\u00e9e. Avec son <strong data-start=\"866\" data-end=\"887\">design polyvalent<\/strong> et sa <strong data-start=\"894\" data-end=\"911\">coupe ajust\u00e9e<\/strong>, le pantalon Frankie 10821 est un choix parfait pour un <strong data-start=\"968\" data-end=\"1012\">look moderne et sophistiqu\u00e9 au quotidien<\/strong>.<span data-sheets-root=\"1\" data-sheets-value='{\"1\":2,\"2\":\"D\u00e9couvrez le pantalon Frankie 10821 de la marque Samsoe Samsoe, disponible dans une teinte Crocodile \u00e9l\u00e9gante. \\n\\nCe pantalon arbore une coupe slim avec une jambe fusel\u00e9e pour une silhouette moderne et \u00e9l\u00e9gante. Son entrejambe l\u00e9g\u00e8rement abaiss\u00e9e ajoute une touche de confort et de d\u00e9contraction. Dot\u00e9 de poches lat\u00e9rales pratiques et de poches arri\u00e8re passepoil\u00e9es, ce pantalon offre \u00e0 la fois style et fonctionnalit\u00e9. La braguette zipp\u00e9e et les passants de ceinture garantissent un ajustement parfait. \\n\\nFabriqu\u00e9 dans un tissu \u00e9lastique compos\u00e9 de coton et de viscose m\u00e9lang\u00e9s, ce pantalon offre un confort exceptionnel et une libert\u00e9 de mouvement tout au long de la journ\u00e9e. Avec son design polyvalent et sa coupe ajust\u00e9e, le pantalon Frankie 10821 est un choix parfait pour un look moderne et sophistiqu\u00e9 au quotidien.\\n\"}' data-sheets-userformat='{\"2\":897,\"3\":{\"1\":0},\"10\":1,\"11\":4,\"12\":0}'><\/span><\/p>\n","protected":false},"excerpt":{"rendered":"<p>D\u00e9couvrez le pantalon Frankie 10821 de la marque Samsoe Samsoe, disponible dans une teinte Crocodile \u00e9l\u00e9gante. Ce pantalon arbore une coupe slim avec une jambe fusel\u00e9e pour une silhouette moderne et \u00e9lanc\u00e9e. Son entrejambe l\u00e9g\u00e8rement abaiss\u00e9e ajoute une touche de confort et de d\u00e9contraction. Dot\u00e9 de poches lat\u00e9rales pratiques et de poches arri\u00e8re passepoil\u00e9es, ce [&hellip;]<\/p>\n","protected":false},"featured_media":2110275,"comment_status":"open","ping_status":"closed","template":"","meta":[],"product_brand":[],"product_cat":[1756,1758],"product_tag":[2244],"acf":[],"_links":{"self":[{"href":"https:\/\/streetmarkets.fr\/app\/wp-json\/wp\/v2\/product\/2110274"}],"collection":[{"href":"https:\/\/streetmarkets.fr\/app\/wp-json\/wp\/v2\/product"}],"about":[{"href":"https:\/\/streetmarkets.fr\/app\/wp-json\/wp\/v2\/types\/product"}],"replies":[{"embeddable":true,"href":"https:\/\/streetmarkets.fr\/app\/wp-json\/wp\/v2\/comments?post=2110274"}],"wp:featuredmedia":[{"embeddable":true,"href":"https:\/\/streetmarkets.fr\/app\/wp-json\/wp\/v2\/media\/2110275"}],"wp:attachment":[{"href":"https:\/\/streetmarkets.fr\/app\/wp-json\/wp\/v2\/media?parent=2110274"}],"wp:term":[{"taxonomy":"product_brand","embeddable":true,"href":"https:\/\/streetmarkets.fr\/app\/wp-json\/wp\/v2\/product_brand?post=2110274"},{"taxonomy":"product_cat","embeddable":true,"href":"https:\/\/streetmarkets.fr\/app\/wp-json\/wp\/v2\/product_cat?post=2110274"},{"taxonomy":"product_tag","embeddable":true,"href":"https:\/\/streetmarkets.fr\/app\/wp-json\/wp\/v2\/product_tag?post=2110274"}],"curies":[{"name":"wp","href":"https:\/\/api.w.org\/{rel}","templated":true}]}}