{"id":2096826,"date":"2025-06-21T04:06:46","date_gmt":"2025-06-21T02:06:46","guid":{"rendered":"https:\/\/streetmarkets.fr\/app\/produit\/u-992-ny\/"},"modified":"2026-04-12T03:51:23","modified_gmt":"2026-04-12T01:51:23","slug":"u-992-ny","status":"publish","type":"product","link":"https:\/\/streetmarkets.fr\/app\/produit\/u-992-ny\/","title":{"rendered":"U 992 NY"},"content":{"rendered":"<ul>\n<li>L&#8217;amorti ABZORB au talon et \u00e0 l\u2019avant-pied pour absorber les chocs en associant l&#8217;amorti et la r\u00e9sistance \u00e0 la compression<\/li>\n<li>Semelle interm\u00e9diaire combinant ENCAP et C-CAP<\/li>\n<li>D\u00e9tails r\u00e9fl\u00e9chissants con\u00e7us pour capter la lumi\u00e8re<\/li>\n<li>Semelle ext\u00e9rieure en caoutchouc NDurance\n<\/li>\n<\/ul>\n<p><span>Fabriqu\u00e9 aux Etats-Unis<\/span><\/p>\n<p><span>U992NY<\/span><\/p>\n","protected":false},"excerpt":{"rendered":"<p>L&#8217;amorti ABZORB au talon et \u00e0 l\u2019avant-pied pour absorber les chocs en associant l&#8217;amorti et la r\u00e9sistance \u00e0 la compression Semelle interm\u00e9diaire combinant ENCAP et C-CAP D\u00e9tails r\u00e9fl\u00e9chissants con\u00e7us pour capter la lumi\u00e8re Semelle ext\u00e9rieure en caoutchouc NDurance Fabriqu\u00e9 aux Etats-Unis U992NY<\/p>\n","protected":false},"featured_media":2096827,"comment_status":"open","ping_status":"closed","template":"","meta":[],"product_brand":[7132],"product_cat":[1756,1763],"product_tag":[2244,1811],"acf":[],"_links":{"self":[{"href":"https:\/\/streetmarkets.fr\/app\/wp-json\/wp\/v2\/product\/2096826"}],"collection":[{"href":"https:\/\/streetmarkets.fr\/app\/wp-json\/wp\/v2\/product"}],"about":[{"href":"https:\/\/streetmarkets.fr\/app\/wp-json\/wp\/v2\/types\/product"}],"replies":[{"embeddable":true,"href":"https:\/\/streetmarkets.fr\/app\/wp-json\/wp\/v2\/comments?post=2096826"}],"wp:featuredmedia":[{"embeddable":true,"href":"https:\/\/streetmarkets.fr\/app\/wp-json\/wp\/v2\/media\/2096827"}],"wp:attachment":[{"href":"https:\/\/streetmarkets.fr\/app\/wp-json\/wp\/v2\/media?parent=2096826"}],"wp:term":[{"taxonomy":"product_brand","embeddable":true,"href":"https:\/\/streetmarkets.fr\/app\/wp-json\/wp\/v2\/product_brand?post=2096826"},{"taxonomy":"product_cat","embeddable":true,"href":"https:\/\/streetmarkets.fr\/app\/wp-json\/wp\/v2\/product_cat?post=2096826"},{"taxonomy":"product_tag","embeddable":true,"href":"https:\/\/streetmarkets.fr\/app\/wp-json\/wp\/v2\/product_tag?post=2096826"}],"curies":[{"name":"wp","href":"https:\/\/api.w.org\/{rel}","templated":true}]}}