{"id":2091630,"date":"2025-06-21T01:53:11","date_gmt":"2025-06-20T23:53:11","guid":{"rendered":"https:\/\/streetmarkets.fr\/app\/produit\/sweatshirt-hoodie-s25-homme-washed-green\/"},"modified":"2025-10-02T02:01:07","modified_gmt":"2025-10-02T00:01:07","slug":"sweatshirt-hoodie-s25-homme-washed-green","status":"publish","type":"product","link":"https:\/\/streetmarkets.fr\/app\/produit\/sweatshirt-hoodie-s25-homme-washed-green\/","title":{"rendered":"Sweatshirt Hoodie (S25 \/ HOMME \/ Washed Green)"},"content":{"rendered":"<p>&#8211; Sweatshirt hoodie en coton Homme<br \/>\n<br \/>&#8211; Imprim\u00e9 &#8220;Don&#8217;t mess with the Future&#8221; au dos<br \/>\n<br \/>&#8211; Capuche \u00e0 cordons<br \/>\n<br \/>&#8211; Manches longues<br \/>\n<br \/>&#8211; Poche avant<br \/>\n<br \/>&#8211; Bords c\u00f4tel\u00e9s<br \/>\n<br \/>&#8211; Coupe regular<\/p>\n","protected":false},"excerpt":{"rendered":"<p>&#8211; Sweatshirt hoodie en coton Homme &#8211; Imprim\u00e9 &#8220;Don&#8217;t mess with the Future&#8221; au dos &#8211; Capuche \u00e0 cordons &#8211; Manches longues &#8211; Poche avant &#8211; Bords c\u00f4tel\u00e9s &#8211; Coupe regular<\/p>\n","protected":false},"featured_media":2091631,"comment_status":"open","ping_status":"closed","template":"","meta":[],"product_brand":[6868],"product_cat":[1756,1758],"product_tag":[2244],"acf":[],"_links":{"self":[{"href":"https:\/\/streetmarkets.fr\/app\/wp-json\/wp\/v2\/product\/2091630"}],"collection":[{"href":"https:\/\/streetmarkets.fr\/app\/wp-json\/wp\/v2\/product"}],"about":[{"href":"https:\/\/streetmarkets.fr\/app\/wp-json\/wp\/v2\/types\/product"}],"replies":[{"embeddable":true,"href":"https:\/\/streetmarkets.fr\/app\/wp-json\/wp\/v2\/comments?post=2091630"}],"wp:featuredmedia":[{"embeddable":true,"href":"https:\/\/streetmarkets.fr\/app\/wp-json\/wp\/v2\/media\/2091631"}],"wp:attachment":[{"href":"https:\/\/streetmarkets.fr\/app\/wp-json\/wp\/v2\/media?parent=2091630"}],"wp:term":[{"taxonomy":"product_brand","embeddable":true,"href":"https:\/\/streetmarkets.fr\/app\/wp-json\/wp\/v2\/product_brand?post=2091630"},{"taxonomy":"product_cat","embeddable":true,"href":"https:\/\/streetmarkets.fr\/app\/wp-json\/wp\/v2\/product_cat?post=2091630"},{"taxonomy":"product_tag","embeddable":true,"href":"https:\/\/streetmarkets.fr\/app\/wp-json\/wp\/v2\/product_tag?post=2091630"}],"curies":[{"name":"wp","href":"https:\/\/api.w.org\/{rel}","templated":true}]}}