{"id":2091603,"date":"2025-06-21T01:52:16","date_gmt":"2025-06-20T23:52:16","guid":{"rendered":"https:\/\/streetmarkets.fr\/app\/produit\/sweatshirt-col-polo-s25-homme-gris-chine-clair\/"},"modified":"2025-10-02T02:01:03","modified_gmt":"2025-10-02T00:01:03","slug":"sweatshirt-col-polo-s25-homme-gris-chine-clair","status":"publish","type":"product","link":"https:\/\/streetmarkets.fr\/app\/produit\/sweatshirt-col-polo-s25-homme-gris-chine-clair\/","title":{"rendered":"Sweatshirt Col Polo (S25 \/ HOMME \/ Gris Chin\u00e9 Clair)"},"content":{"rendered":"<p>&#8211; Sweatshirt en coton Homme<br \/>\n<br \/>&#8211; Imprim\u00e9 &#8220;FUTURE&#8221; sur la poitrine<br \/>\n<br \/>&#8211; Col polo<br \/>\n<br \/>&#8211; Manches longues<br \/>\n<br \/>&#8211; Bords c\u00f4tel\u00e9s<br \/>\n<br \/>&#8211; Coupe regular<\/p>\n","protected":false},"excerpt":{"rendered":"<p>&#8211; Sweatshirt en coton Homme &#8211; Imprim\u00e9 &#8220;FUTURE&#8221; sur la poitrine &#8211; Col polo &#8211; Manches longues &#8211; Bords c\u00f4tel\u00e9s &#8211; Coupe regular<\/p>\n","protected":false},"featured_media":2091604,"comment_status":"open","ping_status":"closed","template":"","meta":[],"product_brand":[6868],"product_cat":[1756,1758],"product_tag":[2244],"acf":[],"_links":{"self":[{"href":"https:\/\/streetmarkets.fr\/app\/wp-json\/wp\/v2\/product\/2091603"}],"collection":[{"href":"https:\/\/streetmarkets.fr\/app\/wp-json\/wp\/v2\/product"}],"about":[{"href":"https:\/\/streetmarkets.fr\/app\/wp-json\/wp\/v2\/types\/product"}],"replies":[{"embeddable":true,"href":"https:\/\/streetmarkets.fr\/app\/wp-json\/wp\/v2\/comments?post=2091603"}],"wp:featuredmedia":[{"embeddable":true,"href":"https:\/\/streetmarkets.fr\/app\/wp-json\/wp\/v2\/media\/2091604"}],"wp:attachment":[{"href":"https:\/\/streetmarkets.fr\/app\/wp-json\/wp\/v2\/media?parent=2091603"}],"wp:term":[{"taxonomy":"product_brand","embeddable":true,"href":"https:\/\/streetmarkets.fr\/app\/wp-json\/wp\/v2\/product_brand?post=2091603"},{"taxonomy":"product_cat","embeddable":true,"href":"https:\/\/streetmarkets.fr\/app\/wp-json\/wp\/v2\/product_cat?post=2091603"},{"taxonomy":"product_tag","embeddable":true,"href":"https:\/\/streetmarkets.fr\/app\/wp-json\/wp\/v2\/product_tag?post=2091603"}],"curies":[{"name":"wp","href":"https:\/\/api.w.org\/{rel}","templated":true}]}}