{"id":2090884,"date":"2025-06-21T01:22:30","date_gmt":"2025-06-20T23:22:30","guid":{"rendered":"https:\/\/streetmarkets.fr\/app\/produit\/chaussettes-tomate\/"},"modified":"2026-05-09T01:15:49","modified_gmt":"2026-05-08T23:15:49","slug":"chaussettes-tomate","status":"publish","type":"product","link":"https:\/\/streetmarkets.fr\/app\/produit\/chaussettes-tomate\/","title":{"rendered":"Chaussettes Tomate"},"content":{"rendered":"<p class=\"p1\"><a title=\"Collection Coucou Suzette\" href=\"\/collections\/coucou-suzette\"><strong>Collection Coucou Suzette<\/strong><\/a><\/p>\n<p><span>La vedette de l\u2019\u00e9t\u00e9 qu\u2019on d\u00e9vore sous toutes ses formes : la tomate pardi ! Pour lui rendre hommage, il lui fallait bien sa paire de chaussettes d\u00e9di\u00e9e, suppl\u00e9ment paillettes pour faire briller cette ch\u00e9rie comme il se doit.<\/span><\/p>\n<ul>\n<li><em>Chaussettes en<span> 72% Coton 27% Polyamide 1% Elasthanne<\/span><\/em><\/li>\n<li><em>Mixtes &#8211; Taille unique (du 35 au 44)<\/em><\/li>\n<li><em>Conseils d\u2019entretien : laver \u00e0 l\u2019envers \u00e0 30\u00b0<\/em><\/li>\n<li><em>Fabriqu\u00e9es en France<\/em><\/li>\n<\/ul>\n","protected":false},"excerpt":{"rendered":"<p>Collection Coucou Suzette La vedette de l\u2019\u00e9t\u00e9 qu\u2019on d\u00e9vore sous toutes ses formes : la tomate pardi ! Pour lui rendre hommage, il lui fallait bien sa paire de chaussettes d\u00e9di\u00e9e, suppl\u00e9ment paillettes pour faire briller cette ch\u00e9rie comme il se doit. Chaussettes en 72% Coton 27% Polyamide 1% Elasthanne Mixtes &#8211; Taille unique (du [&hellip;]<\/p>\n","protected":false},"featured_media":2090885,"comment_status":"open","ping_status":"closed","template":"","meta":[],"product_brand":[],"product_cat":[1756,1762],"product_tag":[2244,1811],"acf":[],"_links":{"self":[{"href":"https:\/\/streetmarkets.fr\/app\/wp-json\/wp\/v2\/product\/2090884"}],"collection":[{"href":"https:\/\/streetmarkets.fr\/app\/wp-json\/wp\/v2\/product"}],"about":[{"href":"https:\/\/streetmarkets.fr\/app\/wp-json\/wp\/v2\/types\/product"}],"replies":[{"embeddable":true,"href":"https:\/\/streetmarkets.fr\/app\/wp-json\/wp\/v2\/comments?post=2090884"}],"wp:featuredmedia":[{"embeddable":true,"href":"https:\/\/streetmarkets.fr\/app\/wp-json\/wp\/v2\/media\/2090885"}],"wp:attachment":[{"href":"https:\/\/streetmarkets.fr\/app\/wp-json\/wp\/v2\/media?parent=2090884"}],"wp:term":[{"taxonomy":"product_brand","embeddable":true,"href":"https:\/\/streetmarkets.fr\/app\/wp-json\/wp\/v2\/product_brand?post=2090884"},{"taxonomy":"product_cat","embeddable":true,"href":"https:\/\/streetmarkets.fr\/app\/wp-json\/wp\/v2\/product_cat?post=2090884"},{"taxonomy":"product_tag","embeddable":true,"href":"https:\/\/streetmarkets.fr\/app\/wp-json\/wp\/v2\/product_tag?post=2090884"}],"curies":[{"name":"wp","href":"https:\/\/api.w.org\/{rel}","templated":true}]}}