{"id":2090813,"date":"2025-06-21T01:22:25","date_gmt":"2025-06-20T23:22:25","guid":{"rendered":"https:\/\/streetmarkets.fr\/app\/produit\/boucles-doreilles-melon\/"},"modified":"2026-05-02T01:17:26","modified_gmt":"2026-05-01T23:17:26","slug":"boucles-doreilles-melon","status":"publish","type":"product","link":"https:\/\/streetmarkets.fr\/app\/produit\/boucles-doreilles-melon\/","title":{"rendered":"Boucles d&#8217;oreilles Melon"},"content":{"rendered":"<div class=\"rte-content\" id=\"product-description-short-41\">\n<div class=\"rte-content\" id=\"product-description-short-123\">\n<p><strong><a title=\"Collection Coucou Suzette\" href=\"\/collections\/coucou-suzette\">Collection Coucou Suzette<\/a><\/strong><\/p>\n<p style=\"font-weight: 400\"><span>Qui dit \u00e9t\u00e9, dit d\u00e9licieux melon charentais m\u00fbr \u00e0 souhait ! On satisfait notre amour pour ce fruit star de la saison en le portant sous forme de sublimes boucles d\u2019oreilles. Une belle tranche de part et d\u2019autre de notre minois pour le plus original des bijoux.<\/span><\/p>\n<ul>\n<li><em><span>\u00a0Composition : 97,7% laiton &#8211; 2,3% \u00e9mail<\/span><\/em><\/li>\n<li><em>Tiges hypoallerg\u00e9niques en acier inoxydable<\/em><\/li>\n<li><em>Type d\u2019attache : clou<\/em><\/li>\n<li>\n<em>Conseils d\u2019utilisation : \u00e9viter le contact avec l\u2019eau<\/em><em><\/em>\n<\/li>\n<li><em><span>Fabriqu\u00e9e en Chine dans une usine audit\u00e9e<\/span><\/em><\/li>\n<\/ul>\n<\/div>\n<\/div>\n","protected":false},"excerpt":{"rendered":"<p>Collection Coucou Suzette Qui dit \u00e9t\u00e9, dit d\u00e9licieux melon charentais m\u00fbr \u00e0 souhait ! On satisfait notre amour pour ce fruit star de la saison en le portant sous forme de sublimes boucles d\u2019oreilles. Une belle tranche de part et d\u2019autre de notre minois pour le plus original des bijoux. \u00a0Composition : 97,7% laiton &#8211; [&hellip;]<\/p>\n","protected":false},"featured_media":2090814,"comment_status":"open","ping_status":"closed","template":"","meta":[],"product_brand":[],"product_cat":[1807,1756],"product_tag":[2244,1811],"acf":[],"_links":{"self":[{"href":"https:\/\/streetmarkets.fr\/app\/wp-json\/wp\/v2\/product\/2090813"}],"collection":[{"href":"https:\/\/streetmarkets.fr\/app\/wp-json\/wp\/v2\/product"}],"about":[{"href":"https:\/\/streetmarkets.fr\/app\/wp-json\/wp\/v2\/types\/product"}],"replies":[{"embeddable":true,"href":"https:\/\/streetmarkets.fr\/app\/wp-json\/wp\/v2\/comments?post=2090813"}],"wp:featuredmedia":[{"embeddable":true,"href":"https:\/\/streetmarkets.fr\/app\/wp-json\/wp\/v2\/media\/2090814"}],"wp:attachment":[{"href":"https:\/\/streetmarkets.fr\/app\/wp-json\/wp\/v2\/media?parent=2090813"}],"wp:term":[{"taxonomy":"product_brand","embeddable":true,"href":"https:\/\/streetmarkets.fr\/app\/wp-json\/wp\/v2\/product_brand?post=2090813"},{"taxonomy":"product_cat","embeddable":true,"href":"https:\/\/streetmarkets.fr\/app\/wp-json\/wp\/v2\/product_cat?post=2090813"},{"taxonomy":"product_tag","embeddable":true,"href":"https:\/\/streetmarkets.fr\/app\/wp-json\/wp\/v2\/product_tag?post=2090813"}],"curies":[{"name":"wp","href":"https:\/\/api.w.org\/{rel}","templated":true}]}}