{"id":2090790,"date":"2025-06-21T01:22:23","date_gmt":"2025-06-20T23:22:23","guid":{"rendered":"https:\/\/streetmarkets.fr\/app\/produit\/chaussettes-transparentes-limonade\/"},"modified":"2026-05-09T01:15:48","modified_gmt":"2026-05-08T23:15:48","slug":"chaussettes-transparentes-limonade","status":"publish","type":"product","link":"https:\/\/streetmarkets.fr\/app\/produit\/chaussettes-transparentes-limonade\/","title":{"rendered":"Chaussettes Transparentes Limonade"},"content":{"rendered":"<p class=\"p1\"><a title=\"Collection Coucou Suzette\" href=\"\/collections\/coucou-suzette\"><strong>Collection Coucou Suzette<\/strong><\/a><\/p>\n<p><span>Quand la vie nous donne des citrons, Coucou Suzette en fait des chaussettes transparentes limonade ! Avec des extr\u00e9mit\u00e9s jaune pastel on ne peut plus de saison, \u00e0 laisser joyeusement d\u00e9passer de ses souliers.<\/span><\/p>\n<ul>\n<li class=\"p1\">Taille Unique (36-40)\n<\/li>\n<li class=\"p1\"><span>Composition : Polyester 60%, Coton 39%, Elasthanne 1%<\/span><\/li>\n<li>Laver \u00e0 30\u00b0, s\u00e9cher \u00e0 l&#8217;air libre, ne pas repasser<span><\/span>\n<\/li>\n<li class=\"p1\"><span>Fabriqu\u00e9es en Chine dans une usine audit\u00e9e<\/span><\/li>\n<\/ul>\n","protected":false},"excerpt":{"rendered":"<p>Collection Coucou Suzette Quand la vie nous donne des citrons, Coucou Suzette en fait des chaussettes transparentes limonade ! Avec des extr\u00e9mit\u00e9s jaune pastel on ne peut plus de saison, \u00e0 laisser joyeusement d\u00e9passer de ses souliers. Taille Unique (36-40) Composition : Polyester 60%, Coton 39%, Elasthanne 1% Laver \u00e0 30\u00b0, s\u00e9cher \u00e0 l&#8217;air libre, [&hellip;]<\/p>\n","protected":false},"featured_media":2090791,"comment_status":"open","ping_status":"closed","template":"","meta":[],"product_brand":[],"product_cat":[1756,1762],"product_tag":[2244,1811],"acf":[],"_links":{"self":[{"href":"https:\/\/streetmarkets.fr\/app\/wp-json\/wp\/v2\/product\/2090790"}],"collection":[{"href":"https:\/\/streetmarkets.fr\/app\/wp-json\/wp\/v2\/product"}],"about":[{"href":"https:\/\/streetmarkets.fr\/app\/wp-json\/wp\/v2\/types\/product"}],"replies":[{"embeddable":true,"href":"https:\/\/streetmarkets.fr\/app\/wp-json\/wp\/v2\/comments?post=2090790"}],"wp:featuredmedia":[{"embeddable":true,"href":"https:\/\/streetmarkets.fr\/app\/wp-json\/wp\/v2\/media\/2090791"}],"wp:attachment":[{"href":"https:\/\/streetmarkets.fr\/app\/wp-json\/wp\/v2\/media?parent=2090790"}],"wp:term":[{"taxonomy":"product_brand","embeddable":true,"href":"https:\/\/streetmarkets.fr\/app\/wp-json\/wp\/v2\/product_brand?post=2090790"},{"taxonomy":"product_cat","embeddable":true,"href":"https:\/\/streetmarkets.fr\/app\/wp-json\/wp\/v2\/product_cat?post=2090790"},{"taxonomy":"product_tag","embeddable":true,"href":"https:\/\/streetmarkets.fr\/app\/wp-json\/wp\/v2\/product_tag?post=2090790"}],"curies":[{"name":"wp","href":"https:\/\/api.w.org\/{rel}","templated":true}]}}