{"id":2083568,"date":"2025-06-19T06:52:14","date_gmt":"2025-06-19T04:52:14","guid":{"rendered":"https:\/\/streetmarkets.fr\/app\/produit\/karyko-pants-134166\/"},"modified":"2026-03-16T05:48:18","modified_gmt":"2026-03-16T04:48:18","slug":"karyko-pants-134166","status":"publish","type":"product","link":"https:\/\/streetmarkets.fr\/app\/produit\/karyko-pants-134166\/","title":{"rendered":"Karyko Pants 134166"},"content":{"rendered":"<p data-end=\"389\" data-start=\"127\"><strong data-end=\"177\" data-start=\"127\">D\u00e9couvrez le pantalon Karyko 134166 de Drykorn<\/strong>, pens\u00e9 pour accompagner le blazer Nolen dans une silhouette moderne et d\u00e9contract\u00e9e. Gr\u00e2ce \u00e0 sa <strong data-end=\"295\" data-start=\"274\">coupe relaxed fit.<\/strong><\/p>\n<p data-end=\"659\" data-start=\"391\">Fabriqu\u00e9 dans un <strong data-end=\"448\" data-start=\"408\">m\u00e9lange de coton et viscose<\/strong>, ce pantalon assure une grande libert\u00e9 de mouvement tout en conservant une allure structur\u00e9e.\u00a0<\/p>\n","protected":false},"excerpt":{"rendered":"<p>D\u00e9couvrez le pantalon Karyko 134166 de Drykorn, pens\u00e9 pour accompagner le blazer Nolen dans une silhouette moderne et d\u00e9contract\u00e9e. Gr\u00e2ce \u00e0 sa coupe relaxed fit. Fabriqu\u00e9 dans un m\u00e9lange de coton et viscose, ce pantalon assure une grande libert\u00e9 de mouvement tout en conservant une allure structur\u00e9e.\u00a0<\/p>\n","protected":false},"featured_media":2083569,"comment_status":"open","ping_status":"closed","template":"","meta":[],"product_brand":[],"product_cat":[1756,1758],"product_tag":[2244],"acf":[],"_links":{"self":[{"href":"https:\/\/streetmarkets.fr\/app\/wp-json\/wp\/v2\/product\/2083568"}],"collection":[{"href":"https:\/\/streetmarkets.fr\/app\/wp-json\/wp\/v2\/product"}],"about":[{"href":"https:\/\/streetmarkets.fr\/app\/wp-json\/wp\/v2\/types\/product"}],"replies":[{"embeddable":true,"href":"https:\/\/streetmarkets.fr\/app\/wp-json\/wp\/v2\/comments?post=2083568"}],"wp:featuredmedia":[{"embeddable":true,"href":"https:\/\/streetmarkets.fr\/app\/wp-json\/wp\/v2\/media\/2083569"}],"wp:attachment":[{"href":"https:\/\/streetmarkets.fr\/app\/wp-json\/wp\/v2\/media?parent=2083568"}],"wp:term":[{"taxonomy":"product_brand","embeddable":true,"href":"https:\/\/streetmarkets.fr\/app\/wp-json\/wp\/v2\/product_brand?post=2083568"},{"taxonomy":"product_cat","embeddable":true,"href":"https:\/\/streetmarkets.fr\/app\/wp-json\/wp\/v2\/product_cat?post=2083568"},{"taxonomy":"product_tag","embeddable":true,"href":"https:\/\/streetmarkets.fr\/app\/wp-json\/wp\/v2\/product_tag?post=2083568"}],"curies":[{"name":"wp","href":"https:\/\/api.w.org\/{rel}","templated":true}]}}