{"id":2083560,"date":"2025-06-19T06:52:13","date_gmt":"2025-06-19T04:52:13","guid":{"rendered":"https:\/\/streetmarkets.fr\/app\/produit\/slim-oasis-linen-navy-check-blz\/"},"modified":"2026-03-16T05:48:17","modified_gmt":"2026-03-16T04:48:17","slug":"slim-oasis-linen-navy-check-blz","status":"publish","type":"product","link":"https:\/\/streetmarkets.fr\/app\/produit\/slim-oasis-linen-navy-check-blz\/","title":{"rendered":"Slim Oasis Linen Navy Check Blz"},"content":{"rendered":"<p data-start=\"163\" data-end=\"727\"><strong data-start=\"163\" data-end=\"226\">D\u00e9couvrez le blazer Slim Oasis Linen Navy Check de SELECTED<\/strong>, une <strong data-start=\"232\" data-end=\"268\">pi\u00e8ce sophistiqu\u00e9e et structur\u00e9e<\/strong>, id\u00e9ale pour l\u2019\u00e9t\u00e9. <strong data-start=\"289\" data-end=\"342\">Fabriqu\u00e9 \u00e0 partir d\u2019un m\u00e9lange de coton et de lin<\/strong>, ce blazer offre une <strong data-start=\"364\" data-end=\"386\">coupe slim moderne<\/strong> qui convient \u00e0 <strong data-start=\"402\" data-end=\"427\">diverses morphologies<\/strong>. Sa <strong data-start=\"432\" data-end=\"449\">coupe ajust\u00e9e<\/strong> met en valeur les \u00e9paules et s\u2019affine \u00e0 la taille, tandis que les <strong data-start=\"516\" data-end=\"541\" data-is-only-node=\"\">doubles fentes au dos<\/strong> ajoutent une <strong data-start=\"555\" data-end=\"590\">touche de chic et d\u2019originalit\u00e9<\/strong>. Le <strong data-start=\"595\" data-end=\"638\">motif \u00e0 grands carreaux sur fond marine<\/strong> rappelle les <strong data-start=\"652\" data-end=\"669\">looks vintage<\/strong> de nos grands-parents, alliant <strong data-start=\"701\" data-end=\"726\">subtilit\u00e9 et \u00e9l\u00e9gance<\/strong>.<\/p>\n<p data-start=\"729\" data-end=\"1105\">Ce blazer \u00e0 <strong data-start=\"741\" data-end=\"762\">simple boutonnage<\/strong> pr\u00e9sente des <strong data-start=\"776\" data-end=\"811\">revers crant\u00e9s avec boutonni\u00e8re<\/strong>, des <strong data-start=\"817\" data-end=\"860\">manches longues avec poignets boutonn\u00e9s<\/strong>, une <strong data-start=\"866\" data-end=\"891\">poche poitrine soud\u00e9e<\/strong> et des <strong data-start=\"899\" data-end=\"923\">poches avant \u00e0 rabat<\/strong>. Une <strong data-start=\"929\" data-end=\"958\">poche \u00e0 monnaie \u00e0 l\u2019avant<\/strong> apporte un <strong data-start=\"970\" data-end=\"1000\">d\u00e9tail tailleur intemporel<\/strong>. <strong data-start=\"1002\" data-end=\"1017\">Semi-doubl\u00e9<\/strong> et <strong data-start=\"1021\" data-end=\"1064\">fabriqu\u00e9 \u00e0 partir de mati\u00e8res recycl\u00e9es<\/strong>, il constitue un <strong data-start=\"1082\" data-end=\"1104\">choix plus durable<\/strong>.<\/p>\n<p data-start=\"1107\" data-end=\"1291\"><strong data-start=\"1107\" data-end=\"1158\">Associez-le \u00e0 notre pantalon \u00e0 carreaux assorti<\/strong>, \u00e0 une <strong data-start=\"1166\" data-end=\"1187\">chemise boutonn\u00e9e<\/strong> et \u00e0 des <strong data-start=\"1197\" data-end=\"1225\">chaussures derby en cuir<\/strong> pour un <strong data-start=\"1234\" data-end=\"1253\">look impeccable<\/strong>. <strong data-start=\"1255\" data-end=\"1291\">Disponible chez Harold, \u00e0 Paris.<\/strong><\/p>\n","protected":false},"excerpt":{"rendered":"<p>D\u00e9couvrez le blazer Slim Oasis Linen Navy Check de SELECTED, une pi\u00e8ce sophistiqu\u00e9e et structur\u00e9e, id\u00e9ale pour l\u2019\u00e9t\u00e9. Fabriqu\u00e9 \u00e0 partir d\u2019un m\u00e9lange de coton et de lin, ce blazer offre une coupe slim moderne qui convient \u00e0 diverses morphologies. Sa coupe ajust\u00e9e met en valeur les \u00e9paules et s\u2019affine \u00e0 la taille, tandis que [&hellip;]<\/p>\n","protected":false},"featured_media":2083561,"comment_status":"open","ping_status":"closed","template":"","meta":[],"product_brand":[],"product_cat":[1756,1758],"product_tag":[2244],"acf":[],"_links":{"self":[{"href":"https:\/\/streetmarkets.fr\/app\/wp-json\/wp\/v2\/product\/2083560"}],"collection":[{"href":"https:\/\/streetmarkets.fr\/app\/wp-json\/wp\/v2\/product"}],"about":[{"href":"https:\/\/streetmarkets.fr\/app\/wp-json\/wp\/v2\/types\/product"}],"replies":[{"embeddable":true,"href":"https:\/\/streetmarkets.fr\/app\/wp-json\/wp\/v2\/comments?post=2083560"}],"wp:featuredmedia":[{"embeddable":true,"href":"https:\/\/streetmarkets.fr\/app\/wp-json\/wp\/v2\/media\/2083561"}],"wp:attachment":[{"href":"https:\/\/streetmarkets.fr\/app\/wp-json\/wp\/v2\/media?parent=2083560"}],"wp:term":[{"taxonomy":"product_brand","embeddable":true,"href":"https:\/\/streetmarkets.fr\/app\/wp-json\/wp\/v2\/product_brand?post=2083560"},{"taxonomy":"product_cat","embeddable":true,"href":"https:\/\/streetmarkets.fr\/app\/wp-json\/wp\/v2\/product_cat?post=2083560"},{"taxonomy":"product_tag","embeddable":true,"href":"https:\/\/streetmarkets.fr\/app\/wp-json\/wp\/v2\/product_tag?post=2083560"}],"curies":[{"name":"wp","href":"https:\/\/api.w.org\/{rel}","templated":true}]}}