{"id":2083556,"date":"2025-06-19T06:52:13","date_gmt":"2025-06-19T04:52:13","guid":{"rendered":"https:\/\/streetmarkets.fr\/app\/produit\/carles-blazer-42381\/"},"modified":"2026-03-16T05:48:17","modified_gmt":"2026-03-16T04:48:17","slug":"carles-blazer-42381","status":"publish","type":"product","link":"https:\/\/streetmarkets.fr\/app\/produit\/carles-blazer-42381\/","title":{"rendered":"Carles Blazer 42381"},"content":{"rendered":"<p><span data-sheets-userformat='{\"2\":897,\"3\":{\"1\":0},\"10\":1,\"11\":4,\"12\":0}' data-sheets-value=\"{&quot;1&quot;:2,&quot;2&quot;:&quot;D\u00e9couvrez la quintessence du style d\u00e9contract\u00e9 et chic avec la veste de costume Carles Blazer 42381 de Drykorn, disponible chez Harold \u00e0 Paris. Cette pi\u00e8ce embl\u00e9matique incarne la sophistication contemporaine gr\u00e2ce \u00e0 sa coupe r\u00e9guli\u00e8re et ses d\u00e9tails raffin\u00e9s qui ajoutent une touche de distinction \u00e0 toute tenue.\\n\\nLa veste de costume Carles, dot\u00e9e d'une silhouette \u00e0 deux boutons, allie confort et \u00e9l\u00e9gance. Avec son revers tombant et ses poches plaqu\u00e9es, elle offre un \u00e9quilibre parfait entre d\u00e9contraction et sophistication, id\u00e9ale pour toutes les occasions. Fabriqu\u00e9e dans un m\u00e9lange de lin, polyester, viscose et \u00e9lasthanne, la Carles Blazer 42381 procure une sensation de luxe et de confort tout au long de la journ\u00e9e, garantissant \u00e9galement une durabilit\u00e9 exceptionnelle.\\n\\nAvec sa coupe regular fit et ses revers en escalier, cette veste pr\u00e9sente une allure moderne et polyvalente. Ses deux a\u00e9rations lat\u00e9rales permettent une libert\u00e9 de mouvement optimale. Que ce soit pour une r\u00e9union de travail ou un \u00e9v\u00e9nement sp\u00e9cial, la Carles Blazer 42381 est le choix id\u00e9al pour un style \u00e9l\u00e9gant et d\u00e9contract\u00e9.\\n\\nDisponible d\u00e8s maintenant en boutique et en ligne, laissez-vous s\u00e9duire par l'\u00e9l\u00e9gance d\u00e9contract\u00e9e de la veste Carles de Drykorn.&quot;}\" data-sheets-root=\"1\">D\u00e9couvrez la quintessence du style d\u00e9contract\u00e9 et chic avec la <strong>veste de costume Carles Blazer 42381<\/strong> de <strong>Drykorn<\/strong>, disponible chez <strong>Harold <\/strong>\u00e0 Paris. Cette pi\u00e8ce embl\u00e9matique incarne la sophistication contemporaine gr\u00e2ce \u00e0 sa coupe r\u00e9guli\u00e8re et ses d\u00e9tails raffin\u00e9s qui ajoutent une touche distinctive \u00e0 chaque tenue.<\/p>\n<p>La veste de costume Carles, dot\u00e9e d&#8217;une silhouette \u00e0 deux boutons, allie confort et \u00e9l\u00e9gance. Avec son revers tombant et ses poches plaqu\u00e9es, elle offre un \u00e9quilibre parfait entre d\u00e9contraction et sophistication, id\u00e9ale pour toutes les occasions. Fabriqu\u00e9e dans un <strong>m\u00e9lange de lin, polyester, viscose et \u00e9lasthanne<\/strong>, la Carles Blazer 42381 procure une sensation de luxe et de confort tout au long de la journ\u00e9e, garantissant \u00e9galement une durabilit\u00e9 exceptionnelle.<\/p>\n<p>Avec sa coupe regular fit et ses revers en escalier, cette veste pr\u00e9sente une allure moderne et polyvalente. Ses deux a\u00e9rations lat\u00e9rales permettent une libert\u00e9 de mouvement optimale. Que ce soit pour une r\u00e9union de travail ou un \u00e9v\u00e9nement sp\u00e9cial, la Carles Blazer 42381 est le choix id\u00e9al pour un style \u00e9l\u00e9gant et d\u00e9contract\u00e9, vous pouvez m\u00eame l&#8217;associer au <a rel=\"noopener\" href=\"https:\/\/0df44e-78.myshopify.com\/products\/ajend-trouser-138339\" target=\"_blank\"><strong>pantalon de costume Ajend Trouser 40652<\/strong><\/a> pour un total look !<\/p>\n<p>Disponible d\u00e8s maintenant en boutique et en ligne, laissez-vous s\u00e9duire par l&#8217;\u00e9l\u00e9gance d\u00e9contract\u00e9e de la veste Carles de Drykorn.<\/span><\/p>\n<p><!--td {border: 1px solid #cccccc;}br {mso-data-placement:same-cell;}--><\/p>\n","protected":false},"excerpt":{"rendered":"<p>D\u00e9couvrez la quintessence du style d\u00e9contract\u00e9 et chic avec la veste de costume Carles Blazer 42381 de Drykorn, disponible chez Harold \u00e0 Paris. Cette pi\u00e8ce embl\u00e9matique incarne la sophistication contemporaine gr\u00e2ce \u00e0 sa coupe r\u00e9guli\u00e8re et ses d\u00e9tails raffin\u00e9s qui ajoutent une touche distinctive \u00e0 chaque tenue. La veste de costume Carles, dot\u00e9e d&#8217;une silhouette [&hellip;]<\/p>\n","protected":false},"featured_media":2083557,"comment_status":"open","ping_status":"closed","template":"","meta":[],"product_brand":[],"product_cat":[1756,1758],"product_tag":[2244],"acf":[],"_links":{"self":[{"href":"https:\/\/streetmarkets.fr\/app\/wp-json\/wp\/v2\/product\/2083556"}],"collection":[{"href":"https:\/\/streetmarkets.fr\/app\/wp-json\/wp\/v2\/product"}],"about":[{"href":"https:\/\/streetmarkets.fr\/app\/wp-json\/wp\/v2\/types\/product"}],"replies":[{"embeddable":true,"href":"https:\/\/streetmarkets.fr\/app\/wp-json\/wp\/v2\/comments?post=2083556"}],"wp:featuredmedia":[{"embeddable":true,"href":"https:\/\/streetmarkets.fr\/app\/wp-json\/wp\/v2\/media\/2083557"}],"wp:attachment":[{"href":"https:\/\/streetmarkets.fr\/app\/wp-json\/wp\/v2\/media?parent=2083556"}],"wp:term":[{"taxonomy":"product_brand","embeddable":true,"href":"https:\/\/streetmarkets.fr\/app\/wp-json\/wp\/v2\/product_brand?post=2083556"},{"taxonomy":"product_cat","embeddable":true,"href":"https:\/\/streetmarkets.fr\/app\/wp-json\/wp\/v2\/product_cat?post=2083556"},{"taxonomy":"product_tag","embeddable":true,"href":"https:\/\/streetmarkets.fr\/app\/wp-json\/wp\/v2\/product_tag?post=2083556"}],"curies":[{"name":"wp","href":"https:\/\/api.w.org\/{rel}","templated":true}]}}