{"id":2077739,"date":"2025-06-19T01:14:25","date_gmt":"2025-06-18T23:14:25","guid":{"rendered":"https:\/\/streetmarkets.fr\/app\/produit\/chaussettes-virginie-hello-sunshine\/"},"modified":"2025-11-24T00:15:48","modified_gmt":"2025-11-23T23:15:48","slug":"chaussettes-virginie-hello-sunshine","status":"publish","type":"product","link":"https:\/\/streetmarkets.fr\/app\/produit\/chaussettes-virginie-hello-sunshine\/","title":{"rendered":"Chaussettes Virginie Hello Sunshine"},"content":{"rendered":"<p>Fabriqu\u00e9es au c\u0153ur du Tarn et remaill\u00e9es \u00e0 la main, cette paire mise sur le confort et la belle finition. Le coton peign\u00e9 apporte une vraie douceur sous le pied, tandis que le polyamide et l\u2019\u00e9lasthane assurent un maintien agr\u00e9able toute la journ\u00e9e. Un fil de lurex glisse une touche brillante, juste ce qu\u2019il faut pour un esprit &#8220;Hello Sunshine&#8221;. Taille unique 36\u201340, parfaites pour le quotidien et les petites attentions qui font sourire.<\/p>\n","protected":false},"excerpt":{"rendered":"<p>Fabriqu\u00e9es au c\u0153ur du Tarn et remaill\u00e9es \u00e0 la main, cette paire mise sur le confort et la belle finition. Le coton peign\u00e9 apporte une vraie douceur sous le pied, tandis que le polyamide et l\u2019\u00e9lasthane assurent un maintien agr\u00e9able toute la journ\u00e9e. Un fil de lurex glisse une touche brillante, juste ce qu\u2019il faut [&hellip;]<\/p>\n","protected":false},"featured_media":2077740,"comment_status":"open","ping_status":"closed","template":"","meta":[],"product_brand":[],"product_cat":[1756,1764],"product_tag":[1810],"acf":[],"_links":{"self":[{"href":"https:\/\/streetmarkets.fr\/app\/wp-json\/wp\/v2\/product\/2077739"}],"collection":[{"href":"https:\/\/streetmarkets.fr\/app\/wp-json\/wp\/v2\/product"}],"about":[{"href":"https:\/\/streetmarkets.fr\/app\/wp-json\/wp\/v2\/types\/product"}],"replies":[{"embeddable":true,"href":"https:\/\/streetmarkets.fr\/app\/wp-json\/wp\/v2\/comments?post=2077739"}],"wp:featuredmedia":[{"embeddable":true,"href":"https:\/\/streetmarkets.fr\/app\/wp-json\/wp\/v2\/media\/2077740"}],"wp:attachment":[{"href":"https:\/\/streetmarkets.fr\/app\/wp-json\/wp\/v2\/media?parent=2077739"}],"wp:term":[{"taxonomy":"product_brand","embeddable":true,"href":"https:\/\/streetmarkets.fr\/app\/wp-json\/wp\/v2\/product_brand?post=2077739"},{"taxonomy":"product_cat","embeddable":true,"href":"https:\/\/streetmarkets.fr\/app\/wp-json\/wp\/v2\/product_cat?post=2077739"},{"taxonomy":"product_tag","embeddable":true,"href":"https:\/\/streetmarkets.fr\/app\/wp-json\/wp\/v2\/product_tag?post=2077739"}],"curies":[{"name":"wp","href":"https:\/\/api.w.org\/{rel}","templated":true}]}}