{"id":2077721,"date":"2025-06-18T04:07:08","date_gmt":"2025-06-18T02:07:08","guid":{"rendered":"https:\/\/streetmarkets.fr\/app\/produit\/wes-3\/"},"modified":"2026-04-29T03:50:30","modified_gmt":"2026-04-29T01:50:30","slug":"wes-3","status":"publish","type":"product","link":"https:\/\/streetmarkets.fr\/app\/produit\/wes-3\/","title":{"rendered":"Wes"},"content":{"rendered":"<p>Fabriqu\u00e9e \u00e0 la main en bio-ac\u00e9tate en Italie<\/p>\n<p>Etui en\u00a0cuir 100 % biologique provenant de la tannerie su\u00e9doise Tarnsj\u00f6 Garveri.<\/p>\n<p>49-22\/145mm<\/p>\n<p>WES-100<\/p>\n","protected":false},"excerpt":{"rendered":"<p>Fabriqu\u00e9e \u00e0 la main en bio-ac\u00e9tate en Italie Etui en\u00a0cuir 100 % biologique provenant de la tannerie su\u00e9doise Tarnsj\u00f6 Garveri. 49-22\/145mm WES-100<\/p>\n","protected":false},"featured_media":2077722,"comment_status":"open","ping_status":"closed","template":"","meta":[],"product_brand":[],"product_cat":[1756,1764,1760],"product_tag":[2244],"acf":[],"_links":{"self":[{"href":"https:\/\/streetmarkets.fr\/app\/wp-json\/wp\/v2\/product\/2077721"}],"collection":[{"href":"https:\/\/streetmarkets.fr\/app\/wp-json\/wp\/v2\/product"}],"about":[{"href":"https:\/\/streetmarkets.fr\/app\/wp-json\/wp\/v2\/types\/product"}],"replies":[{"embeddable":true,"href":"https:\/\/streetmarkets.fr\/app\/wp-json\/wp\/v2\/comments?post=2077721"}],"wp:featuredmedia":[{"embeddable":true,"href":"https:\/\/streetmarkets.fr\/app\/wp-json\/wp\/v2\/media\/2077722"}],"wp:attachment":[{"href":"https:\/\/streetmarkets.fr\/app\/wp-json\/wp\/v2\/media?parent=2077721"}],"wp:term":[{"taxonomy":"product_brand","embeddable":true,"href":"https:\/\/streetmarkets.fr\/app\/wp-json\/wp\/v2\/product_brand?post=2077721"},{"taxonomy":"product_cat","embeddable":true,"href":"https:\/\/streetmarkets.fr\/app\/wp-json\/wp\/v2\/product_cat?post=2077721"},{"taxonomy":"product_tag","embeddable":true,"href":"https:\/\/streetmarkets.fr\/app\/wp-json\/wp\/v2\/product_tag?post=2077721"}],"curies":[{"name":"wp","href":"https:\/\/api.w.org\/{rel}","templated":true}]}}