{"id":2077693,"date":"2025-06-18T04:07:07","date_gmt":"2025-06-18T02:07:07","guid":{"rendered":"https:\/\/streetmarkets.fr\/app\/produit\/wes\/"},"modified":"2026-05-10T03:51:07","modified_gmt":"2026-05-10T01:51:07","slug":"wes","status":"publish","type":"product","link":"https:\/\/streetmarkets.fr\/app\/produit\/wes\/","title":{"rendered":"Wes"},"content":{"rendered":"<p>Fabriqu\u00e9e \u00e0 la main en bio-ac\u00e9tate en Italie<\/p>\n<p>Etui en\u00a0cuir 100 % biologique provenant de la tannerie su\u00e9doise Tarnsj\u00f6 Garveri.<\/p>\n<p>49-22\/145mm<\/p>\n<p>Couleur fournisseur: Toga Red<\/p>\n<p>WES-600<\/p>\n","protected":false},"excerpt":{"rendered":"<p>Fabriqu\u00e9e \u00e0 la main en bio-ac\u00e9tate en Italie Etui en\u00a0cuir 100 % biologique provenant de la tannerie su\u00e9doise Tarnsj\u00f6 Garveri. 49-22\/145mm Couleur fournisseur: Toga Red WES-600<\/p>\n","protected":false},"featured_media":2077694,"comment_status":"open","ping_status":"closed","template":"","meta":[],"product_brand":[],"product_cat":[1756,1764,1760],"product_tag":[2244],"acf":[],"_links":{"self":[{"href":"https:\/\/streetmarkets.fr\/app\/wp-json\/wp\/v2\/product\/2077693"}],"collection":[{"href":"https:\/\/streetmarkets.fr\/app\/wp-json\/wp\/v2\/product"}],"about":[{"href":"https:\/\/streetmarkets.fr\/app\/wp-json\/wp\/v2\/types\/product"}],"replies":[{"embeddable":true,"href":"https:\/\/streetmarkets.fr\/app\/wp-json\/wp\/v2\/comments?post=2077693"}],"wp:featuredmedia":[{"embeddable":true,"href":"https:\/\/streetmarkets.fr\/app\/wp-json\/wp\/v2\/media\/2077694"}],"wp:attachment":[{"href":"https:\/\/streetmarkets.fr\/app\/wp-json\/wp\/v2\/media?parent=2077693"}],"wp:term":[{"taxonomy":"product_brand","embeddable":true,"href":"https:\/\/streetmarkets.fr\/app\/wp-json\/wp\/v2\/product_brand?post=2077693"},{"taxonomy":"product_cat","embeddable":true,"href":"https:\/\/streetmarkets.fr\/app\/wp-json\/wp\/v2\/product_cat?post=2077693"},{"taxonomy":"product_tag","embeddable":true,"href":"https:\/\/streetmarkets.fr\/app\/wp-json\/wp\/v2\/product_tag?post=2077693"}],"curies":[{"name":"wp","href":"https:\/\/api.w.org\/{rel}","templated":true}]}}