{"id":2072591,"date":"2025-06-18T02:13:18","date_gmt":"2025-06-18T00:13:18","guid":{"rendered":"https:\/\/streetmarkets.fr\/app\/produit\/t-shirt-col-rond-manches-courtes-s25-femme-navy-2\/"},"modified":"2025-10-02T02:01:53","modified_gmt":"2025-10-02T00:01:53","slug":"t-shirt-col-rond-manches-courtes-s25-femme-navy-2","status":"publish","type":"product","link":"https:\/\/streetmarkets.fr\/app\/produit\/t-shirt-col-rond-manches-courtes-s25-femme-navy-2\/","title":{"rendered":"T-shirt Col Rond Manches Courtes (S25 \/ FEMME \/ Navy)"},"content":{"rendered":"<p>Ce t-shirt en coton d\u00e9voile un c\u0153ur d\u00e9licatement brod\u00e9 sur la poitrine. Muni d&#8217;un col rond et de manches courtes, il compl\u00e8te vos tenues d\u00e9contract\u00e9es comme plus sophistiqu\u00e9es.<\/p>\n<p>&#8211; T-shirt en coton Femme<br \/>\n<br \/>&#8211; Broderie c\u0153ur<br \/>\n<br \/>&#8211; Col rond<br \/>\n<br \/>&#8211; Manches courtes<br \/>\n<br \/>&#8211; Coupe regular<\/p>\n","protected":false},"excerpt":{"rendered":"<p>Ce t-shirt en coton d\u00e9voile un c\u0153ur d\u00e9licatement brod\u00e9 sur la poitrine. Muni d&#8217;un col rond et de manches courtes, il compl\u00e8te vos tenues d\u00e9contract\u00e9es comme plus sophistiqu\u00e9es. &#8211; T-shirt en coton Femme &#8211; Broderie c\u0153ur &#8211; Col rond &#8211; Manches courtes &#8211; Coupe regular<\/p>\n","protected":false},"featured_media":2072592,"comment_status":"open","ping_status":"closed","template":"","meta":[],"product_brand":[6868],"product_cat":[1756,1762],"product_tag":[2244],"acf":[],"_links":{"self":[{"href":"https:\/\/streetmarkets.fr\/app\/wp-json\/wp\/v2\/product\/2072591"}],"collection":[{"href":"https:\/\/streetmarkets.fr\/app\/wp-json\/wp\/v2\/product"}],"about":[{"href":"https:\/\/streetmarkets.fr\/app\/wp-json\/wp\/v2\/types\/product"}],"replies":[{"embeddable":true,"href":"https:\/\/streetmarkets.fr\/app\/wp-json\/wp\/v2\/comments?post=2072591"}],"wp:featuredmedia":[{"embeddable":true,"href":"https:\/\/streetmarkets.fr\/app\/wp-json\/wp\/v2\/media\/2072592"}],"wp:attachment":[{"href":"https:\/\/streetmarkets.fr\/app\/wp-json\/wp\/v2\/media?parent=2072591"}],"wp:term":[{"taxonomy":"product_brand","embeddable":true,"href":"https:\/\/streetmarkets.fr\/app\/wp-json\/wp\/v2\/product_brand?post=2072591"},{"taxonomy":"product_cat","embeddable":true,"href":"https:\/\/streetmarkets.fr\/app\/wp-json\/wp\/v2\/product_cat?post=2072591"},{"taxonomy":"product_tag","embeddable":true,"href":"https:\/\/streetmarkets.fr\/app\/wp-json\/wp\/v2\/product_tag?post=2072591"}],"curies":[{"name":"wp","href":"https:\/\/api.w.org\/{rel}","templated":true}]}}