{"id":2071743,"date":"2025-06-18T00:49:00","date_gmt":"2025-06-17T22:49:00","guid":{"rendered":"https:\/\/streetmarkets.fr\/app\/produit\/ciele-casquette-gocap-pyn-comp-onehundred-lightgrey\/"},"modified":"2026-05-11T00:49:09","modified_gmt":"2026-05-10T22:49:09","slug":"ciele-casquette-gocap-pyn-comp-onehundred-lightgrey","status":"publish","type":"product","link":"https:\/\/streetmarkets.fr\/app\/produit\/ciele-casquette-gocap-pyn-comp-onehundred-lightgrey\/","title":{"rendered":"Ciele casquette GOCap PYN Comp Onehundred LightGrey"},"content":{"rendered":"<p dir=\"ltr\">Le nouveau mod\u00e8le de casquette Ciele avec son cache-cou int\u00e9gr\u00e9, \u00e0 vous le desert.<\/p>\n<p>La GOCap PYN Comp associe la coupe extensible du tissu FLEXweave et COOLmatic | PLUS MIKRAmesh\u2122 pour un refroidissement acc\u00e9l\u00e9r\u00e9 lors des longues courses d&#8217;\u00e9t\u00e9 o\u00f9 l&#8217;ombre est difficile \u00e0 trouver.<\/p>\n<p><span>Son cache-cou est amovible ! Un deux-en-un fait de la PYN la casquette la plus polyvalente pour les conditions intenses de l&#8217;\u00e9t\u00e9. En prime, le logo est r\u00e9fl\u00e9chissant, ce qui vous permettra d&#8217;\u00eatre visible lors de vos sorties nocturnes.<\/span><span><\/span><\/p>\n<p><span>Disponible en taille S\/M : 56,5cm<\/span><\/p>\n","protected":false},"excerpt":{"rendered":"<p>Le nouveau mod\u00e8le de casquette Ciele avec son cache-cou int\u00e9gr\u00e9, \u00e0 vous le desert. La GOCap PYN Comp associe la coupe extensible du tissu FLEXweave et COOLmatic | PLUS MIKRAmesh\u2122 pour un refroidissement acc\u00e9l\u00e9r\u00e9 lors des longues courses d&#8217;\u00e9t\u00e9 o\u00f9 l&#8217;ombre est difficile \u00e0 trouver. Son cache-cou est amovible ! Un deux-en-un fait de la [&hellip;]<\/p>\n","protected":false},"featured_media":2071744,"comment_status":"open","ping_status":"closed","template":"","meta":[],"product_brand":[],"product_cat":[1756,1764,1760],"product_tag":[2244,1811],"acf":[],"_links":{"self":[{"href":"https:\/\/streetmarkets.fr\/app\/wp-json\/wp\/v2\/product\/2071743"}],"collection":[{"href":"https:\/\/streetmarkets.fr\/app\/wp-json\/wp\/v2\/product"}],"about":[{"href":"https:\/\/streetmarkets.fr\/app\/wp-json\/wp\/v2\/types\/product"}],"replies":[{"embeddable":true,"href":"https:\/\/streetmarkets.fr\/app\/wp-json\/wp\/v2\/comments?post=2071743"}],"wp:featuredmedia":[{"embeddable":true,"href":"https:\/\/streetmarkets.fr\/app\/wp-json\/wp\/v2\/media\/2071744"}],"wp:attachment":[{"href":"https:\/\/streetmarkets.fr\/app\/wp-json\/wp\/v2\/media?parent=2071743"}],"wp:term":[{"taxonomy":"product_brand","embeddable":true,"href":"https:\/\/streetmarkets.fr\/app\/wp-json\/wp\/v2\/product_brand?post=2071743"},{"taxonomy":"product_cat","embeddable":true,"href":"https:\/\/streetmarkets.fr\/app\/wp-json\/wp\/v2\/product_cat?post=2071743"},{"taxonomy":"product_tag","embeddable":true,"href":"https:\/\/streetmarkets.fr\/app\/wp-json\/wp\/v2\/product_tag?post=2071743"}],"curies":[{"name":"wp","href":"https:\/\/api.w.org\/{rel}","templated":true}]}}