{"id":2066398,"date":"2025-06-17T02:07:34","date_gmt":"2025-06-17T00:07:34","guid":{"rendered":"https:\/\/streetmarkets.fr\/app\/produit\/robe-longue-bretelles-noah-s25-femme-fuzzy-green\/"},"modified":"2025-08-29T01:52:58","modified_gmt":"2025-08-28T23:52:58","slug":"robe-longue-bretelles-noah-s25-femme-fuzzy-green","status":"publish","type":"product","link":"https:\/\/streetmarkets.fr\/app\/produit\/robe-longue-bretelles-noah-s25-femme-fuzzy-green\/","title":{"rendered":"Robe Longue Bretelles Noah (S25 \/ FEMME \/ Fuzzy Green)"},"content":{"rendered":"<p>&#8211; Robe longue en satin de soie Femme<br \/>\n<br \/>&#8211; Imprim\u00e9 flout\u00e9<br \/>\n<br \/>&#8211; D\u00e9collet\u00e9 arrondi<br \/>\n<br \/>&#8211; Bretelles fines ajustables<br \/>\n<br \/>&#8211; Jupe fendue<br \/>\n<br \/>&#8211; Coupe slim<\/p>\n","protected":false},"excerpt":{"rendered":"<p>&#8211; Robe longue en satin de soie Femme &#8211; Imprim\u00e9 flout\u00e9 &#8211; D\u00e9collet\u00e9 arrondi &#8211; Bretelles fines ajustables &#8211; Jupe fendue &#8211; Coupe slim<\/p>\n","protected":false},"featured_media":2066399,"comment_status":"open","ping_status":"closed","template":"","meta":[],"product_brand":[6868],"product_cat":[1756,1762],"product_tag":[2244,1811],"acf":[],"_links":{"self":[{"href":"https:\/\/streetmarkets.fr\/app\/wp-json\/wp\/v2\/product\/2066398"}],"collection":[{"href":"https:\/\/streetmarkets.fr\/app\/wp-json\/wp\/v2\/product"}],"about":[{"href":"https:\/\/streetmarkets.fr\/app\/wp-json\/wp\/v2\/types\/product"}],"replies":[{"embeddable":true,"href":"https:\/\/streetmarkets.fr\/app\/wp-json\/wp\/v2\/comments?post=2066398"}],"wp:featuredmedia":[{"embeddable":true,"href":"https:\/\/streetmarkets.fr\/app\/wp-json\/wp\/v2\/media\/2066399"}],"wp:attachment":[{"href":"https:\/\/streetmarkets.fr\/app\/wp-json\/wp\/v2\/media?parent=2066398"}],"wp:term":[{"taxonomy":"product_brand","embeddable":true,"href":"https:\/\/streetmarkets.fr\/app\/wp-json\/wp\/v2\/product_brand?post=2066398"},{"taxonomy":"product_cat","embeddable":true,"href":"https:\/\/streetmarkets.fr\/app\/wp-json\/wp\/v2\/product_cat?post=2066398"},{"taxonomy":"product_tag","embeddable":true,"href":"https:\/\/streetmarkets.fr\/app\/wp-json\/wp\/v2\/product_tag?post=2066398"}],"curies":[{"name":"wp","href":"https:\/\/api.w.org\/{rel}","templated":true}]}}