{"id":2066154,"date":"2025-06-16T06:53:09","date_gmt":"2025-06-16T04:53:09","guid":{"rendered":"https:\/\/streetmarkets.fr\/app\/produit\/cravatte-en-soie-motif-fleuri\/"},"modified":"2026-03-16T05:48:17","modified_gmt":"2026-03-16T04:48:17","slug":"cravatte-en-soie-motif-fleuri","status":"publish","type":"product","link":"https:\/\/streetmarkets.fr\/app\/produit\/cravatte-en-soie-motif-fleuri\/","title":{"rendered":"Cravatte en soie &#8211; motif fleuri"},"content":{"rendered":"<p>\u00c9levez votre style avec cette <strong>cravate en soie Borroni<\/strong>, alliant \u00e9l\u00e9gance et originalit\u00e9 gr\u00e2ce \u00e0 son <strong>motif fleuri discret <\/strong>sur un <strong>fond vert profond<\/strong>. Parfaite pour les occasions sp\u00e9ciales ou pour ajouter une touche chic \u00e0 votre tenue quotidienne, cette cravate est <strong>un choix raffin\u00e9 pour l&#8217;homme moderne<\/strong>.<\/p>\n<p>La cravatte 100% soie promet un <strong>toucher luxueux<\/strong> et une<strong> finition brillante<\/strong>, son vert fonc\u00e9 profond et ses <strong>motifs floraux discrets<\/strong> apporte une touche chic et distinctive.<br \/>Cette cravate Borroni est con\u00e7ue pour ceux qui appr\u00e9cient les <strong>d\u00e9tails subtils<\/strong> et le luxe. Un <strong>accessoire polyvalent<\/strong>, parfait pour les mariages, les \u00e9v\u00e9nements sociaux ou pour ajouter une touche de fantaisie \u00e0 un costume sobre.<\/p>\n<p>Associez cette cravate avec une chemise blanche pour un <strong>look \u00e9l\u00e9gant et intemporel<\/strong>.<br \/>Pour un contraste saisissant, portez-la avec un costume gris ou bleu marine, laissant le motif fleuri apporter une touche de couleur et de vie \u00e0 votre tenue.<\/p>\n<p>Retrouvez ce mod\u00e8le dans notre boutique <strong>Harold<\/strong>, au coeur du marais \u00e0 Paris, votre boutique de <strong>Pr\u00eat-\u00e0-porter homme<\/strong>.<\/p>\n","protected":false},"excerpt":{"rendered":"<p>\u00c9levez votre style avec cette cravate en soie Borroni, alliant \u00e9l\u00e9gance et originalit\u00e9 gr\u00e2ce \u00e0 son motif fleuri discret sur un fond vert profond. Parfaite pour les occasions sp\u00e9ciales ou pour ajouter une touche chic \u00e0 votre tenue quotidienne, cette cravate est un choix raffin\u00e9 pour l&#8217;homme moderne. La cravatte 100% soie promet un toucher [&hellip;]<\/p>\n","protected":false},"featured_media":2066155,"comment_status":"open","ping_status":"closed","template":"","meta":[],"product_brand":[],"product_cat":[1756,1760],"product_tag":[2244],"acf":[],"_links":{"self":[{"href":"https:\/\/streetmarkets.fr\/app\/wp-json\/wp\/v2\/product\/2066154"}],"collection":[{"href":"https:\/\/streetmarkets.fr\/app\/wp-json\/wp\/v2\/product"}],"about":[{"href":"https:\/\/streetmarkets.fr\/app\/wp-json\/wp\/v2\/types\/product"}],"replies":[{"embeddable":true,"href":"https:\/\/streetmarkets.fr\/app\/wp-json\/wp\/v2\/comments?post=2066154"}],"wp:featuredmedia":[{"embeddable":true,"href":"https:\/\/streetmarkets.fr\/app\/wp-json\/wp\/v2\/media\/2066155"}],"wp:attachment":[{"href":"https:\/\/streetmarkets.fr\/app\/wp-json\/wp\/v2\/media?parent=2066154"}],"wp:term":[{"taxonomy":"product_brand","embeddable":true,"href":"https:\/\/streetmarkets.fr\/app\/wp-json\/wp\/v2\/product_brand?post=2066154"},{"taxonomy":"product_cat","embeddable":true,"href":"https:\/\/streetmarkets.fr\/app\/wp-json\/wp\/v2\/product_cat?post=2066154"},{"taxonomy":"product_tag","embeddable":true,"href":"https:\/\/streetmarkets.fr\/app\/wp-json\/wp\/v2\/product_tag?post=2066154"}],"curies":[{"name":"wp","href":"https:\/\/api.w.org\/{rel}","templated":true}]}}