{"id":2066144,"date":"2025-06-16T06:53:07","date_gmt":"2025-06-16T04:53:07","guid":{"rendered":"https:\/\/streetmarkets.fr\/app\/produit\/cravatte-texturee-en-soie\/"},"modified":"2026-03-16T05:48:17","modified_gmt":"2026-03-16T04:48:17","slug":"cravatte-texturee-en-soie","status":"publish","type":"product","link":"https:\/\/streetmarkets.fr\/app\/produit\/cravatte-texturee-en-soie\/","title":{"rendered":"Cravatte textur\u00e9e en soie"},"content":{"rendered":"<p>D\u00e9couvrez l&#8217;<strong>\u00e9l\u00e9gance intemporelle<\/strong> avec cette <strong>cravate textur\u00e9e 100% soie<\/strong> de la marque <strong>Borroni<\/strong>. Parfaite pour les occasions formelles ou pour ajouter une touche sophistiqu\u00e9e \u00e0 votre tenue quotidienne<\/p>\n<p>Cette <strong>cravate textur\u00e9e vert fonc\u00e9<\/strong> est un incontournable de votre garde-robe.\u00a0La mati\u00e8re en soie offre un <strong>toucher luxueux<\/strong> et une finition brillante, tandis que le l\u00e9ger motif apporte un <strong>look distinctif et raffin\u00e9<\/strong>. La couleur donne une teinte riche et profonde \u00e0 votre tenue, qui se marie parfaitement avec une vari\u00e9t\u00e9 de costumes et de chemises.<\/p>\n<p>Cette cravate Borroni est con\u00e7ue pour ceux qui recherchent le luxe et le style. La texture unique et la couleur en font un <strong>accessoire polyvalent<\/strong>, id\u00e9al pour les r\u00e9unions d&#8217;affaires, les <strong>d\u00eeners \u00e9l\u00e9gants<\/strong> ou tout \u00e9v\u00e9nement sp\u00e9cial.\u00a0Associez-la avec une chemise blanche ou bleu clair pour un look classique.\u00a0Pour un contraste saisissant, portez-la avec un costume gris ou bleu marine.<\/p>\n<p>Retrouvez ce mod\u00e8le dans notre boutique Harold, au coeur du marais \u00e0 Paris, votre boutique de Pr\u00eat-\u00e0-porter homme.<\/p>\n","protected":false},"excerpt":{"rendered":"<p>D\u00e9couvrez l&#8217;\u00e9l\u00e9gance intemporelle avec cette cravate textur\u00e9e 100% soie de la marque Borroni. Parfaite pour les occasions formelles ou pour ajouter une touche sophistiqu\u00e9e \u00e0 votre tenue quotidienne Cette cravate textur\u00e9e vert fonc\u00e9 est un incontournable de votre garde-robe.\u00a0La mati\u00e8re en soie offre un toucher luxueux et une finition brillante, tandis que le l\u00e9ger motif [&hellip;]<\/p>\n","protected":false},"featured_media":2066145,"comment_status":"open","ping_status":"closed","template":"","meta":[],"product_brand":[],"product_cat":[1756,1760],"product_tag":[2244],"acf":[],"_links":{"self":[{"href":"https:\/\/streetmarkets.fr\/app\/wp-json\/wp\/v2\/product\/2066144"}],"collection":[{"href":"https:\/\/streetmarkets.fr\/app\/wp-json\/wp\/v2\/product"}],"about":[{"href":"https:\/\/streetmarkets.fr\/app\/wp-json\/wp\/v2\/types\/product"}],"replies":[{"embeddable":true,"href":"https:\/\/streetmarkets.fr\/app\/wp-json\/wp\/v2\/comments?post=2066144"}],"wp:featuredmedia":[{"embeddable":true,"href":"https:\/\/streetmarkets.fr\/app\/wp-json\/wp\/v2\/media\/2066145"}],"wp:attachment":[{"href":"https:\/\/streetmarkets.fr\/app\/wp-json\/wp\/v2\/media?parent=2066144"}],"wp:term":[{"taxonomy":"product_brand","embeddable":true,"href":"https:\/\/streetmarkets.fr\/app\/wp-json\/wp\/v2\/product_brand?post=2066144"},{"taxonomy":"product_cat","embeddable":true,"href":"https:\/\/streetmarkets.fr\/app\/wp-json\/wp\/v2\/product_cat?post=2066144"},{"taxonomy":"product_tag","embeddable":true,"href":"https:\/\/streetmarkets.fr\/app\/wp-json\/wp\/v2\/product_tag?post=2066144"}],"curies":[{"name":"wp","href":"https:\/\/api.w.org\/{rel}","templated":true}]}}