{"id":2059288,"date":"2025-06-16T01:33:27","date_gmt":"2025-06-15T23:33:27","guid":{"rendered":"https:\/\/streetmarkets.fr\/app\/produit\/faguo-sweat-dirac-kaki\/"},"modified":"2025-12-14T00:29:18","modified_gmt":"2025-12-13T23:29:18","slug":"faguo-sweat-dirac-kaki","status":"publish","type":"product","link":"https:\/\/streetmarkets.fr\/app\/produit\/faguo-sweat-dirac-kaki\/","title":{"rendered":"Faguo &#8211; Sweat Dirac Kaki"},"content":{"rendered":"<p>Le hoodie kaki clair DIRAC de chez FAGUO s\u2019impose comme une pi\u00e8ce incontournable pour un look \u00e0 la fois sportif et d\u00e9contract\u00e9.<\/p>\n<p>Inspir\u00e9 de l&#8217;univers du streetwear, ce\u00a0<a href=\"https:\/\/www.faguo-store.com\/fr\/434-sweats-a-capuche?_gl=1*1i19t37*_up*MQ..*_ga*NzY5MjM1OTg5LjE3NDA2NjI1MTU.*_ga_2MTWEVNZ4D*MTc0MDY2MjUxNS4xLjAuMTc0MDY2MjUxNS4wLjAuNDc5MTcwMzk2\">sweat \u00e0 capuche homme<\/a>\u00a0joue la carte du confort avec un molleton gratt\u00e9 ultra-doux \u00e0 l&#8217;int\u00e9rieur, pens\u00e9 pour t&#8217;accompagner partout, en ville ou lors d\u2019une escapade en pleine nature.<\/p>\n<p>Ses cordons color\u00e9s contrastants ajoutent une touche dynamique qui casse la sobri\u00e9t\u00e9 du kaki clair, tandis que le logo arbre en feutre appos\u00e9 discr\u00e8tement affirme l&#8217;engagement \u00e9coresponsable de FAGUO. La coupe est ample sans \u00eatre trop large, id\u00e9ale pour superposer sur un t-shirt ou un polo.<\/p>\n<p>Certifi\u00e9 OEKO-TEX\u00ae 100, ce hoodie kaki clair garantit une confection respectueuse de ta peau et de l&#8217;environnement. Un alli\u00e9 parfait pour toutes les saisons, \u00e0 enfiler apr\u00e8s une session de v\u00e9lo ou pour chiller en toute simplicit\u00e9.<\/p>\n<div class=\"product-nav-details\">\n<div id=\"product-description-short\" class=\"product-additional-info first-section-add-info\">\n<div id=\"accordion-prod-details\">\n<div class=\"acc-card\">\n<div id=\"collapse-details-0\" class=\"collapse show\" aria-labelledby=\"details-0\" data-parent=\"#accordion-prod-details\">\n<div class=\"acc-card-body\">\n<p>68% coton dont 26% recycl\u00e9, 32% polyester (100% recycl\u00e9)<\/p>\n<\/div>\n<\/div>\n<\/div>\n<\/div>\n<\/div>\n<\/div>\n","protected":false},"excerpt":{"rendered":"<p>Le hoodie kaki clair DIRAC de chez FAGUO s\u2019impose comme une pi\u00e8ce incontournable pour un look \u00e0 la fois sportif et d\u00e9contract\u00e9. Inspir\u00e9 de l&#8217;univers du streetwear, ce\u00a0sweat \u00e0 capuche homme\u00a0joue la carte du confort avec un molleton gratt\u00e9 ultra-doux \u00e0 l&#8217;int\u00e9rieur, pens\u00e9 pour t&#8217;accompagner partout, en ville ou lors d\u2019une escapade en pleine nature. [&hellip;]<\/p>\n","protected":false},"featured_media":2059289,"comment_status":"open","ping_status":"closed","template":"","meta":[],"product_brand":[7128],"product_cat":[1756,1758],"product_tag":[1810],"acf":[],"_links":{"self":[{"href":"https:\/\/streetmarkets.fr\/app\/wp-json\/wp\/v2\/product\/2059288"}],"collection":[{"href":"https:\/\/streetmarkets.fr\/app\/wp-json\/wp\/v2\/product"}],"about":[{"href":"https:\/\/streetmarkets.fr\/app\/wp-json\/wp\/v2\/types\/product"}],"replies":[{"embeddable":true,"href":"https:\/\/streetmarkets.fr\/app\/wp-json\/wp\/v2\/comments?post=2059288"}],"wp:featuredmedia":[{"embeddable":true,"href":"https:\/\/streetmarkets.fr\/app\/wp-json\/wp\/v2\/media\/2059289"}],"wp:attachment":[{"href":"https:\/\/streetmarkets.fr\/app\/wp-json\/wp\/v2\/media?parent=2059288"}],"wp:term":[{"taxonomy":"product_brand","embeddable":true,"href":"https:\/\/streetmarkets.fr\/app\/wp-json\/wp\/v2\/product_brand?post=2059288"},{"taxonomy":"product_cat","embeddable":true,"href":"https:\/\/streetmarkets.fr\/app\/wp-json\/wp\/v2\/product_cat?post=2059288"},{"taxonomy":"product_tag","embeddable":true,"href":"https:\/\/streetmarkets.fr\/app\/wp-json\/wp\/v2\/product_tag?post=2059288"}],"curies":[{"name":"wp","href":"https:\/\/api.w.org\/{rel}","templated":true}]}}