{"id":2052951,"date":"2025-06-14T02:10:11","date_gmt":"2025-06-14T00:10:11","guid":{"rendered":"https:\/\/streetmarkets.fr\/app\/produit\/nouveau-mother-t-shirt-the-sinful-tee-bright-white-beamin-precommande\/"},"modified":"2026-05-06T01:59:35","modified_gmt":"2026-05-05T23:59:35","slug":"nouveau-mother-t-shirt-the-sinful-tee-bright-white-beamin-precommande","status":"publish","type":"product","link":"https:\/\/streetmarkets.fr\/app\/produit\/nouveau-mother-t-shirt-the-sinful-tee-bright-white-beamin-precommande\/","title":{"rendered":"MOTHER T-shirt The Sinful Tee Bright White Beamin -30%"},"content":{"rendered":"<p data-rte-preserve-empty=\"true\">T-shirt \u00e0 motif en coton et lin, coupe ample, doux et souple, encolure arrondie et manches courtes. Tout mignon !<\/p>\n<p data-rte-preserve-empty=\"true\">D\u00e9tail : 100% coton <\/p>\n<p data-rte-preserve-empty=\"true\">Fabriqu\u00e9 \u00e0 Los Angeles<\/p>\n","protected":false},"excerpt":{"rendered":"<p>T-shirt \u00e0 motif en coton et lin, coupe ample, doux et souple, encolure arrondie et manches courtes. Tout mignon ! D\u00e9tail : 100% coton Fabriqu\u00e9 \u00e0 Los Angeles<\/p>\n","protected":false},"featured_media":2052952,"comment_status":"open","ping_status":"closed","template":"","meta":[],"product_brand":[],"product_cat":[1756,1762],"product_tag":[2244],"acf":[],"_links":{"self":[{"href":"https:\/\/streetmarkets.fr\/app\/wp-json\/wp\/v2\/product\/2052951"}],"collection":[{"href":"https:\/\/streetmarkets.fr\/app\/wp-json\/wp\/v2\/product"}],"about":[{"href":"https:\/\/streetmarkets.fr\/app\/wp-json\/wp\/v2\/types\/product"}],"replies":[{"embeddable":true,"href":"https:\/\/streetmarkets.fr\/app\/wp-json\/wp\/v2\/comments?post=2052951"}],"wp:featuredmedia":[{"embeddable":true,"href":"https:\/\/streetmarkets.fr\/app\/wp-json\/wp\/v2\/media\/2052952"}],"wp:attachment":[{"href":"https:\/\/streetmarkets.fr\/app\/wp-json\/wp\/v2\/media?parent=2052951"}],"wp:term":[{"taxonomy":"product_brand","embeddable":true,"href":"https:\/\/streetmarkets.fr\/app\/wp-json\/wp\/v2\/product_brand?post=2052951"},{"taxonomy":"product_cat","embeddable":true,"href":"https:\/\/streetmarkets.fr\/app\/wp-json\/wp\/v2\/product_cat?post=2052951"},{"taxonomy":"product_tag","embeddable":true,"href":"https:\/\/streetmarkets.fr\/app\/wp-json\/wp\/v2\/product_tag?post=2052951"}],"curies":[{"name":"wp","href":"https:\/\/api.w.org\/{rel}","templated":true}]}}