{"id":2052916,"date":"2025-06-14T02:09:39","date_gmt":"2025-06-14T00:09:39","guid":{"rendered":"https:\/\/streetmarkets.fr\/app\/produit\/nouveau-xirena-chemise-beau-toffee-stripe-precommande\/"},"modified":"2026-02-11T01:03:48","modified_gmt":"2026-02-11T00:03:48","slug":"nouveau-xirena-chemise-beau-toffee-stripe-precommande","status":"publish","type":"product","link":"https:\/\/streetmarkets.fr\/app\/produit\/nouveau-xirena-chemise-beau-toffee-stripe-precommande\/","title":{"rendered":"XIRENA Chemise Beau Toffee Stripe -40%"},"content":{"rendered":"<p data-rte-preserve-empty=\"true\">Chemise en coton \u00e0 rayures, coupe ample et droite, manches longues et poignets resserr\u00e9s. Souple, ultra douce et \u00e9l\u00e9gante. \u00c9galement disponible dans la couleur Cascade Stripe.<\/p>\n<p data-rte-preserve-empty=\"true\">D\u00e9tail : 100% coton<\/p>\n","protected":false},"excerpt":{"rendered":"<p>Chemise en coton \u00e0 rayures, coupe ample et droite, manches longues et poignets resserr\u00e9s. Souple, ultra douce et \u00e9l\u00e9gante. \u00c9galement disponible dans la couleur Cascade Stripe. D\u00e9tail : 100% coton<\/p>\n","protected":false},"featured_media":2052917,"comment_status":"open","ping_status":"closed","template":"","meta":[],"product_brand":[],"product_cat":[1756,1762],"product_tag":[2244],"acf":[],"_links":{"self":[{"href":"https:\/\/streetmarkets.fr\/app\/wp-json\/wp\/v2\/product\/2052916"}],"collection":[{"href":"https:\/\/streetmarkets.fr\/app\/wp-json\/wp\/v2\/product"}],"about":[{"href":"https:\/\/streetmarkets.fr\/app\/wp-json\/wp\/v2\/types\/product"}],"replies":[{"embeddable":true,"href":"https:\/\/streetmarkets.fr\/app\/wp-json\/wp\/v2\/comments?post=2052916"}],"wp:featuredmedia":[{"embeddable":true,"href":"https:\/\/streetmarkets.fr\/app\/wp-json\/wp\/v2\/media\/2052917"}],"wp:attachment":[{"href":"https:\/\/streetmarkets.fr\/app\/wp-json\/wp\/v2\/media?parent=2052916"}],"wp:term":[{"taxonomy":"product_brand","embeddable":true,"href":"https:\/\/streetmarkets.fr\/app\/wp-json\/wp\/v2\/product_brand?post=2052916"},{"taxonomy":"product_cat","embeddable":true,"href":"https:\/\/streetmarkets.fr\/app\/wp-json\/wp\/v2\/product_cat?post=2052916"},{"taxonomy":"product_tag","embeddable":true,"href":"https:\/\/streetmarkets.fr\/app\/wp-json\/wp\/v2\/product_tag?post=2052916"}],"curies":[{"name":"wp","href":"https:\/\/api.w.org\/{rel}","templated":true}]}}