{"id":2052863,"date":"2025-06-14T02:09:04","date_gmt":"2025-06-14T00:09:04","guid":{"rendered":"https:\/\/streetmarkets.fr\/app\/produit\/nouveau-mother-jean-the-patch-pocket-undercover-sneak-cats-and-dogs-precommande\/"},"modified":"2026-04-25T01:59:40","modified_gmt":"2026-04-24T23:59:40","slug":"nouveau-mother-jean-the-patch-pocket-undercover-sneak-cats-and-dogs-precommande","status":"publish","type":"product","link":"https:\/\/streetmarkets.fr\/app\/produit\/nouveau-mother-jean-the-patch-pocket-undercover-sneak-cats-and-dogs-precommande\/","title":{"rendered":"MOTHER Jean The Patch Pocket Undercover Sneak Cats And Dogs -50%"},"content":{"rendered":"<p data-rte-preserve-empty=\"true\">Le jean Patch Pocket Undercover dans le wash Cats And Dogs, jean taille haute, coupe flare jambe \u00e9vas\u00e9e, deux poches plaqu\u00e9es devant et dos, coton souple et confortable.<\/p>\n<p data-rte-preserve-empty=\"true\">D\u00e9tail : 60% coton, 37% lyocell, 3% \u00e9lasthanne<\/p>\n<p data-rte-preserve-empty=\"true\">Fabriqu\u00e9 \u00e0 Los Angeles<\/p>\n","protected":false},"excerpt":{"rendered":"<p>Le jean Patch Pocket Undercover dans le wash Cats And Dogs, jean taille haute, coupe flare jambe \u00e9vas\u00e9e, deux poches plaqu\u00e9es devant et dos, coton souple et confortable. D\u00e9tail : 60% coton, 37% lyocell, 3% \u00e9lasthanne Fabriqu\u00e9 \u00e0 Los Angeles<\/p>\n","protected":false},"featured_media":2052864,"comment_status":"open","ping_status":"closed","template":"","meta":[],"product_brand":[],"product_cat":[1756,1762],"product_tag":[2244],"acf":[],"_links":{"self":[{"href":"https:\/\/streetmarkets.fr\/app\/wp-json\/wp\/v2\/product\/2052863"}],"collection":[{"href":"https:\/\/streetmarkets.fr\/app\/wp-json\/wp\/v2\/product"}],"about":[{"href":"https:\/\/streetmarkets.fr\/app\/wp-json\/wp\/v2\/types\/product"}],"replies":[{"embeddable":true,"href":"https:\/\/streetmarkets.fr\/app\/wp-json\/wp\/v2\/comments?post=2052863"}],"wp:featuredmedia":[{"embeddable":true,"href":"https:\/\/streetmarkets.fr\/app\/wp-json\/wp\/v2\/media\/2052864"}],"wp:attachment":[{"href":"https:\/\/streetmarkets.fr\/app\/wp-json\/wp\/v2\/media?parent=2052863"}],"wp:term":[{"taxonomy":"product_brand","embeddable":true,"href":"https:\/\/streetmarkets.fr\/app\/wp-json\/wp\/v2\/product_brand?post=2052863"},{"taxonomy":"product_cat","embeddable":true,"href":"https:\/\/streetmarkets.fr\/app\/wp-json\/wp\/v2\/product_cat?post=2052863"},{"taxonomy":"product_tag","embeddable":true,"href":"https:\/\/streetmarkets.fr\/app\/wp-json\/wp\/v2\/product_tag?post=2052863"}],"curies":[{"name":"wp","href":"https:\/\/api.w.org\/{rel}","templated":true}]}}