{"id":2052745,"date":"2025-06-14T02:03:51","date_gmt":"2025-06-14T00:03:51","guid":{"rendered":"https:\/\/streetmarkets.fr\/app\/produit\/lunettes-de-soleil-crush-sun-collection-capsule-ete-2025-izipizi\/"},"modified":"2026-05-13T02:01:12","modified_gmt":"2026-05-13T00:01:12","slug":"lunettes-de-soleil-crush-sun-collection-capsule-ete-2025-izipizi","status":"publish","type":"product","link":"https:\/\/streetmarkets.fr\/app\/produit\/lunettes-de-soleil-crush-sun-collection-capsule-ete-2025-izipizi\/","title":{"rendered":"Lunettes de soleil #Crush Sun &#8211; Collection Capsule \u00c9t\u00e9 2025 &#8211; Izipizi"},"content":{"rendered":"<h2>\n<span><\/span>Lunettes de soleil #Crush Sun &#8211; Collection Capsule \u00c9t\u00e9 2025 &#8211; Izipizi<br \/>\n<\/h2>\n<p><img decoding=\"async\" alt=\"\" src=\"https:\/\/cdn.shopify.com\/s\/files\/1\/0593\/7093\/0335\/files\/Izipizi-logo_480x480.jpg?v=1677943246\"><img decoding=\"async\" alt=\"\" src=\"https:\/\/cdn.shopify.com\/s\/files\/1\/0593\/7093\/0335\/files\/Picto_Mode_Textile_480x480.jpg?v=1677763747\"><img decoding=\"async\" alt=\"\" src=\"https:\/\/cdn.shopify.com\/s\/files\/1\/0593\/7093\/0335\/files\/Picto_Temps_Libre_et_Voyage_480x480.jpg?v=1677763747\"><\/p>\n<p data-start=\"230\" data-end=\"594\">Irr\u00e9sistibles et audacieuses, les lunettes #CRUSH sign\u00e9es Izipizi sont la nouveaut\u00e9 solaire en \u00e9dition limit\u00e9e de l\u2019\u00e9t\u00e9. Inspir\u00e9e des \u00e9motions fortes et des rencontres estivales, cette monture rectangulaire \u00e0 l\u2019\u00e9quilibre parfait entre lignes franches et courbes douces se d\u00e9cline en trois teintes intenses et assum\u00e9es : Vampire Kiss, Violet Vortex et Skyline Blue.<\/p>\n<p data-start=\"596\" data-end=\"833\">Confortables, styl\u00e9es et mixtes, elles prot\u00e8gent efficacement les yeux avec leurs verres de cat\u00e9gorie 3 anti-UV. Une monture statement \u00e0 adopter tout l\u2019\u00e9t\u00e9, en ville comme en vacances, pour ajouter une touche de caract\u00e8re \u00e0 chaque tenue.<\/p>\n<p data-start=\"777\" data-end=\"807\"><strong>\u2728 Pourquoi les adopter ?<br \/><\/strong>\ud83c\udf1e Mod\u00e8le \u00e9dition limit\u00e9e : Design in\u00e9dit en s\u00e9rie capsule<br \/>\ud83d\ude0e Style affirm\u00e9 et courbes \u00e9quilibr\u00e9es : Lignes larges &amp; look tendance<br \/>\ud83c\udfa8 Trois coloris intenses : Violet Vortex, Skyline Blue, Vampire Kiss<br \/>\ud83c\udf2c\ufe0f Confort et l\u00e9g\u00e8ret\u00e9 : Monture biosourc\u00e9e, adapt\u00e9e \u00e0 toutes les morphologies<br \/>\ud83d\udd76\ufe0f Protection solaire optimale : Verres cat\u00e9gorie 3, 100 % anti-UV<br \/>\ud83d\udc65 Universel &amp; unisexe : Parfait pour tous les visages<\/p>\n<p data-start=\"1197\" data-end=\"1243\"><strong>\ud83d\udee1\ufe0f Protection solaire &amp; qualit\u00e9 optique<br \/><\/strong>Les lunettes de soleil Izipizi #Crush sont dot\u00e9es de verres solaires de cat\u00e9gorie 3, qui filtrent 100 % des rayons UV (UVA et UVB). Ce niveau de protection est recommand\u00e9 pour les expositions en pleine lumi\u00e8re, tout en assurant un bon confort visuel et une r\u00e9duction significative de l\u2019\u00e9blouissement.<\/p>\n<p data-start=\"1580\" data-end=\"1598\"><strong>\ud83e\uddfc Entretien<\/strong><br \/>Nettoyer les verres avec un chiffon doux non abrasif. Ranger les lunettes dans leur \u00e9tui pour \u00e9viter les rayures. Ne pas exposer \u00e0 la chaleur extr\u00eame.<\/p>\n<h3>IZIPIZI<br \/>\n<\/h3>\n<p>Izipizi est une marque parisienne cr\u00e9\u00e9e en 2010 par trois amis d&#8217;enfance pour toute la famille. Elle propose des montures tendances, des solaires, des lunettes aux traitement anti-lumi\u00e8re bleue et pour le sommeil. Leurs mod\u00e8les sont designs, intemporels, l\u00e9g\u00e8res et abordables. Ils s&#8217;engagent \u00e0 r\u00e9duire leur impact sur la plan\u00e8te \u00e0 travers la qualit\u00e9 des mat\u00e9riaux, des produits biosourc\u00e9s et des alternatives innovantes.<\/p>\n<h3>INFORMATIONS<\/h3>\n<div>Type : lunettes de soleil unisexe<br \/>Forme : rectangulaire (mod\u00e8le #CRUSH)<br data-start=\"2293\" data-end=\"2296\">Verres solaires cat\u00e9gorie 3, Protection 100% UV<br data-start=\"2334\" data-end=\"2337\">Monture biosourc\u00e9e (45 % d\u2019huile de ricin)<br data-start=\"2379\" data-end=\"2382\">Coloris disponibles : Vampire Kiss, Violet Vortex, Skyline Blue<br \/>\u00c9dition limit\u00e9e : Design in\u00e9dit en s\u00e9rie capsule<br data-start=\"2439\" data-end=\"2442\">Accessoire : pochette de rangement incluse<br data-start=\"2359\" data-end=\"2362\">Ce mod\u00e8le r\u00e9pond aux normes europ\u00e9ennes relatives aux lunettes pr\u00e9mont\u00e9es (NF EN 14139) et aux normes internationales relatives aux lunettes de protection solaire (ISO 12312-1)<\/div>\n","protected":false},"excerpt":{"rendered":"<p>Lunettes de soleil #Crush Sun &#8211; Collection Capsule \u00c9t\u00e9 2025 &#8211; Izipizi Irr\u00e9sistibles et audacieuses, les lunettes #CRUSH sign\u00e9es Izipizi sont la nouveaut\u00e9 solaire en \u00e9dition limit\u00e9e de l\u2019\u00e9t\u00e9. Inspir\u00e9e des \u00e9motions fortes et des rencontres estivales, cette monture rectangulaire \u00e0 l\u2019\u00e9quilibre parfait entre lignes franches et courbes douces se d\u00e9cline en trois teintes intenses [&hellip;]<\/p>\n","protected":false},"featured_media":2052746,"comment_status":"open","ping_status":"closed","template":"","meta":[],"product_brand":[7129],"product_cat":[1756,1764],"product_tag":[1810],"acf":[],"_links":{"self":[{"href":"https:\/\/streetmarkets.fr\/app\/wp-json\/wp\/v2\/product\/2052745"}],"collection":[{"href":"https:\/\/streetmarkets.fr\/app\/wp-json\/wp\/v2\/product"}],"about":[{"href":"https:\/\/streetmarkets.fr\/app\/wp-json\/wp\/v2\/types\/product"}],"replies":[{"embeddable":true,"href":"https:\/\/streetmarkets.fr\/app\/wp-json\/wp\/v2\/comments?post=2052745"}],"wp:featuredmedia":[{"embeddable":true,"href":"https:\/\/streetmarkets.fr\/app\/wp-json\/wp\/v2\/media\/2052746"}],"wp:attachment":[{"href":"https:\/\/streetmarkets.fr\/app\/wp-json\/wp\/v2\/media?parent=2052745"}],"wp:term":[{"taxonomy":"product_brand","embeddable":true,"href":"https:\/\/streetmarkets.fr\/app\/wp-json\/wp\/v2\/product_brand?post=2052745"},{"taxonomy":"product_cat","embeddable":true,"href":"https:\/\/streetmarkets.fr\/app\/wp-json\/wp\/v2\/product_cat?post=2052745"},{"taxonomy":"product_tag","embeddable":true,"href":"https:\/\/streetmarkets.fr\/app\/wp-json\/wp\/v2\/product_tag?post=2052745"}],"curies":[{"name":"wp","href":"https:\/\/api.w.org\/{rel}","templated":true}]}}