{"id":2052374,"date":"2025-06-13T08:43:28","date_gmt":"2025-06-13T06:43:28","guid":{"rendered":"https:\/\/streetmarkets.fr\/app\/produit\/choker-apatite-verte-tourmaline-hanka-in\/"},"modified":"2026-05-10T08:38:22","modified_gmt":"2026-05-10T06:38:22","slug":"choker-apatite-verte-tourmaline-hanka-in","status":"publish","type":"product","link":"https:\/\/streetmarkets.fr\/app\/produit\/choker-apatite-verte-tourmaline-hanka-in\/","title":{"rendered":"Chocker Prism apatite verte \/ tourmaline &#8211; Hanka in"},"content":{"rendered":"<p>Chocker dor\u00e9 \u00e0 l&#8217;or fin avec alternance de pierres en apatites vertes et tourmalines roses\u00a0 et\u00a0 intercalaires dor\u00e9s \u00e0 l&#8217;or fin.\u00a0<\/p>\n<p>Longueur totale : 44,5 cm<\/p>\n<p><strong>Cr\u00e9atrice fran\u00e7aise Hanka In<\/strong>, les mod\u00e8les sont dessin\u00e9s et fabriqu\u00e9s en France.<\/p>\n","protected":false},"excerpt":{"rendered":"<p>Chocker dor\u00e9 \u00e0 l&#8217;or fin avec alternance de pierres en apatites vertes et tourmalines roses\u00a0 et\u00a0 intercalaires dor\u00e9s \u00e0 l&#8217;or fin.\u00a0 Longueur totale : 44,5 cm Cr\u00e9atrice fran\u00e7aise Hanka In, les mod\u00e8les sont dessin\u00e9s et fabriqu\u00e9s en France.<\/p>\n","protected":false},"featured_media":2052375,"comment_status":"open","ping_status":"closed","template":"","meta":[],"product_brand":[],"product_cat":[1807,1756],"product_tag":[2244],"acf":[],"_links":{"self":[{"href":"https:\/\/streetmarkets.fr\/app\/wp-json\/wp\/v2\/product\/2052374"}],"collection":[{"href":"https:\/\/streetmarkets.fr\/app\/wp-json\/wp\/v2\/product"}],"about":[{"href":"https:\/\/streetmarkets.fr\/app\/wp-json\/wp\/v2\/types\/product"}],"replies":[{"embeddable":true,"href":"https:\/\/streetmarkets.fr\/app\/wp-json\/wp\/v2\/comments?post=2052374"}],"wp:featuredmedia":[{"embeddable":true,"href":"https:\/\/streetmarkets.fr\/app\/wp-json\/wp\/v2\/media\/2052375"}],"wp:attachment":[{"href":"https:\/\/streetmarkets.fr\/app\/wp-json\/wp\/v2\/media?parent=2052374"}],"wp:term":[{"taxonomy":"product_brand","embeddable":true,"href":"https:\/\/streetmarkets.fr\/app\/wp-json\/wp\/v2\/product_brand?post=2052374"},{"taxonomy":"product_cat","embeddable":true,"href":"https:\/\/streetmarkets.fr\/app\/wp-json\/wp\/v2\/product_cat?post=2052374"},{"taxonomy":"product_tag","embeddable":true,"href":"https:\/\/streetmarkets.fr\/app\/wp-json\/wp\/v2\/product_tag?post=2052374"}],"curies":[{"name":"wp","href":"https:\/\/api.w.org\/{rel}","templated":true}]}}