{"id":2052363,"date":"2025-06-13T08:43:27","date_gmt":"2025-06-13T06:43:27","guid":{"rendered":"https:\/\/streetmarkets.fr\/app\/produit\/short-tie-and-dye-achar-laurence-bras\/"},"modified":"2026-05-03T08:38:33","modified_gmt":"2026-05-03T06:38:33","slug":"short-tie-and-dye-achar-laurence-bras","status":"publish","type":"product","link":"https:\/\/streetmarkets.fr\/app\/produit\/short-tie-and-dye-achar-laurence-bras\/","title":{"rendered":"Short tie and dye Achar &#8211; Laurence Bras"},"content":{"rendered":"<\/p>\n<p class=\"p1\" data-mce-fragment=\"1\">Short Achar, taille haute et \u00e9lastiqu\u00e9e \u00e0 la taille avec un tie and dye violet et rouge et de grandes poches lat\u00e9rales.\u00a0<\/p>\n","protected":false},"excerpt":{"rendered":"<p>Short Achar, taille haute et \u00e9lastiqu\u00e9e \u00e0 la taille avec un tie and dye violet et rouge et de grandes poches lat\u00e9rales.\u00a0<\/p>\n","protected":false},"featured_media":2052364,"comment_status":"open","ping_status":"closed","template":"","meta":[],"product_brand":[],"product_cat":[1756,1762],"product_tag":[2244],"acf":[],"_links":{"self":[{"href":"https:\/\/streetmarkets.fr\/app\/wp-json\/wp\/v2\/product\/2052363"}],"collection":[{"href":"https:\/\/streetmarkets.fr\/app\/wp-json\/wp\/v2\/product"}],"about":[{"href":"https:\/\/streetmarkets.fr\/app\/wp-json\/wp\/v2\/types\/product"}],"replies":[{"embeddable":true,"href":"https:\/\/streetmarkets.fr\/app\/wp-json\/wp\/v2\/comments?post=2052363"}],"wp:featuredmedia":[{"embeddable":true,"href":"https:\/\/streetmarkets.fr\/app\/wp-json\/wp\/v2\/media\/2052364"}],"wp:attachment":[{"href":"https:\/\/streetmarkets.fr\/app\/wp-json\/wp\/v2\/media?parent=2052363"}],"wp:term":[{"taxonomy":"product_brand","embeddable":true,"href":"https:\/\/streetmarkets.fr\/app\/wp-json\/wp\/v2\/product_brand?post=2052363"},{"taxonomy":"product_cat","embeddable":true,"href":"https:\/\/streetmarkets.fr\/app\/wp-json\/wp\/v2\/product_cat?post=2052363"},{"taxonomy":"product_tag","embeddable":true,"href":"https:\/\/streetmarkets.fr\/app\/wp-json\/wp\/v2\/product_tag?post=2052363"}],"curies":[{"name":"wp","href":"https:\/\/api.w.org\/{rel}","templated":true}]}}