{"id":2050521,"date":"2025-06-13T01:39:55","date_gmt":"2025-06-12T23:39:55","guid":{"rendered":"https:\/\/streetmarkets.fr\/app\/produit\/haut-vert-plume\/"},"modified":"2026-05-01T01:39:29","modified_gmt":"2026-04-30T23:39:29","slug":"haut-vert-plume","status":"publish","type":"product","link":"https:\/\/streetmarkets.fr\/app\/produit\/haut-vert-plume\/","title":{"rendered":"HAUT VERT PLUME"},"content":{"rendered":"<p>HAUT VERT COL ROND \u00c0 PLUME. FABRIQU\u00c9 EN ITALIE. DSQUARED2.\u00a0<\/p>\n<p>COMPOSITION : 65% LAINE VIERGE 35% SOIE\u00a0<\/p>\n<p>TAILLE \u00c9TIQUETTE : 38 IT<\/p>\n<p>(VOIR LES MESURES \u00c0 PLAT)<\/p>\n<p>VOUS POUVEZ VENIR ESSAYER CETTE PI\u00c8CE DANS UNE DE NOS BOUTIQUES SITU\u00c9ES \u00c0 PARIS.\u00a0<\/p>\n<p>MESURES \u00c0 PLAT : CARRURE 32CM POITRINE 40CM LONGUEUR 60CM<\/p>\n<p>CONDITIONS :\u00a0PARFAIT \u00c9TAT<\/p>\n<p>N&#8217;OUBLIEZ PAS QU&#8217;IL S&#8217;AGIT D&#8217;UNE PI\u00c8CE VINTAGE RARE QUI A SOIGNEUSEMENT \u00c9T\u00c9 S\u00c9LECTIONN\u00c9E. LE TEMPS PEUT PARFOIS LAISSER DES PETITS D\u00c9FAUTS, CE QUI REND LA PI\u00c8CE ENCORE PLUS UNIQUE. MERCI DE L&#8217;AIMER TEL QU&#8217;ELLE EST &lt;3<\/p>\n","protected":false},"excerpt":{"rendered":"<p>HAUT VERT COL ROND \u00c0 PLUME. FABRIQU\u00c9 EN ITALIE. DSQUARED2.\u00a0 COMPOSITION : 65% LAINE VIERGE 35% SOIE\u00a0 TAILLE \u00c9TIQUETTE : 38 IT (VOIR LES MESURES \u00c0 PLAT) VOUS POUVEZ VENIR ESSAYER CETTE PI\u00c8CE DANS UNE DE NOS BOUTIQUES SITU\u00c9ES \u00c0 PARIS.\u00a0 MESURES \u00c0 PLAT : CARRURE 32CM POITRINE 40CM LONGUEUR 60CM CONDITIONS :\u00a0PARFAIT \u00c9TAT N&#8217;OUBLIEZ [&hellip;]<\/p>\n","protected":false},"featured_media":2050522,"comment_status":"open","ping_status":"closed","template":"","meta":[],"product_brand":[],"product_cat":[1756,1758],"product_tag":[2122],"acf":[],"_links":{"self":[{"href":"https:\/\/streetmarkets.fr\/app\/wp-json\/wp\/v2\/product\/2050521"}],"collection":[{"href":"https:\/\/streetmarkets.fr\/app\/wp-json\/wp\/v2\/product"}],"about":[{"href":"https:\/\/streetmarkets.fr\/app\/wp-json\/wp\/v2\/types\/product"}],"replies":[{"embeddable":true,"href":"https:\/\/streetmarkets.fr\/app\/wp-json\/wp\/v2\/comments?post=2050521"}],"wp:featuredmedia":[{"embeddable":true,"href":"https:\/\/streetmarkets.fr\/app\/wp-json\/wp\/v2\/media\/2050522"}],"wp:attachment":[{"href":"https:\/\/streetmarkets.fr\/app\/wp-json\/wp\/v2\/media?parent=2050521"}],"wp:term":[{"taxonomy":"product_brand","embeddable":true,"href":"https:\/\/streetmarkets.fr\/app\/wp-json\/wp\/v2\/product_brand?post=2050521"},{"taxonomy":"product_cat","embeddable":true,"href":"https:\/\/streetmarkets.fr\/app\/wp-json\/wp\/v2\/product_cat?post=2050521"},{"taxonomy":"product_tag","embeddable":true,"href":"https:\/\/streetmarkets.fr\/app\/wp-json\/wp\/v2\/product_tag?post=2050521"}],"curies":[{"name":"wp","href":"https:\/\/api.w.org\/{rel}","templated":true}]}}