{"id":2049936,"date":"2025-06-12T06:53:27","date_gmt":"2025-06-12T04:53:27","guid":{"rendered":"https:\/\/streetmarkets.fr\/app\/produit\/f691-gleason\/"},"modified":"2026-03-16T05:48:16","modified_gmt":"2026-03-16T04:48:16","slug":"f691-gleason","status":"publish","type":"product","link":"https:\/\/streetmarkets.fr\/app\/produit\/f691-gleason\/","title":{"rendered":"F691 GLEASON"},"content":{"rendered":"<p dir=\"auto\">D\u00e9couvrez le sac \u00e0 dos messenger\u00a0<strong>F691 GLEASON<\/strong>\u00a0de <strong>FREITAG<\/strong>, issu de la collection <strong>REFLECTED BAGS<\/strong>.\u00a0Ce sac <strong>grand format au design \u00e9pur\u00e9<\/strong> est l&#8217;alli\u00e9 id\u00e9al pour vos longs trajets, gr\u00e2ce \u00e0 son volume variable et \u00e0 sa polyvalence.<\/p>\n<p dir=\"auto\">Le F691 GLEASON est fabriqu\u00e9 \u00e0 partir d&#8217;un <strong>tissu hydrofuge\u00a0<\/strong><span><strong>R-PET<\/strong> (PET Recycl\u00e9)<\/span>. Son compartiment principal extensible, dot\u00e9 d&#8217;une fermeture \u00e0 scratch et d&#8217;une boucle en G, offre un <strong>espace de rangement s\u00e9curis\u00e9 et modulable<\/strong>. Un compartiment sp\u00e9cialement con\u00e7u pour votre laptop, rembourr\u00e9 et avec fermeture \u00e0 glissi\u00e8re au dos, prot\u00e8ge vos appareils \u00e9lectroniques.<\/p>\n<p dir=\"auto\"><strong>Chaque exemplaire est unique<\/strong> gr\u00e2ce \u00e0 la pochette avant en b\u00e2che de camion usag\u00e9e, ajoutant une touche distinctive \u00e0 votre sac. Une boucle int\u00e9gr\u00e9e pour attacher vos cl\u00e9s, r\u00e9alis\u00e9e dans la m\u00eame b\u00e2che, et des <strong>r\u00e9flecteurs recycl\u00e9s<\/strong> de bandes r\u00e9fl\u00e9chissantes de silhouettage de camion augmentent la visibilit\u00e9 et la s\u00e9curit\u00e9, notamment dans la nuit.<\/p>\n<p dir=\"auto\">Le sac dispose de <strong>deux grands compartiments int\u00e9rieurs<\/strong> avec rabat \u00e0 scratch, de bretelles r\u00e9glables l\u00e9g\u00e8rement rembourr\u00e9es avec attache pour antivol, et d&#8217;une anse ext\u00e9rieure en ceinture de s\u00e9curit\u00e9 d\u00e9class\u00e9e. Deux sangles r\u00e9glables au fond du sac permettent de transporter des objets encombrants, tandis qu&#8217;un compartiment lat\u00e9ral avec fermeture \u00e0 glissi\u00e8re et une poche lat\u00e9rale pour gourde ajoutent \u00e0 sa fonctionnalit\u00e9.<\/p>\n<p dir=\"auto\">Con\u00e7u pour \u00eatre <strong>facilement r\u00e9parable gr\u00e2ce \u00e0 sa structure modulaire<\/strong>, le F691 GLEASON est fabriqu\u00e9 \u00e0 partir de <strong>mat\u00e9riaux durables<\/strong> pour vous accompagner pendant de nombreuses ann\u00e9es. Prenez soin de votre sac Freitag et profitez d&#8217;une amiti\u00e9 durable. Visitez notre boutique Harold pour d\u00e9couvrir ce sac et toute la collection <strong>REFLECTED BAGS <\/strong>de<strong>\u00a0FREITAG.<\/strong><\/p>\n<ul>\n<li dir=\"auto\">\n<strong>Dimensions :\u00a0 \u00a0<br \/><\/strong>&#8211; Millim\u00e8tres : 310\u00d7160\u00d7470 (L\u00d7W\u00d7H)<br \/>&#8211; Inch : 12.2\u00d76.3\u00d718.5 (L\u00d7W\u00d7H)<\/li>\n<li dir=\"auto\">\n<strong>Poids :\u00a0<\/strong>1695g\u00a0<strong> \u00a0<\/strong>\n<\/li>\n<li dir=\"auto\">\n<strong>Volume : <\/strong>22L<\/li>\n<\/ul>\n","protected":false},"excerpt":{"rendered":"<p>D\u00e9couvrez le sac \u00e0 dos messenger\u00a0F691 GLEASON\u00a0de FREITAG, issu de la collection REFLECTED BAGS.\u00a0Ce sac grand format au design \u00e9pur\u00e9 est l&#8217;alli\u00e9 id\u00e9al pour vos longs trajets, gr\u00e2ce \u00e0 son volume variable et \u00e0 sa polyvalence. Le F691 GLEASON est fabriqu\u00e9 \u00e0 partir d&#8217;un tissu hydrofuge\u00a0R-PET (PET Recycl\u00e9). Son compartiment principal extensible, dot\u00e9 d&#8217;une fermeture [&hellip;]<\/p>\n","protected":false},"featured_media":2049937,"comment_status":"open","ping_status":"closed","template":"","meta":[],"product_brand":[],"product_cat":[1756,1760],"product_tag":[2244],"acf":[],"_links":{"self":[{"href":"https:\/\/streetmarkets.fr\/app\/wp-json\/wp\/v2\/product\/2049936"}],"collection":[{"href":"https:\/\/streetmarkets.fr\/app\/wp-json\/wp\/v2\/product"}],"about":[{"href":"https:\/\/streetmarkets.fr\/app\/wp-json\/wp\/v2\/types\/product"}],"replies":[{"embeddable":true,"href":"https:\/\/streetmarkets.fr\/app\/wp-json\/wp\/v2\/comments?post=2049936"}],"wp:featuredmedia":[{"embeddable":true,"href":"https:\/\/streetmarkets.fr\/app\/wp-json\/wp\/v2\/media\/2049937"}],"wp:attachment":[{"href":"https:\/\/streetmarkets.fr\/app\/wp-json\/wp\/v2\/media?parent=2049936"}],"wp:term":[{"taxonomy":"product_brand","embeddable":true,"href":"https:\/\/streetmarkets.fr\/app\/wp-json\/wp\/v2\/product_brand?post=2049936"},{"taxonomy":"product_cat","embeddable":true,"href":"https:\/\/streetmarkets.fr\/app\/wp-json\/wp\/v2\/product_cat?post=2049936"},{"taxonomy":"product_tag","embeddable":true,"href":"https:\/\/streetmarkets.fr\/app\/wp-json\/wp\/v2\/product_tag?post=2049936"}],"curies":[{"name":"wp","href":"https:\/\/api.w.org\/{rel}","templated":true}]}}