{"id":2049902,"date":"2025-06-12T06:43:38","date_gmt":"2025-06-12T04:43:38","guid":{"rendered":"https:\/\/streetmarkets.fr\/app\/produit\/f655-dixon\/"},"modified":"2026-03-16T05:43:25","modified_gmt":"2026-03-16T04:43:25","slug":"f655-dixon","status":"publish","type":"product","link":"https:\/\/streetmarkets.fr\/app\/produit\/f655-dixon\/","title":{"rendered":"F655 DIXON"},"content":{"rendered":"<p>D\u00e9couvrez le sac bandouli\u00e8re <strong>F655 DIXON<\/strong> issu de la collection\u00a0<strong>REFLECTED BAGS <\/strong>de la marque\u00a0<strong>FREITAG <\/strong>: un mod\u00e8le r\u00e9fl\u00e9chi, recycl\u00e9 et <strong>minimaliste<\/strong>, id\u00e9al pour les personnes toujours en mouvement, notamment les cyclistes nocturnes.<\/p>\n<p>Son compartiment principal, \u00e0 <strong>fermeture \u00e9clair<\/strong>, est con\u00e7u en tissu sans PFC et teint dans la masse, fabriqu\u00e9 \u00e0 partir de PET recycl\u00e9 (R-PET) avec un rev\u00eatement TPU hydrofuge pour prot\u00e9ger vos essentiels. Le compartiment annexe en b\u00e2che de camion usag\u00e9e, \u00e9galement dot\u00e9 d\u2019une fermeture \u00e9clair, ajoute une touche de <strong>praticit\u00e9<\/strong>.<\/p>\n<p>La <strong>bandouli\u00e8re r\u00e9glable<\/strong>, faite de ceinture de s\u00e9curit\u00e9 d\u00e9class\u00e9e, assure un port confortable. Gr\u00e2ce \u00e0 deux r\u00e9flecteurs recycl\u00e9s issus de bandes de silhouettage de camion, votre visibilit\u00e9 est garantie dans l\u2019obscurit\u00e9.<\/p>\n<p>Con\u00e7u pour durer, ce sac est facilement r\u00e9parable et compos\u00e9 \u00e0 64 % de mat\u00e9riaux recycl\u00e9s. Avec le <strong>F-655 Dixon<\/strong>, alliez style, durabilit\u00e9 et fonctionnalit\u00e9 au quotidien !<\/p>\n<ul>\n<li dir=\"auto\">\n<strong>Dimensions :\u00a0 \u00a0<br \/><\/strong>&#8211; Millim\u00e8tres :\u00a0300\u00d780\u00d7160 \u00a0 \u00a0(L\u00d7W\u00d7H)<br \/>&#8211; Inch : 11.8\u00d73.1\u00d76.3 \u00a0 \u00a0(L\u00d7W\u00d7H)<\/li>\n<li dir=\"auto\">\n<strong>Poids : <\/strong>365g\u00a0<strong> \u00a0<\/strong>\n<\/li>\n<li dir=\"auto\">\n<strong>Volume : <\/strong>1L<\/li>\n<\/ul>\n","protected":false},"excerpt":{"rendered":"<p>D\u00e9couvrez le sac bandouli\u00e8re F655 DIXON issu de la collection\u00a0REFLECTED BAGS de la marque\u00a0FREITAG : un mod\u00e8le r\u00e9fl\u00e9chi, recycl\u00e9 et minimaliste, id\u00e9al pour les personnes toujours en mouvement, notamment les cyclistes nocturnes. Son compartiment principal, \u00e0 fermeture \u00e9clair, est con\u00e7u en tissu sans PFC et teint dans la masse, fabriqu\u00e9 \u00e0 partir de PET recycl\u00e9 [&hellip;]<\/p>\n","protected":false},"featured_media":2049903,"comment_status":"open","ping_status":"closed","template":"","meta":[],"product_brand":[],"product_cat":[1756,1760],"product_tag":[2244],"acf":[],"_links":{"self":[{"href":"https:\/\/streetmarkets.fr\/app\/wp-json\/wp\/v2\/product\/2049902"}],"collection":[{"href":"https:\/\/streetmarkets.fr\/app\/wp-json\/wp\/v2\/product"}],"about":[{"href":"https:\/\/streetmarkets.fr\/app\/wp-json\/wp\/v2\/types\/product"}],"replies":[{"embeddable":true,"href":"https:\/\/streetmarkets.fr\/app\/wp-json\/wp\/v2\/comments?post=2049902"}],"wp:featuredmedia":[{"embeddable":true,"href":"https:\/\/streetmarkets.fr\/app\/wp-json\/wp\/v2\/media\/2049903"}],"wp:attachment":[{"href":"https:\/\/streetmarkets.fr\/app\/wp-json\/wp\/v2\/media?parent=2049902"}],"wp:term":[{"taxonomy":"product_brand","embeddable":true,"href":"https:\/\/streetmarkets.fr\/app\/wp-json\/wp\/v2\/product_brand?post=2049902"},{"taxonomy":"product_cat","embeddable":true,"href":"https:\/\/streetmarkets.fr\/app\/wp-json\/wp\/v2\/product_cat?post=2049902"},{"taxonomy":"product_tag","embeddable":true,"href":"https:\/\/streetmarkets.fr\/app\/wp-json\/wp\/v2\/product_tag?post=2049902"}],"curies":[{"name":"wp","href":"https:\/\/api.w.org\/{rel}","templated":true}]}}