{"id":2033938,"date":"2025-06-09T06:54:04","date_gmt":"2025-06-09T04:54:04","guid":{"rendered":"https:\/\/streetmarkets.fr\/app\/produit\/hublot-v-chocolat\/"},"modified":"2026-03-16T05:48:17","modified_gmt":"2026-03-16T04:48:17","slug":"hublot-v-chocolat","status":"publish","type":"product","link":"https:\/\/streetmarkets.fr\/app\/produit\/hublot-v-chocolat\/","title":{"rendered":"Hublot V Chocolat"},"content":{"rendered":"<p dir=\"auto\">D\u00e9couvrez les mules plates <strong>Hublot V Chocolat<\/strong> de <strong>Kleman<\/strong>, disponibles chez <strong>Harold<\/strong>, votre boutique de pr\u00eat-\u00e0-porter homme situ\u00e9e dans le quartier du Marais \u00e0 Paris. Ces mules, <strong>fabriqu\u00e9es en France<\/strong>, allient <strong>\u00e9l\u00e9gance et confort<\/strong> pour un style d\u00e9contract\u00e9 et raffin\u00e9.<\/p>\n<p dir=\"auto\">Les <strong>Hublot V Chocolat<\/strong> se distinguent par leur coloris marron et leur <strong>design intemporel<\/strong>. Fabriqu\u00e9es avec un assemblage soud\u00e9, elles sont con\u00e7ues en cro\u00fbte velours, offrant une <strong>texture douce et luxueuse<\/strong>. La doublure et la semelle int\u00e9rieure en cuir assurent un <strong>confort optimal<\/strong>, tandis que la semelle ext\u00e9rieure en caoutchouc, recycl\u00e9e \u00e0 20%, offre une adh\u00e9rence et une durabilit\u00e9 exceptionnelles.\u00a0Ces mules plates pr\u00e9sentent une fermeture avec <strong>bride \u00e0 boucle<\/strong>, ajoutant une touche <strong>pratique et \u00e9l\u00e9gante<\/strong>. Avec une hauteur de talon de 3 cm, elles sont parfaites pour une allure d\u00e9contract\u00e9e tout en restant sophistiqu\u00e9es.<\/p>\n<p dir=\"auto\">Engag\u00e9e dans une <strong>d\u00e9marche \u00e9co-responsable<\/strong>, Kleman utilise des cuirs europ\u00e9ens issus de tanneries responsables certifi\u00e9es Leather Working Group. La doublure et la premi\u00e8re en cuir sans chrome, ainsi que la semelle en caoutchouc recycl\u00e9, t\u00e9moignent de notre <strong>engagement envers la durabilit\u00e9<\/strong>.<\/p>\n<p dir=\"auto\">Portez les Hublot V Chocolat avec un jean pour un look casual ou associez-les \u00e0 un pantalon en lin pour une allure plus chic. Visitez notre boutique Harold et d\u00e9couvrez ces mules, ainsi que d&#8217;autres <strong>articles tendance pour compl\u00e9ter votre style<\/strong>.<\/p>\n","protected":false},"excerpt":{"rendered":"<p>D\u00e9couvrez les mules plates Hublot V Chocolat de Kleman, disponibles chez Harold, votre boutique de pr\u00eat-\u00e0-porter homme situ\u00e9e dans le quartier du Marais \u00e0 Paris. Ces mules, fabriqu\u00e9es en France, allient \u00e9l\u00e9gance et confort pour un style d\u00e9contract\u00e9 et raffin\u00e9. Les Hublot V Chocolat se distinguent par leur coloris marron et leur design intemporel. Fabriqu\u00e9es [&hellip;]<\/p>\n","protected":false},"featured_media":2033939,"comment_status":"open","ping_status":"closed","template":"","meta":[],"product_brand":[],"product_cat":[1756,1759],"product_tag":[2244],"acf":[],"_links":{"self":[{"href":"https:\/\/streetmarkets.fr\/app\/wp-json\/wp\/v2\/product\/2033938"}],"collection":[{"href":"https:\/\/streetmarkets.fr\/app\/wp-json\/wp\/v2\/product"}],"about":[{"href":"https:\/\/streetmarkets.fr\/app\/wp-json\/wp\/v2\/types\/product"}],"replies":[{"embeddable":true,"href":"https:\/\/streetmarkets.fr\/app\/wp-json\/wp\/v2\/comments?post=2033938"}],"wp:featuredmedia":[{"embeddable":true,"href":"https:\/\/streetmarkets.fr\/app\/wp-json\/wp\/v2\/media\/2033939"}],"wp:attachment":[{"href":"https:\/\/streetmarkets.fr\/app\/wp-json\/wp\/v2\/media?parent=2033938"}],"wp:term":[{"taxonomy":"product_brand","embeddable":true,"href":"https:\/\/streetmarkets.fr\/app\/wp-json\/wp\/v2\/product_brand?post=2033938"},{"taxonomy":"product_cat","embeddable":true,"href":"https:\/\/streetmarkets.fr\/app\/wp-json\/wp\/v2\/product_cat?post=2033938"},{"taxonomy":"product_tag","embeddable":true,"href":"https:\/\/streetmarkets.fr\/app\/wp-json\/wp\/v2\/product_tag?post=2033938"}],"curies":[{"name":"wp","href":"https:\/\/api.w.org\/{rel}","templated":true}]}}