{"id":2033930,"date":"2025-06-09T06:54:03","date_gmt":"2025-06-09T04:54:03","guid":{"rendered":"https:\/\/streetmarkets.fr\/app\/produit\/ballast-vgt\/"},"modified":"2026-03-16T05:48:16","modified_gmt":"2026-03-16T04:48:16","slug":"ballast-vgt","status":"publish","type":"product","link":"https:\/\/streetmarkets.fr\/app\/produit\/ballast-vgt\/","title":{"rendered":"Ballast Vgt"},"content":{"rendered":"<p dir=\"auto\">D\u00e9couvrez les sandales <strong>Ballast VGT<\/strong> de la marque <strong>Kleman<\/strong>, un mod\u00e8le \u00e9l\u00e9gant et robuste, con\u00e7u avec des mat\u00e9riaux de haute qualit\u00e9 et fabriqu\u00e9 en France. Ces sandales allient <strong>confort et style<\/strong>, parfaites pour les journ\u00e9es estivales ou les escapades d\u00e9contract\u00e9es.<\/p>\n<p dir=\"auto\">Les sandales <strong>Ballast VGT <\/strong>se distinguent par leur design crant\u00e9 et leurs brides en cuir noir, offrant une <strong>allure \u00e0 la fois moderne et intemporelle<\/strong>. Elles sont fabriqu\u00e9es \u00e0 partir de cuir europ\u00e9en tann\u00e9 de mani\u00e8re v\u00e9g\u00e9tale dans une tannerie italienne, garantissant une qualit\u00e9 exceptionnelle et une durabilit\u00e9 accrue. Leur semelle ext\u00e9rieure en caoutchouc assure une adh\u00e9rence et une r\u00e9sistance optimales.<\/p>\n<p dir=\"auto\">Pour un <strong>ajustement parfait<\/strong>, il est recommand\u00e9 de prendre la pointure en-dessous de votre taille habituelle. Fabriqu\u00e9es en France, ces sandales sont le fruit d&#8217;un <strong>savoir-faire artisanal<\/strong>, gage de qualit\u00e9 et de confort.<\/p>\n<p dir=\"auto\">Les sandales <strong>Ballast VGT<\/strong> sont id\u00e9ales pour ceux qui recherchent un m\u00e9lange de style et de confort. Portez-les avec un short et un t-shirt pour un <strong>look estival d\u00e9contract\u00e9<\/strong>, ou associez-les \u00e0 un pantalon l\u00e9ger pour une allure plus sophistiqu\u00e9e. D\u00e9couvrez ces sandales et d&#8217;autres articles de notre collection en visitant notre boutique.<\/p>\n","protected":false},"excerpt":{"rendered":"<p>D\u00e9couvrez les sandales Ballast VGT de la marque Kleman, un mod\u00e8le \u00e9l\u00e9gant et robuste, con\u00e7u avec des mat\u00e9riaux de haute qualit\u00e9 et fabriqu\u00e9 en France. Ces sandales allient confort et style, parfaites pour les journ\u00e9es estivales ou les escapades d\u00e9contract\u00e9es. Les sandales Ballast VGT se distinguent par leur design crant\u00e9 et leurs brides en cuir [&hellip;]<\/p>\n","protected":false},"featured_media":2033931,"comment_status":"open","ping_status":"closed","template":"","meta":[],"product_brand":[],"product_cat":[1756,1759],"product_tag":[2244],"acf":[],"_links":{"self":[{"href":"https:\/\/streetmarkets.fr\/app\/wp-json\/wp\/v2\/product\/2033930"}],"collection":[{"href":"https:\/\/streetmarkets.fr\/app\/wp-json\/wp\/v2\/product"}],"about":[{"href":"https:\/\/streetmarkets.fr\/app\/wp-json\/wp\/v2\/types\/product"}],"replies":[{"embeddable":true,"href":"https:\/\/streetmarkets.fr\/app\/wp-json\/wp\/v2\/comments?post=2033930"}],"wp:featuredmedia":[{"embeddable":true,"href":"https:\/\/streetmarkets.fr\/app\/wp-json\/wp\/v2\/media\/2033931"}],"wp:attachment":[{"href":"https:\/\/streetmarkets.fr\/app\/wp-json\/wp\/v2\/media?parent=2033930"}],"wp:term":[{"taxonomy":"product_brand","embeddable":true,"href":"https:\/\/streetmarkets.fr\/app\/wp-json\/wp\/v2\/product_brand?post=2033930"},{"taxonomy":"product_cat","embeddable":true,"href":"https:\/\/streetmarkets.fr\/app\/wp-json\/wp\/v2\/product_cat?post=2033930"},{"taxonomy":"product_tag","embeddable":true,"href":"https:\/\/streetmarkets.fr\/app\/wp-json\/wp\/v2\/product_tag?post=2033930"}],"curies":[{"name":"wp","href":"https:\/\/api.w.org\/{rel}","templated":true}]}}